{"id":578,"date":"2024-12-26T21:40:36","date_gmt":"2024-12-26T13:40:36","guid":{"rendered":"https:\/\/qin.gg12.globaldeepsea.site\/?post_type=product&#038;p=578"},"modified":"2024-12-27T10:43:20","modified_gmt":"2024-12-27T02:43:20","slug":"the-blue-whale-prefab-house","status":"publish","type":"product","link":"https:\/\/www.happy-cheerme.com\/es_cr\/product\/the-blue-whale-prefab-house\/","title":{"rendered":"La casa prefabricada de la ballena azul"},"content":{"rendered":"<div>\n<p>Nuestra filosof\u00eda de dise\u00f1o abarca la innovaci\u00f3n tecnol\u00f3gica y la sensibilidad ecol\u00f3gica, asegurando que cada casa prefabricada de ballenas azules no solo ofrece una experiencia de vida premium, sino que tambi\u00e9n contribuya positivamente al medio ambiente. El uso de materiales sostenibles y dise\u00f1os de eficiencia energ\u00e9tica subraya nuestro compromiso con las pr\u00e1cticas de construcci\u00f3n ecol\u00f3gica y ayuda a reducir el impacto ecol\u00f3gico.<\/p>\n<p>Adem\u00e1s, la casa prefabricada de ballenas azules es vers\u00e1til en sus aplicaciones en varias industrias. Es una opci\u00f3n ideal para mejorar las atracciones tur\u00edsticas, enriquecer el alojamiento del hotel, mejorar los sitios de campamento y mejorar las infraestructuras de servicios p\u00fablicos. Al introducir estos edificios m\u00f3viles inteligentes en lugares esc\u00e9nicos, ayudamos a la elevaci\u00f3n de las nuevas empresas de turismo rural y apoyamos la expansi\u00f3n de modelos de negocios innovadores en los sectores de la familia y la hospitalidad.<\/p>\n<p>Nuestro compromiso se extiende m\u00e1s all\u00e1 de los simples logros arquitect\u00f3nicos; Estamos dedicados a fomentar el desarrollo de nuevos formatos de negocios que sean sostenibles, rentables y ambientalmente responsables. La casa prefabricada de ballenas azules es m\u00e1s que un espacio vital: es un movimiento hacia soluciones de construcci\u00f3n m\u00e1s inteligentes, m\u00e1s ecol\u00f3gicas y m\u00e1s adaptables para el futuro. A trav\u00e9s de esto, nuestro objetivo es revolucionar c\u00f3mo se perciben y utilizan los espacios de vida, promoviendo una relaci\u00f3n m\u00e1s saludable entre la habitaci\u00f3n humana y el mundo natural que nos rodea.<\/p>\n<\/div>\n<div><img fetchpriority=\"high\" decoding=\"async\" class=\"alignnone wp-image-584 size-full\" src=\"http:\/\/qin.gg12.globaldeepsea.site\/wp-content\/uploads\/2024\/12\/1-2.webp\" alt=\"\" width=\"557\" height=\"314\" srcset=\"https:\/\/www.happy-cheerme.com\/wp-content\/uploads\/2024\/12\/1-2.webp 557w, https:\/\/www.happy-cheerme.com\/wp-content\/uploads\/2024\/12\/1-2-300x169.webp 300w\" sizes=\"(max-width: 557px) 100vw, 557px\" \/> <img decoding=\"async\" class=\"alignnone wp-image-585 size-full\" src=\"http:\/\/qin.gg12.globaldeepsea.site\/wp-content\/uploads\/2024\/12\/2-2.webp\" alt=\"\" width=\"556\" height=\"313\" srcset=\"https:\/\/www.happy-cheerme.com\/wp-content\/uploads\/2024\/12\/2-2.webp 556w, https:\/\/www.happy-cheerme.com\/wp-content\/uploads\/2024\/12\/2-2-300x169.webp 300w\" sizes=\"(max-width: 556px) 100vw, 556px\" \/><\/div>\n<div>\n<h2>C\u00e1psula de espacio de casa prefabricada para 2 personas sin balc\u00f3n- S5<\/h2>\n<h2><img decoding=\"async\" class=\"alignnone wp-image-586\" src=\"http:\/\/qin.gg12.globaldeepsea.site\/wp-content\/uploads\/2024\/12\/2-1-1-300x179.webp\" alt=\"\" width=\"370\" height=\"220\" srcset=\"https:\/\/www.happy-cheerme.com\/wp-content\/uploads\/2024\/12\/2-1-1-300x179.webp 300w, https:\/\/www.happy-cheerme.com\/wp-content\/uploads\/2024\/12\/2-1-1-600x358.webp 600w, https:\/\/www.happy-cheerme.com\/wp-content\/uploads\/2024\/12\/2-1-1.webp 673w\" sizes=\"(max-width: 370px) 100vw, 370px\" \/> <img loading=\"lazy\" decoding=\"async\" class=\"alignnone wp-image-587\" src=\"http:\/\/qin.gg12.globaldeepsea.site\/wp-content\/uploads\/2024\/12\/2-2-1-300x179.webp\" alt=\"\" width=\"370\" height=\"220\" srcset=\"https:\/\/www.happy-cheerme.com\/wp-content\/uploads\/2024\/12\/2-2-1-300x179.webp 300w, https:\/\/www.happy-cheerme.com\/wp-content\/uploads\/2024\/12\/2-2-1.webp 588w\" sizes=\"(max-width: 370px) 100vw, 370px\" \/> <img loading=\"lazy\" decoding=\"async\" class=\"alignnone wp-image-588\" src=\"http:\/\/qin.gg12.globaldeepsea.site\/wp-content\/uploads\/2024\/12\/2-3-300x178.webp\" alt=\"\" width=\"370\" height=\"220\" srcset=\"https:\/\/www.happy-cheerme.com\/wp-content\/uploads\/2024\/12\/2-3-300x178.webp 300w, https:\/\/www.happy-cheerme.com\/wp-content\/uploads\/2024\/12\/2-3.webp 571w\" sizes=\"(max-width: 370px) 100vw, 370px\" \/><\/h2>\n<h2><img loading=\"lazy\" decoding=\"async\" class=\"alignnone wp-image-589\" src=\"http:\/\/qin.gg12.globaldeepsea.site\/wp-content\/uploads\/2024\/12\/2-4-1024x609.webp\" alt=\"\" width=\"560\" height=\"333\" srcset=\"https:\/\/www.happy-cheerme.com\/wp-content\/uploads\/2024\/12\/2-4-1024x609.webp 1024w, https:\/\/www.happy-cheerme.com\/wp-content\/uploads\/2024\/12\/2-4-300x178.webp 300w, https:\/\/www.happy-cheerme.com\/wp-content\/uploads\/2024\/12\/2-4-768x457.webp 768w, https:\/\/www.happy-cheerme.com\/wp-content\/uploads\/2024\/12\/2-4-600x357.webp 600w, https:\/\/www.happy-cheerme.com\/wp-content\/uploads\/2024\/12\/2-4.webp 1375w\" sizes=\"(max-width: 560px) 100vw, 560px\" \/> <img loading=\"lazy\" decoding=\"async\" class=\"alignnone wp-image-590\" src=\"http:\/\/qin.gg12.globaldeepsea.site\/wp-content\/uploads\/2024\/12\/2-5.webp\" alt=\"\" width=\"560\" height=\"333\" srcset=\"https:\/\/www.happy-cheerme.com\/wp-content\/uploads\/2024\/12\/2-5.webp 722w, https:\/\/www.happy-cheerme.com\/wp-content\/uploads\/2024\/12\/2-5-300x178.webp 300w, https:\/\/www.happy-cheerme.com\/wp-content\/uploads\/2024\/12\/2-5-600x357.webp 600w\" sizes=\"(max-width: 560px) 100vw, 560px\" \/><\/h2>\n<div>tama\u00f1o (m): 8.6 (l)*3.2 (w)*3.4 (h),<\/div>\n<div>\u00c1rea de construcci\u00f3n: 27.5\u33a1,<\/div>\n<div>Peso del producto: 5.5-6 toneladas<\/div>\n<div>N\u00famero de usos: 2 personas<\/div>\n<div>\n<h2>C\u00e1psula de espacio de casa prefabricada para 2 personas sin balc\u00f3n s7<\/h2>\n<p><img loading=\"lazy\" decoding=\"async\" class=\"alignnone wp-image-591\" src=\"http:\/\/qin.gg12.globaldeepsea.site\/wp-content\/uploads\/2024\/12\/3-1-1-300x179.webp\" alt=\"\" width=\"370\" height=\"221\" srcset=\"https:\/\/www.happy-cheerme.com\/wp-content\/uploads\/2024\/12\/3-1-1-300x179.webp 300w, https:\/\/www.happy-cheerme.com\/wp-content\/uploads\/2024\/12\/3-1-1-600x358.webp 600w, https:\/\/www.happy-cheerme.com\/wp-content\/uploads\/2024\/12\/3-1-1.webp 681w\" sizes=\"(max-width: 370px) 100vw, 370px\" \/> <img loading=\"lazy\" decoding=\"async\" class=\"alignnone wp-image-592\" src=\"http:\/\/qin.gg12.globaldeepsea.site\/wp-content\/uploads\/2024\/12\/3-2-300x178.webp\" alt=\"\" width=\"370\" height=\"220\" srcset=\"https:\/\/www.happy-cheerme.com\/wp-content\/uploads\/2024\/12\/3-2-300x178.webp 300w, https:\/\/www.happy-cheerme.com\/wp-content\/uploads\/2024\/12\/3-2.webp 543w\" sizes=\"(max-width: 370px) 100vw, 370px\" \/> <img loading=\"lazy\" decoding=\"async\" class=\"alignnone wp-image-593\" src=\"http:\/\/qin.gg12.globaldeepsea.site\/wp-content\/uploads\/2024\/12\/3-3-300x179.webp\" alt=\"\" width=\"370\" height=\"220\" srcset=\"https:\/\/www.happy-cheerme.com\/wp-content\/uploads\/2024\/12\/3-3-300x179.webp 300w, https:\/\/www.happy-cheerme.com\/wp-content\/uploads\/2024\/12\/3-3.webp 502w\" sizes=\"(max-width: 370px) 100vw, 370px\" \/><\/p>\n<p><img loading=\"lazy\" decoding=\"async\" class=\"alignnone wp-image-594\" src=\"http:\/\/qin.gg12.globaldeepsea.site\/wp-content\/uploads\/2024\/12\/3-4-300x179.webp\" alt=\"\" width=\"560\" height=\"334\" srcset=\"https:\/\/www.happy-cheerme.com\/wp-content\/uploads\/2024\/12\/3-4-300x179.webp 300w, https:\/\/www.happy-cheerme.com\/wp-content\/uploads\/2024\/12\/3-4-600x358.webp 600w, https:\/\/www.happy-cheerme.com\/wp-content\/uploads\/2024\/12\/3-4.webp 746w\" sizes=\"(max-width: 560px) 100vw, 560px\" \/> <img loading=\"lazy\" decoding=\"async\" class=\"alignnone wp-image-595\" src=\"http:\/\/qin.gg12.globaldeepsea.site\/wp-content\/uploads\/2024\/12\/3-5-300x178.webp\" alt=\"\" width=\"560\" height=\"333\" srcset=\"https:\/\/www.happy-cheerme.com\/wp-content\/uploads\/2024\/12\/3-5-300x178.webp 300w, https:\/\/www.happy-cheerme.com\/wp-content\/uploads\/2024\/12\/3-5-600x357.webp 600w, https:\/\/www.happy-cheerme.com\/wp-content\/uploads\/2024\/12\/3-5.webp 708w\" sizes=\"(max-width: 560px) 100vw, 560px\" \/><\/p>\n<div>tama\u00f1o (m): 8.6 (l)*3.2 (w)*3.4 (h),<\/div>\n<div>\u00c1rea de construcci\u00f3n: 27.5\u33a1,<\/div>\n<div>Peso del producto: 5.5-6 toneladas<\/div>\n<div>\n<p>N\u00famero de usos: 2 personas<\/p>\n<div>\n<h2>C\u00e1psula de espacio de casa prefabricada para 4 personas sin balc\u00f3n- S9<\/h2>\n<p><img loading=\"lazy\" decoding=\"async\" class=\"alignnone wp-image-596\" src=\"http:\/\/qin.gg12.globaldeepsea.site\/wp-content\/uploads\/2024\/12\/4-1-300x178.webp\" alt=\"\" width=\"370\" height=\"220\" srcset=\"https:\/\/www.happy-cheerme.com\/wp-content\/uploads\/2024\/12\/4-1-300x178.webp 300w, https:\/\/www.happy-cheerme.com\/wp-content\/uploads\/2024\/12\/4-1-600x357.webp 600w, https:\/\/www.happy-cheerme.com\/wp-content\/uploads\/2024\/12\/4-1.webp 710w\" sizes=\"(max-width: 370px) 100vw, 370px\" \/> <img loading=\"lazy\" decoding=\"async\" class=\"alignnone wp-image-597\" src=\"http:\/\/qin.gg12.globaldeepsea.site\/wp-content\/uploads\/2024\/12\/4-2-300x179.webp\" alt=\"\" width=\"370\" height=\"220\" srcset=\"https:\/\/www.happy-cheerme.com\/wp-content\/uploads\/2024\/12\/4-2-300x179.webp 300w, https:\/\/www.happy-cheerme.com\/wp-content\/uploads\/2024\/12\/4-2.webp 549w\" sizes=\"(max-width: 370px) 100vw, 370px\" \/> <img loading=\"lazy\" decoding=\"async\" class=\"alignnone wp-image-598\" src=\"http:\/\/qin.gg12.globaldeepsea.site\/wp-content\/uploads\/2024\/12\/4-3-300x179.webp\" alt=\"\" width=\"370\" height=\"221\" srcset=\"https:\/\/www.happy-cheerme.com\/wp-content\/uploads\/2024\/12\/4-3-300x179.webp 300w, https:\/\/www.happy-cheerme.com\/wp-content\/uploads\/2024\/12\/4-3.webp 511w\" sizes=\"(max-width: 370px) 100vw, 370px\" \/><\/p>\n<p><img loading=\"lazy\" decoding=\"async\" class=\"alignnone wp-image-599\" src=\"http:\/\/qin.gg12.globaldeepsea.site\/wp-content\/uploads\/2024\/12\/4-4-300x178.webp\" alt=\"\" width=\"560\" height=\"333\" srcset=\"https:\/\/www.happy-cheerme.com\/wp-content\/uploads\/2024\/12\/4-4-300x178.webp 300w, https:\/\/www.happy-cheerme.com\/wp-content\/uploads\/2024\/12\/4-4-768x457.webp 768w, https:\/\/www.happy-cheerme.com\/wp-content\/uploads\/2024\/12\/4-4-600x357.webp 600w, https:\/\/www.happy-cheerme.com\/wp-content\/uploads\/2024\/12\/4-4.webp 990w\" sizes=\"(max-width: 560px) 100vw, 560px\" \/> <img loading=\"lazy\" decoding=\"async\" class=\"alignnone wp-image-600\" src=\"http:\/\/qin.gg12.globaldeepsea.site\/wp-content\/uploads\/2024\/12\/4-5-300x179.webp\" alt=\"\" width=\"560\" height=\"333\" srcset=\"https:\/\/www.happy-cheerme.com\/wp-content\/uploads\/2024\/12\/4-5-300x179.webp 300w, https:\/\/www.happy-cheerme.com\/wp-content\/uploads\/2024\/12\/4-5-1024x610.webp 1024w, https:\/\/www.happy-cheerme.com\/wp-content\/uploads\/2024\/12\/4-5-768x457.webp 768w, https:\/\/www.happy-cheerme.com\/wp-content\/uploads\/2024\/12\/4-5-600x357.webp 600w, https:\/\/www.happy-cheerme.com\/wp-content\/uploads\/2024\/12\/4-5.webp 1265w\" sizes=\"(max-width: 560px) 100vw, 560px\" \/><\/p>\n<div>tama\u00f1o (m): 11.5 (l)*3.2 (w)*3.4 (h),<\/div>\n<div>\u00c1rea de construcci\u00f3n: 36.8\u33a1,<\/div>\n<div>Peso del producto: 10.5-11 toneladas<\/div>\n<div>N\u00famero de usos: 4 personas<\/div>\n<div>\n<h2>POD C\u00e1psula de espacio de casa prefabricada para 4 personas sin balc\u00f3n - S12<\/h2>\n<p><img loading=\"lazy\" decoding=\"async\" class=\"alignnone wp-image-606\" src=\"http:\/\/qin.gg12.globaldeepsea.site\/wp-content\/uploads\/2024\/12\/5-1-1-300x179.webp\" alt=\"\" width=\"370\" height=\"220\" srcset=\"https:\/\/www.happy-cheerme.com\/wp-content\/uploads\/2024\/12\/5-1-1-300x179.webp 300w, https:\/\/www.happy-cheerme.com\/wp-content\/uploads\/2024\/12\/5-1-1-600x357.webp 600w, https:\/\/www.happy-cheerme.com\/wp-content\/uploads\/2024\/12\/5-1-1.webp 744w\" sizes=\"(max-width: 370px) 100vw, 370px\" \/> <img loading=\"lazy\" decoding=\"async\" class=\"alignnone wp-image-607\" src=\"http:\/\/qin.gg12.globaldeepsea.site\/wp-content\/uploads\/2024\/12\/5-2-1-300x179.webp\" alt=\"\" width=\"370\" height=\"221\" srcset=\"https:\/\/www.happy-cheerme.com\/wp-content\/uploads\/2024\/12\/5-2-1-300x179.webp 300w, https:\/\/www.happy-cheerme.com\/wp-content\/uploads\/2024\/12\/5-2-1-600x358.webp 600w, https:\/\/www.happy-cheerme.com\/wp-content\/uploads\/2024\/12\/5-2-1.webp 632w\" sizes=\"(max-width: 370px) 100vw, 370px\" \/> <img loading=\"lazy\" decoding=\"async\" class=\"alignnone wp-image-608\" src=\"http:\/\/qin.gg12.globaldeepsea.site\/wp-content\/uploads\/2024\/12\/5-3-1-300x179.webp\" alt=\"\" width=\"370\" height=\"220\" srcset=\"https:\/\/www.happy-cheerme.com\/wp-content\/uploads\/2024\/12\/5-3-1-300x179.webp 300w, https:\/\/www.happy-cheerme.com\/wp-content\/uploads\/2024\/12\/5-3-1-600x357.webp 600w, https:\/\/www.happy-cheerme.com\/wp-content\/uploads\/2024\/12\/5-3-1.webp 606w\" sizes=\"(max-width: 370px) 100vw, 370px\" \/><\/p>\n<p><img loading=\"lazy\" decoding=\"async\" class=\"alignnone wp-image-609\" src=\"http:\/\/qin.gg12.globaldeepsea.site\/wp-content\/uploads\/2024\/12\/5-4-1-300x178.webp\" alt=\"\" width=\"560\" height=\"333\" srcset=\"https:\/\/www.happy-cheerme.com\/wp-content\/uploads\/2024\/12\/5-4-1-300x178.webp 300w, https:\/\/www.happy-cheerme.com\/wp-content\/uploads\/2024\/12\/5-4-1.webp 495w\" sizes=\"(max-width: 560px) 100vw, 560px\" \/> <img loading=\"lazy\" decoding=\"async\" class=\"alignnone wp-image-610\" src=\"http:\/\/qin.gg12.globaldeepsea.site\/wp-content\/uploads\/2024\/12\/5-5-1-300x179.webp\" alt=\"\" width=\"560\" height=\"333\" srcset=\"https:\/\/www.happy-cheerme.com\/wp-content\/uploads\/2024\/12\/5-5-1-300x179.webp 300w, https:\/\/www.happy-cheerme.com\/wp-content\/uploads\/2024\/12\/5-5-1-1024x610.webp 1024w, https:\/\/www.happy-cheerme.com\/wp-content\/uploads\/2024\/12\/5-5-1-768x457.webp 768w, https:\/\/www.happy-cheerme.com\/wp-content\/uploads\/2024\/12\/5-5-1-600x357.webp 600w, https:\/\/www.happy-cheerme.com\/wp-content\/uploads\/2024\/12\/5-5-1.webp 1265w\" sizes=\"(max-width: 560px) 100vw, 560px\" \/><\/p>\n<div>tama\u00f1o (m): 11.5 (l)*3.2 (w)*3.4 (h),<\/div>\n<div>\u00c1rea de construcci\u00f3n: 36.8\u33a1,<\/div>\n<div>Peso del producto: 10.5-11 toneladas<\/div>\n<div>N\u00famero de usos: 4 personas<\/div>\n<div><\/div>\n<p>&nbsp;<\/p>\n<\/div>\n<\/div>\n<\/div>\n<\/div>\n<p>&nbsp;<\/p>\n<\/div>","protected":false},"excerpt":{"rendered":"<p>La casa prefabricada de ballenas azules se destaca como un pin\u00e1culo de la innovaci\u00f3n arquitect\u00f3nica y la sofisticaci\u00f3n de dise\u00f1o, directamente inspirada en los majestuosos contornos y la belleza serena de la ballena azul. Esta casa prefabricada de forma \u00fanica combina lujo y comodidad con una huella ecol\u00f3gica, dise\u00f1ada espec\u00edficamente para combinar armoniosamente con elementos humanos y naturales. Nuestra tecnolog\u00eda de hogar inteligente de \u00faltima generaci\u00f3n se integra perfectamente dentro de esta estructura, proporcionando a los residentes servicios de primer nivel, como controles ambientales automatizados, sistemas de eficiencia energ\u00e9tica y soluciones de seguridad inteligentes.<\/p>","protected":false},"featured_media":579,"comment_status":"open","ping_status":"closed","template":"","meta":[],"product_cat":[30],"product_tag":[80,83,76,79,77,81,82,78],"class_list":{"0":"post-578","1":"product","2":"type-product","3":"status-publish","4":"has-post-thumbnail","6":"product_cat-prefab-house","7":"product_tag-affordable-sustainable-home","8":"product_tag-blue-whale-modular-home-design","9":"product_tag-blue-whale-prefab-house","10":"product_tag-customizable-prefab-house","11":"product_tag-eco-friendly-prefab-home","12":"product_tag-modern-modular-architecture","13":"product_tag-prefabricated-environmentally-friendly-house","14":"product_tag-sustainable-modular-housing","16":"first","17":"instock","18":"shipping-taxable","19":"product-type-simple"},"_links":{"self":[{"href":"https:\/\/www.happy-cheerme.com\/es_cr\/wp-json\/wp\/v2\/product\/578","targetHints":{"allow":["GET"]}}],"collection":[{"href":"https:\/\/www.happy-cheerme.com\/es_cr\/wp-json\/wp\/v2\/product"}],"about":[{"href":"https:\/\/www.happy-cheerme.com\/es_cr\/wp-json\/wp\/v2\/types\/product"}],"replies":[{"embeddable":true,"href":"https:\/\/www.happy-cheerme.com\/es_cr\/wp-json\/wp\/v2\/comments?post=578"}],"version-history":[{"count":1,"href":"https:\/\/www.happy-cheerme.com\/es_cr\/wp-json\/wp\/v2\/product\/578\/revisions"}],"predecessor-version":[{"id":652,"href":"https:\/\/www.happy-cheerme.com\/es_cr\/wp-json\/wp\/v2\/product\/578\/revisions\/652"}],"wp:featuredmedia":[{"embeddable":true,"href":"https:\/\/www.happy-cheerme.com\/es_cr\/wp-json\/wp\/v2\/media\/579"}],"wp:attachment":[{"href":"https:\/\/www.happy-cheerme.com\/es_cr\/wp-json\/wp\/v2\/media?parent=578"}],"wp:term":[{"taxonomy":"product_cat","embeddable":true,"href":"https:\/\/www.happy-cheerme.com\/es_cr\/wp-json\/wp\/v2\/product_cat?post=578"},{"taxonomy":"product_tag","embeddable":true,"href":"https:\/\/www.happy-cheerme.com\/es_cr\/wp-json\/wp\/v2\/product_tag?post=578"}],"curies":[{"name":"wp","href":"https:\/\/api.w.org\/{rel}","templated":true}]}}