{"id":520,"date":"2024-12-26T18:10:09","date_gmt":"2024-12-26T10:10:09","guid":{"rendered":"https:\/\/qin.gg12.globaldeepsea.site\/?post_type=product&#038;p=520"},"modified":"2024-12-27T16:23:39","modified_gmt":"2024-12-27T08:23:39","slug":"sound-proof-booth-for-2-person-cm-q2m","status":"publish","type":"product","link":"https:\/\/www.happy-cheerme.com\/es_cr\/product\/sound-proof-booth-for-2-person-cm-q2m\/","title":{"rendered":"Cabina a prueba de sonido para 2 personas-CM-Q2M"},"content":{"rendered":"<h2>especificaci\u00f3n de tama\u00f1o<\/h2>\n<p><img fetchpriority=\"high\" decoding=\"async\" class=\"alignnone wp-image-730\" src=\"http:\/\/qin.gg12.globaldeepsea.site\/wp-content\/uploads\/2024\/12\/8.jpg\" alt=\"\" width=\"647\" height=\"380\" srcset=\"https:\/\/www.happy-cheerme.com\/wp-content\/uploads\/2024\/12\/8.jpg 918w, https:\/\/www.happy-cheerme.com\/wp-content\/uploads\/2024\/12\/8-300x176.jpg 300w, https:\/\/www.happy-cheerme.com\/wp-content\/uploads\/2024\/12\/8-768x451.jpg 768w, https:\/\/www.happy-cheerme.com\/wp-content\/uploads\/2024\/12\/8-600x352.jpg 600w\" sizes=\"(max-width: 647px) 100vw, 647px\" \/><img decoding=\"async\" class=\"alignright wp-image-528\" src=\"http:\/\/qin.gg12.globaldeepsea.site\/wp-content\/uploads\/2024\/12\/size-7-259x300.webp\" alt=\"\" width=\"319\" height=\"370\" srcset=\"https:\/\/www.happy-cheerme.com\/wp-content\/uploads\/2024\/12\/size-7-259x300.webp 259w, https:\/\/www.happy-cheerme.com\/wp-content\/uploads\/2024\/12\/size-7-883x1024.webp 883w, https:\/\/www.happy-cheerme.com\/wp-content\/uploads\/2024\/12\/size-7-768x891.webp 768w, https:\/\/www.happy-cheerme.com\/wp-content\/uploads\/2024\/12\/size-7-1325x1536.webp 1325w, https:\/\/www.happy-cheerme.com\/wp-content\/uploads\/2024\/12\/size-7-600x696.webp 600w, https:\/\/www.happy-cheerme.com\/wp-content\/uploads\/2024\/12\/size-7.webp 1680w\" sizes=\"(max-width: 319px) 100vw, 319px\" \/><\/p>\n<h2>Descripci\u00f3n<\/h2>\n<div>1. 1,5-2.5 mm de espesor aleaci\u00f3n de aluminio + vidrio templado de alta resistencia de 10 mm + material de absorci\u00f3n de sonido y a prueba de sonido con tabla de protecci\u00f3n de entorno de 9 + 12 mm.<br \/>\n2. ventilador de escape ultra delgado y ultracilencia*2 + pd teor\u00eda de la prueba de circulaci\u00f3n de aire a prueba de sonido.<br \/>\n3. ruido: &lt;35 db<br \/>\nvelocidad: 750 rpm<br \/>\nvolumen del ventilador de ventilaci\u00f3n: 89cfm<br \/>\nventilaci\u00f3n promedio 1 10m3\/h<br \/>\n4. incluyendo alfombra de bucle bajo antiest\u00e1tico y anti-deslizamiento<br \/>\n5. luz natural integrada de 2500 ~ 6000k (luz de temperatura de tres colores*1) 100-240v\/50-60hz fuente de alimentaci\u00f3n<br \/>\n6. socket*1, conmutador de dos posiciones*1, interfaz de red*1 panel de socket de puerto usb est\u00e1 disponible.<br \/>\n7. control de la luz y el interruptor de escape por separado.<br \/>\n8. copa de pie fija de acero + rueda universal.<\/div>\n<div>\n<h2>caracter\u00edsticas y fortalezas<\/h2>\n<div>i.materials: perfil de aluminio de alta resistencia, vidrio de aislamiento de sonido, tablero de absorci\u00f3n de sonido de fibra de poli\u00e9ster y madera contrachapada de protecci\u00f3n ambiental.<br \/>\nii. aislamiento a prueba de sonido y sonido: la pared de las c\u00e1psulas de oficina est\u00e1 compuesta de algod\u00f3n que absorbe el sonido+ madera contrachapada amigable con el medio ambiente (estructura hueca) y vidrio templado insonorizado de 10 mm de espesor. el \u00edndice de aislamiento de sonido y reducci\u00f3n de ruido cumple con las expectativas de dise\u00f1o.<br \/>\niii<br \/>\niv. iluminaci\u00f3n: la cabina est\u00e1 equipada con luces de techo led ajustables de temperatura de 3000k-6000k a tres colores, que b\u00e1sicamente pueden satisfacer las necesidades de la iluminaci\u00f3n de la cabina.<br \/>\nv.100-240v potencia: cada c\u00e1psula de oficina est\u00e1 equipada con un sistema de suministro de alimentaci\u00f3n de 100-240v\/50-60hz y 12v-usb, que puede cumplir f\u00e1cilmente con el uso de electrodom\u00e9sticos principales en la vida.<br \/>\nvi. f\u00e1cil de mover: la naturaleza liviana de officepods le permite moverlos f\u00e1cilmente a cualquier lugar donde su oficina los necesite.<br \/>\nvii. f\u00e1cil de ensamblar: dise\u00f1amos nuestras c\u00e1psulas de oficina para que se ensamblaran f\u00e1cilmente con un equipo de 1-3 personas con solo un ejercicio el\u00e9ctrico y una escalera.<\/div>\n<\/div>","protected":false},"excerpt":{"rendered":"<p>demensiones externas: 1500w x 1800d x 2348.5h (mm)<\/p>\n<p>demensiones internas: 1370w x 1206d x 2128h (mm)<\/p>\n<p>peso -gw\/nw: 550 kg\/490 kg<\/p>\n<p>paletizing demensions: 1700w x 2000d x 2460h \uff08mm\uff09<\/p>\n<p>volumen: 5.12 m\u00b3<\/p>","protected":false},"featured_media":521,"comment_status":"open","ping_status":"closed","template":"","meta":[],"product_cat":[27,25],"product_tag":[50,53,55,51,44,52,49,54],"class_list":{"0":"post-520","1":"product","2":"type-product","3":"status-publish","4":"has-post-thumbnail","6":"product_cat-dual-seat-sound-proof-booth","7":"product_cat-office-booth","8":"product_tag-acoustic-isolation","9":"product_tag-double-occupancy-soundproof-room","10":"product_tag-dual-user-acoustic-isolation-unit","11":"product_tag-duo-soundproof-pod","12":"product_tag-noise-reduction-booth","13":"product_tag-privacy-booth-for-2","14":"product_tag-soundproof-booth","15":"product_tag-two-person-soundproof-enclosure","17":"first","18":"instock","19":"shipping-taxable","20":"product-type-simple"},"_links":{"self":[{"href":"https:\/\/www.happy-cheerme.com\/es_cr\/wp-json\/wp\/v2\/product\/520","targetHints":{"allow":["GET"]}}],"collection":[{"href":"https:\/\/www.happy-cheerme.com\/es_cr\/wp-json\/wp\/v2\/product"}],"about":[{"href":"https:\/\/www.happy-cheerme.com\/es_cr\/wp-json\/wp\/v2\/types\/product"}],"replies":[{"embeddable":true,"href":"https:\/\/www.happy-cheerme.com\/es_cr\/wp-json\/wp\/v2\/comments?post=520"}],"version-history":[{"count":1,"href":"https:\/\/www.happy-cheerme.com\/es_cr\/wp-json\/wp\/v2\/product\/520\/revisions"}],"predecessor-version":[{"id":658,"href":"https:\/\/www.happy-cheerme.com\/es_cr\/wp-json\/wp\/v2\/product\/520\/revisions\/658"}],"wp:featuredmedia":[{"embeddable":true,"href":"https:\/\/www.happy-cheerme.com\/es_cr\/wp-json\/wp\/v2\/media\/521"}],"wp:attachment":[{"href":"https:\/\/www.happy-cheerme.com\/es_cr\/wp-json\/wp\/v2\/media?parent=520"}],"wp:term":[{"taxonomy":"product_cat","embeddable":true,"href":"https:\/\/www.happy-cheerme.com\/es_cr\/wp-json\/wp\/v2\/product_cat?post=520"},{"taxonomy":"product_tag","embeddable":true,"href":"https:\/\/www.happy-cheerme.com\/es_cr\/wp-json\/wp\/v2\/product_tag?post=520"}],"curies":[{"name":"wp","href":"https:\/\/api.w.org\/{rel}","templated":true}]}}