{"id":456,"date":"2024-12-26T16:58:59","date_gmt":"2024-12-26T08:58:59","guid":{"rendered":"https:\/\/qin.gg12.globaldeepsea.site\/?post_type=product&#038;p=456"},"modified":"2024-12-27T16:57:12","modified_gmt":"2024-12-27T08:57:12","slug":"sound-proof-booth-for-single-person-cm-qs","status":"publish","type":"product","link":"https:\/\/www.happy-cheerme.com\/es_cr\/product\/sound-proof-booth-for-single-person-cm-qs\/","title":{"rendered":"Stand a prueba de sonido para una sola persona-CM-QS"},"content":{"rendered":"<h2>especificaci\u00f3n de tama\u00f1o<\/h2>\n<p><img fetchpriority=\"high\" decoding=\"async\" class=\"alignnone wp-image-735\" src=\"http:\/\/qin.gg12.globaldeepsea.site\/wp-content\/uploads\/2024\/12\/13.jpg\" alt=\"\" width=\"634\" height=\"380\" srcset=\"https:\/\/www.happy-cheerme.com\/wp-content\/uploads\/2024\/12\/13.jpg 910w, https:\/\/www.happy-cheerme.com\/wp-content\/uploads\/2024\/12\/13-300x180.jpg 300w, https:\/\/www.happy-cheerme.com\/wp-content\/uploads\/2024\/12\/13-768x460.jpg 768w, https:\/\/www.happy-cheerme.com\/wp-content\/uploads\/2024\/12\/13-600x359.jpg 600w\" sizes=\"(max-width: 634px) 100vw, 634px\" \/><img decoding=\"async\" class=\"wp-image-468 alignright\" src=\"http:\/\/qin.gg12.globaldeepsea.site\/wp-content\/uploads\/2024\/12\/size-204x300.webp\" alt=\"\" width=\"258\" height=\"380\" srcset=\"https:\/\/www.happy-cheerme.com\/wp-content\/uploads\/2024\/12\/size-204x300.webp 204w, https:\/\/www.happy-cheerme.com\/wp-content\/uploads\/2024\/12\/size.webp 588w\" sizes=\"(max-width: 258px) 100vw, 258px\" \/><\/p>\n<h2>Descripci\u00f3n<\/h2>\n<div>\n<p>1. 1,5-2.5 mm de espesor aleaci\u00f3n de aluminio + vidrio templado de alta resistencia de 10 mm + material de absorci\u00f3n de sonido y a prueba de sonido con tabla de protecci\u00f3n de entorno de 9 + 12 mm.<\/p>\n<p>2. ventilador de escape ultra delgado y ultracilencia*2 + pd teor\u00eda de la prueba de circulaci\u00f3n de aire a prueba de sonido.<\/p>\n<p>3. ruido: &lt;35 db; velocidad: 750 rpm; volumen del ventilador de ventilaci\u00f3n: 89cfm; ventilaci\u00f3n promedio 1 10m3\/h.<\/p>\n<p>4. incluyendo alfombra de bucle bajo antiest\u00e1tico y anti-deslizamiento.<\/p>\n<p>5. luz natural integrada de 2500 ~ 6000k (luz de temperatura de tres colores*1) 100-240v\/50-60hz fuente de alimentaci\u00f3n.<\/p>\n<p>6. socket*1, conmutador de dos posiciones*1, interfaz de red*1 panel de socket de puerto usb est\u00e1 disponible.<\/p>\n<p>7. control de la luz y el interruptor de escape por separado.<\/p>\n<p>8. copa de pie fija de acero + rueda universal.<\/p>\n<p>9. el precio incluye la mesa doblada.<\/p>\n<\/div>\n<div>\n<h2>caracter\u00edsticas y fuerza<\/h2>\n<div>\n<p>i.main material: perfil de aluminio de alta resistencia, vidrio de aislamiento de sonido, tablero de absorci\u00f3n de sonido de fibra de poli\u00e9ster y madera contrachapada de protecci\u00f3n ambiental.<\/p>\n<p>ii. aislamiento a prueba de sonido y sonido: la pared de las c\u00e1psulas de oficina est\u00e1 compuesta de algod\u00f3n que absorbe el sonido + madera contrachapada ecol\u00f3gica (estructura hueca) y vidrio templado insonorizado de 10 mm de espesor. el \u00edndice de aislamiento y reducci\u00f3n de ruido de sonido cumple con las expectativas de dise\u00f1o.<\/p>\n<p>iii<\/p>\n<p>iv. iluminaci\u00f3n: la cabina est\u00e1 equipada con 3000k-6000k de tres colores de luces de techo led ajustables de temperatura, que b\u00e1sicamente pueden satisfacer las necesidades de la iluminaci\u00f3n de la cabina.<\/p>\n<p>v.100-240v potencia: cada c\u00e1psula de oficina est\u00e1 equipada con 100-240v\/50-60hz.<\/p>\n<p>y el sistema de suministro de alimentaci\u00f3n de 12v-usb, que puede cumplir f\u00e1cilmente con el uso de electrodom\u00e9sticos principales en la vida.<\/p>\n<p>vi. f\u00e1cil de mover: la naturaleza liviana de las c\u00e1psulas de oficina le permite moverlos f\u00e1cilmente a cualquier lugar donde su oficina los necesite.<\/p>\n<p>vii. f\u00e1cil de ensamblar: dise\u00f1amos nuestras c\u00e1psulas de oficina para que se ensamblaran f\u00e1cilmente con un equipo de 1-3 personas con solo un ejercicio el\u00e9ctrico y una escalera.<\/p>\n<\/div>\n<\/div>","protected":false},"excerpt":{"rendered":"<p>External demensions: W1000*D900*H2348.5 mm<\/p>\n<p>Internal demensions: W870*D866*H2128 mm<\/p>\n<p>Weight -G.W.\/N.W: 300kg\/255kg<\/p>\n<p>Palletizing demensions: W2230*D850*H1200 mm<\/p>\n<p>Volume: 1.6m\u00b3<\/p>","protected":false},"featured_media":460,"comment_status":"open","ping_status":"closed","template":"","meta":[],"product_cat":[25,26],"product_tag":[42,44,134,135,133,101,49,136],"class_list":{"0":"post-456","1":"product","2":"type-product","3":"status-publish","4":"has-post-thumbnail","6":"product_cat-office-booth","7":"product_cat-single-person-sound-proof-booth","8":"product_tag-acoustic-isolation-booth","9":"product_tag-noise-reduction-booth","10":"product_tag-personal-recording-booth","11":"product_tag-portable-soundproof-booth","12":"product_tag-s-series-booth","13":"product_tag-single-person-booth","14":"product_tag-soundproof-booth","15":"product_tag-vocal-isolation-booth","17":"first","18":"instock","19":"shipping-taxable","20":"product-type-simple"},"_links":{"self":[{"href":"https:\/\/www.happy-cheerme.com\/es_cr\/wp-json\/wp\/v2\/product\/456","targetHints":{"allow":["GET"]}}],"collection":[{"href":"https:\/\/www.happy-cheerme.com\/es_cr\/wp-json\/wp\/v2\/product"}],"about":[{"href":"https:\/\/www.happy-cheerme.com\/es_cr\/wp-json\/wp\/v2\/types\/product"}],"replies":[{"embeddable":true,"href":"https:\/\/www.happy-cheerme.com\/es_cr\/wp-json\/wp\/v2\/comments?post=456"}],"version-history":[{"count":1,"href":"https:\/\/www.happy-cheerme.com\/es_cr\/wp-json\/wp\/v2\/product\/456\/revisions"}],"predecessor-version":[{"id":467,"href":"https:\/\/www.happy-cheerme.com\/es_cr\/wp-json\/wp\/v2\/product\/456\/revisions\/467"}],"wp:featuredmedia":[{"embeddable":true,"href":"https:\/\/www.happy-cheerme.com\/es_cr\/wp-json\/wp\/v2\/media\/460"}],"wp:attachment":[{"href":"https:\/\/www.happy-cheerme.com\/es_cr\/wp-json\/wp\/v2\/media?parent=456"}],"wp:term":[{"taxonomy":"product_cat","embeddable":true,"href":"https:\/\/www.happy-cheerme.com\/es_cr\/wp-json\/wp\/v2\/product_cat?post=456"},{"taxonomy":"product_tag","embeddable":true,"href":"https:\/\/www.happy-cheerme.com\/es_cr\/wp-json\/wp\/v2\/product_tag?post=456"}],"curies":[{"name":"wp","href":"https:\/\/api.w.org\/{rel}","templated":true}]}}