{"id":611,"date":"2024-12-27T09:41:45","date_gmt":"2024-12-27T01:41:45","guid":{"rendered":"https:\/\/qin.gg12.globaldeepsea.site\/?post_type=product&#038;p=611"},"modified":"2024-12-27T10:30:13","modified_gmt":"2024-12-27T02:30:13","slug":"prefab-house-space-capsule-pod-for-2-person-with-balcony-w12","status":"publish","type":"product","link":"https:\/\/www.happy-cheerme.com\/es\/product\/prefab-house-space-capsule-pod-for-2-person-with-balcony-w12\/","title":{"rendered":"POD C\u00e1psula de espacio prefabricado para 2 personas con balc\u00f3n - W12"},"content":{"rendered":"<h2>Marco de acero<\/h2>\n<table width=\"769\">\n<tbody>\n<tr>\n<td width=\"205\">Marco de acero<\/td>\n<td colspan=\"3\" width=\"204\">Estructura del marco de acero gzlvanizado de hot dip: 100\/50*50*mm<\/td>\n<\/tr>\n<tr>\n<td>Panel exterior<\/td>\n<td colspan=\"3\">Vaneer de alumio<\/td>\n<\/tr>\n<tr>\n<td>Aislamiento t\u00e9rmico<\/td>\n<td colspan=\"3\">Espesor total Capa de aislamiento de 100 mm<\/td>\n<\/tr>\n<tr>\n<td>Puerta de entrada<\/td>\n<td colspan=\"3\">Puerta de entrada est\u00e1ndar+bloqueo de contrase\u00f1a inteligente<\/td>\n<\/tr>\n<tr>\n<td>Vidrio exterior<\/td>\n<td colspan=\"3\">6Low-E+12a+6 mm de vidrio templado hueco<\/td>\n<\/tr>\n<tr>\n<td>Windows<\/td>\n<td colspan=\"3\">5+9a+5 mm de vidrio templado hueco+perfil de aleaci\u00f3n de aluminio<\/td>\n<\/tr>\n<tr>\n<td>Vaso de balc\u00f3n<\/td>\n<td colspan=\"3\">10 mm de vidrio doblado caliente templado<\/td>\n<\/tr>\n<tr>\n<td>Puerta de balc\u00f3n<\/td>\n<td colspan=\"3\">4+15a+4 mm de vidrio templado hueco+perfil de aleaci\u00f3n de aluminio<\/td>\n<\/tr>\n<tr>\n<td>Piso de balc\u00f3n<\/td>\n<td colspan=\"3\">Piso de madera<\/td>\n<\/tr>\n<tr>\n<td>Puerta del ba\u00f1o<\/td>\n<td colspan=\"3\">4+15a+4 mm de vidrio templado hueco+perfil de aleaci\u00f3n de aluminio<\/td>\n<\/tr>\n<tr>\n<td>Escalera<\/td>\n<td colspan=\"3\">Escalera est\u00e1ndar, marco de acero+piso de pl\u00e1stico de madera<\/td>\n<\/tr>\n<tr>\n<td>Sala de equipos<\/td>\n<td colspan=\"3\">Sala de mantenimiento del equipo de CA y agua del calentador<\/td>\n<\/tr>\n<tr>\n<td>Techo<\/td>\n<td colspan=\"3\">Vaneer de alumio<\/td>\n<\/tr>\n<\/tbody>\n<\/table>\n<h2>Proceso de instalaci\u00f3n<\/h2>\n<div><strong>Jugar el transporte<\/strong><\/div>\n<div>Despu\u00e9s de completar el empaque externo del producto, se transporta con un remolque plano grande. Durante el viaje del producto desde la f\u00e1brica hasta el campamento, se tomar\u00e1n estrictas medidas de protecci\u00f3n de seguridad para garantizar la seguridad y la estabilidad durante el transporte.<\/div>\n<div><\/div>\n<div><strong>Ensamblaje de productos<\/strong><\/div>\n<div>Despu\u00e9s de que el veh\u00edculo de transporte llega al sitio del proyecto, el cliente debe comunicarse con el servicio de gr\u00faa local por su cuenta. El peso de elevaci\u00f3n var\u00eda de 6 toneladas a 10 toneladas, y se recomienda usar una gr\u00faa de no menos de 25 toneladas para cargar y descargar.<\/div>\n<div><\/div>\n<div><strong>Base instalada<\/strong><\/div>\n<div>Antes de instalar el producto, el cliente debe completar la ingenier\u00eda en el lugar del suministro de agua y electricidad, tuber\u00edas de aguas residuales y cimientos de carga de carga de acuerdo con los dibujos b\u00e1sicos de agua y electricidad est\u00e1ndar de productos de nuestra compa\u00f1\u00eda, el suelo endurecido se puede instalar directamente en el suelo, prepare la infraestructura de antemano para otros entornos geol\u00f3gicos.<\/div>\n<div><\/div>\n<div><strong>Servicio postventa<\/strong><\/div>\n<div>Nuestra compa\u00f1\u00eda ofrece servicios de reparaci\u00f3n gratuitos para nuestros productos dentro de un a\u00f1o a partir de la fecha de la costumbre.<\/div>\n<div><img fetchpriority=\"high\" decoding=\"async\" class=\"alignnone wp-image-617 size-full\" src=\"http:\/\/qin.gg12.globaldeepsea.site\/wp-content\/uploads\/2024\/12\/process.webp\" alt=\"\" width=\"1266\" height=\"712\" srcset=\"https:\/\/www.happy-cheerme.com\/wp-content\/uploads\/2024\/12\/process.webp 1266w, https:\/\/www.happy-cheerme.com\/wp-content\/uploads\/2024\/12\/process-300x169.webp 300w, https:\/\/www.happy-cheerme.com\/wp-content\/uploads\/2024\/12\/process-1024x576.webp 1024w, https:\/\/www.happy-cheerme.com\/wp-content\/uploads\/2024\/12\/process-768x432.webp 768w, https:\/\/www.happy-cheerme.com\/wp-content\/uploads\/2024\/12\/process-600x337.webp 600w\" sizes=\"(max-width: 1266px) 100vw, 1266px\" \/><\/div>","protected":false},"excerpt":{"rendered":"<div data-module=\"6\">\n<p>tama\u00f1o (m): 11.5 (l)*3.2 (w)*3.4 (h),<\/p>\n<p>\u00c1rea de construcci\u00f3n: 36.8\u33a1,<\/p>\n<p>Peso del producto: 5.5-6 toneladas<\/p>\n<p>N\u00famero de usos: 2 personas<\/p>\n<\/div>","protected":false},"featured_media":612,"comment_status":"open","ping_status":"closed","template":"","meta":[],"product_cat":[30],"product_tag":[88,87,90,89,91,86,84,85],"class_list":{"0":"post-611","1":"product","2":"type-product","3":"status-publish","4":"has-post-thumbnail","6":"product_cat-prefab-house","7":"product_tag-2-person","8":"product_tag-balcony","9":"product_tag-compact-living","10":"product_tag-living-space","11":"product_tag-modern-design","12":"product_tag-pod","13":"product_tag-prefab-house","14":"product_tag-space-capsule","16":"first","17":"instock","18":"shipping-taxable","19":"product-type-simple"},"_links":{"self":[{"href":"https:\/\/www.happy-cheerme.com\/es\/wp-json\/wp\/v2\/product\/611","targetHints":{"allow":["GET"]}}],"collection":[{"href":"https:\/\/www.happy-cheerme.com\/es\/wp-json\/wp\/v2\/product"}],"about":[{"href":"https:\/\/www.happy-cheerme.com\/es\/wp-json\/wp\/v2\/types\/product"}],"replies":[{"embeddable":true,"href":"https:\/\/www.happy-cheerme.com\/es\/wp-json\/wp\/v2\/comments?post=611"}],"version-history":[{"count":1,"href":"https:\/\/www.happy-cheerme.com\/es\/wp-json\/wp\/v2\/product\/611\/revisions"}],"predecessor-version":[{"id":651,"href":"https:\/\/www.happy-cheerme.com\/es\/wp-json\/wp\/v2\/product\/611\/revisions\/651"}],"wp:featuredmedia":[{"embeddable":true,"href":"https:\/\/www.happy-cheerme.com\/es\/wp-json\/wp\/v2\/media\/612"}],"wp:attachment":[{"href":"https:\/\/www.happy-cheerme.com\/es\/wp-json\/wp\/v2\/media?parent=611"}],"wp:term":[{"taxonomy":"product_cat","embeddable":true,"href":"https:\/\/www.happy-cheerme.com\/es\/wp-json\/wp\/v2\/product_cat?post=611"},{"taxonomy":"product_tag","embeddable":true,"href":"https:\/\/www.happy-cheerme.com\/es\/wp-json\/wp\/v2\/product_tag?post=611"}],"curies":[{"name":"wp","href":"https:\/\/api.w.org\/{rel}","templated":true}]}}