{"id":539,"date":"2024-12-26T20:51:01","date_gmt":"2024-12-26T12:51:01","guid":{"rendered":"https:\/\/qin.gg12.globaldeepsea.site\/?post_type=product&#038;p=539"},"modified":"2024-12-27T16:13:20","modified_gmt":"2024-12-27T08:13:20","slug":"sound-proof-booth-for-4-person-cm-p5l","status":"publish","type":"product","link":"https:\/\/www.happy-cheerme.com\/es\/product\/sound-proof-booth-for-4-person-cm-p5l\/","title":{"rendered":"Stand a prueba de sonido para 4 personas-CM-P5L"},"content":{"rendered":"<h2>Especificaci\u00f3n de tama\u00f1o<\/h2>\n<p><img fetchpriority=\"high\" decoding=\"async\" class=\"alignnone wp-image-727\" src=\"http:\/\/qin.gg12.globaldeepsea.site\/wp-content\/uploads\/2024\/12\/6.jpg\" alt=\"\" width=\"697\" height=\"350\" srcset=\"https:\/\/www.happy-cheerme.com\/wp-content\/uploads\/2024\/12\/6.jpg 1389w, https:\/\/www.happy-cheerme.com\/wp-content\/uploads\/2024\/12\/6-300x151.jpg 300w, https:\/\/www.happy-cheerme.com\/wp-content\/uploads\/2024\/12\/6-1024x514.jpg 1024w, https:\/\/www.happy-cheerme.com\/wp-content\/uploads\/2024\/12\/6-768x385.jpg 768w, https:\/\/www.happy-cheerme.com\/wp-content\/uploads\/2024\/12\/6-600x301.jpg 600w\" sizes=\"(max-width: 697px) 100vw, 697px\" \/><img decoding=\"async\" class=\"wp-image-547 alignright\" src=\"http:\/\/qin.gg12.globaldeepsea.site\/wp-content\/uploads\/2024\/12\/size-9-300x243.webp\" alt=\"\" width=\"383\" height=\"310\" srcset=\"https:\/\/www.happy-cheerme.com\/wp-content\/uploads\/2024\/12\/size-9-300x243.webp 300w, https:\/\/www.happy-cheerme.com\/wp-content\/uploads\/2024\/12\/size-9-600x486.webp 600w, https:\/\/www.happy-cheerme.com\/wp-content\/uploads\/2024\/12\/size-9.webp 767w\" sizes=\"(max-width: 383px) 100vw, 383px\" \/><\/p>\n<h2>Material<\/h2>\n<table width=\"734\">\n<tbody>\n<tr>\n<td width=\"72\">Marco<\/td>\n<td colspan=\"2\" width=\"144\">6063 aleaci\u00f3n de aluminio de aviaci\u00f3n<\/td>\n<\/tr>\n<tr>\n<td>Vaso<\/td>\n<td colspan=\"2\">Vidrio templado ultra blanco de 10 mm, 4+4 vidrio de puerta laminada<\/td>\n<\/tr>\n<tr>\n<td>Muro<\/td>\n<td colspan=\"2\">6063 Aviaci\u00f3n Aleaci\u00f3n de aluminio + Tapicer\u00eda de superficie de acero\/Gabriel de 1.0 mm + Paquete ac\u00fastico + Panel de poli\u00e9ster de 13 mm + G350 Reductor de ruido<\/td>\n<\/tr>\n<tr>\n<td>Techo<\/td>\n<td colspan=\"2\">6063 Aviaci\u00f3n aleaci\u00f3n de aluminio + superficie de acero de 1.0 mm + paquete ac\u00fastico + panel de poli\u00e9ster + tela reductora de ruido G350<\/td>\n<\/tr>\n<tr>\n<td>Placa inferior<\/td>\n<td colspan=\"2\">Nivel E0 25 + 9 mm de madera de madera de madera maciza + bandas de borde de PVC negro + marco de acero + pies de ajuste de 25 mm + alfombra de poli\u00e9ster<\/td>\n<\/tr>\n<tr>\n<td>Revestimiento<\/td>\n<td colspan=\"2\">Pulverizaci\u00f3n electrost\u00e1tica de polvo de tigre<\/td>\n<\/tr>\n<\/tbody>\n<\/table>\n<p><img decoding=\"async\" class=\"wp-image-548 size-full alignleft\" src=\"http:\/\/qin.gg12.globaldeepsea.site\/wp-content\/uploads\/2024\/12\/detail-4.webp\" alt=\"\" width=\"283\" height=\"258\" \/><\/p>\n<div>\n<p>&nbsp;<\/p>\n<p>&nbsp;<\/p>\n<p>Muebles<\/p>\n<p>Sofa: W1800*D600.<\/p>\n<p>Power Configuration: 1 integrated socket (2 AC\u30011USB\u30011Type-c) AC 220V\uff0cUSB 5V3.1A.<\/p>\n<\/div>\n<h2><\/h2>\n<p>&nbsp;<\/p>\n<p>&nbsp;<\/p>\n<div>\n<h2>Configuraci\u00f3n de par\u00e1metros<\/h2>\n<table style=\"height: 205px;\" width=\"571\">\n<tbody>\n<tr>\n<td width=\"161\">Consumo<\/td>\n<td colspan=\"2\" width=\"136\">60W, los electrodom\u00e9sticos acceden a menos de 1000W<\/td>\n<\/tr>\n<tr>\n<td>Luz del techo<\/td>\n<td colspan=\"2\">0 - 30W<\/td>\n<\/tr>\n<tr>\n<td>Ventilador de pared<\/td>\n<td colspan=\"2\">0.9W, 1500rpm *4<\/td>\n<\/tr>\n<tr>\n<td>Ventilador de techo<\/td>\n<td colspan=\"2\">2.4W, 1800rpm*4<\/td>\n<\/tr>\n<tr>\n<td>Ventilaci\u00f3n<\/td>\n<td colspan=\"2\">6.27m\u00b3\/min, 221CFM, air change rate 52\/h<\/td>\n<\/tr>\n<tr>\n<td>Reducci\u00f3n de ruido<\/td>\n<td colspan=\"2\">DS, un 28.5 dB (IS0 23351-1: 2020)<\/td>\n<\/tr>\n<\/tbody>\n<\/table>\n<h2>Nuestras fortalezas<\/h2>\n<div>\n<p>I. I.Modular Dise\u00f1o: Modular para el ensamblaje r\u00e1pido, con seis componentes y ensamblaje r\u00e1pido. 1 hora Montaje f\u00e1cil de poner en un conector patentado de ensamblaje r\u00e1pido.<br \/>\nModular para la reorganizaci\u00f3n: uno se convierte en dos, dos se vuelven m\u00e1s; Modular para la reorganizaci\u00f3n; Restablecimiento multifunci\u00f3n.<\/p>\n<p>II. Reducci\u00f3n de la nudosa: pared 45 dB; DS, un 28.5 dB cuatro elementos de aislamiento de sonido y reducci\u00f3n de ruido. Rendimiento de sellado de grado de fabricaci\u00f3n automotriz.1.0 Panel de acero de espesor + paquete ac\u00fastico + aviaci\u00f3n 6063 aleaci\u00f3n de aluminio + 4 mm 1800 g Paneles de aislamiento de sonido de fibra de poli\u00e9ster + 9 mm 1200g Panel ac\u00fastico de fibra de poli\u00e9ster + capa superior tipo lana.<\/p>\n<p>III. Ventilaci\u00f3n \u00f3ptima: Sistema de circulaci\u00f3n de aire doble suministro de aire doble y escape doble 1.5 minutos Volumen de ventilaci\u00f3n de circulaci\u00f3n interior por minuto: 1.63\/m\u00b3; Ventilador de escape ultra-queso no combustible: 100,000 h.<\/p>\n<p>IV. Dise\u00f1o humanizado: Luz suave: tres segundos para iluminar+ infinitamente ajustable+ Mitsubishi Gu\u00eda de luz 50,000h sin cambio de color; El flujo luminoso m\u00e1ximo es de 2700 lm; La imitaci\u00f3n de la temperatura de color de la luz natural es 3500K.<\/p>\n<p>V.Sostinabilidad: 100% Materiales ecol\u00f3gicos para acumular concepto de dise\u00f1o ambientalmente sostenible. Ellos son: Gabriel Fabric Tiger Aviation Aviation Aluminium ALUMINUS FSC Certified Board 3C Certified Glass Tempered Glass reciclado de poli\u00e9ster.<\/p>\n<p>VI. Digital Intelligence: Podemos cumplir con un an\u00e1lisis inteligente de reservas, gesti\u00f3n y liberaci\u00f3n durante las horas ocupadas. Proporciona una base para la toma de decisiones para restablecer el espacio.<br \/>\na. Seleccione tipos de espacio (por ejemplo, estaciones de trabajo, salas de reuniones, etc.) para el an\u00e1lisis.<br \/>\nb. Refina la parte espacial (por ejemplo, departamento, partici\u00f3n de piso) para analizar y comparar con otras partes.<br \/>\ndo. Comprender los h\u00e1bitos de uso y la distribuci\u00f3n de diferentes espacios, departamentos y \u00e1reas a trav\u00e9s de un mapa de calor jer\u00e1rquico.<br \/>\nd. Verificar si la configuraci\u00f3n del espacio es adecuada para el modelo de negocio a trav\u00e9s de la investigaci\u00f3n de l\u00edderes y el cuestionario de empleados.<\/p>\n<\/div>\n<\/div>","protected":false},"excerpt":{"rendered":"<p>External dimensions: W2200*D1970*H2280mm<\/p>\n<p>Internal dimensions: W2030*D1800(1950 is glass to glass)*H2130 mm<\/p>\n<p>Weight: 800kg<\/p>\n<p>Pallet dimensions: W2240*D1200*H810 x2 pallets(not included accessory box)<\/p>\n<p>Volume: 4.5 m\u00b3<\/p>\n<p>Direcci\u00f3n de apertura de la puerta; Puerta m\u00e1s cercana: puerta izquierda<\/p>","protected":false},"featured_media":540,"comment_status":"open","ping_status":"closed","template":"","meta":[],"product_cat":[28,25],"product_tag":[110,113,109,44,112,111,114,49],"class_list":{"0":"post-539","1":"product","2":"type-product","3":"status-publish","4":"has-post-thumbnail","6":"product_cat-four-seat-sound-proof-booth","7":"product_cat-office-booth","8":"product_tag-acoustic-enclosure","9":"product_tag-conference-room-pod","10":"product_tag-four-person-booth","11":"product_tag-noise-reduction-booth","12":"product_tag-office-privacy-pod","13":"product_tag-personal-meeting-pod","14":"product_tag-portable-soundproof-room","15":"product_tag-soundproof-booth","17":"first","18":"instock","19":"shipping-taxable","20":"product-type-simple"},"_links":{"self":[{"href":"https:\/\/www.happy-cheerme.com\/es\/wp-json\/wp\/v2\/product\/539","targetHints":{"allow":["GET"]}}],"collection":[{"href":"https:\/\/www.happy-cheerme.com\/es\/wp-json\/wp\/v2\/product"}],"about":[{"href":"https:\/\/www.happy-cheerme.com\/es\/wp-json\/wp\/v2\/types\/product"}],"replies":[{"embeddable":true,"href":"https:\/\/www.happy-cheerme.com\/es\/wp-json\/wp\/v2\/comments?post=539"}],"version-history":[{"count":1,"href":"https:\/\/www.happy-cheerme.com\/es\/wp-json\/wp\/v2\/product\/539\/revisions"}],"predecessor-version":[{"id":728,"href":"https:\/\/www.happy-cheerme.com\/es\/wp-json\/wp\/v2\/product\/539\/revisions\/728"}],"wp:featuredmedia":[{"embeddable":true,"href":"https:\/\/www.happy-cheerme.com\/es\/wp-json\/wp\/v2\/media\/540"}],"wp:attachment":[{"href":"https:\/\/www.happy-cheerme.com\/es\/wp-json\/wp\/v2\/media?parent=539"}],"wp:term":[{"taxonomy":"product_cat","embeddable":true,"href":"https:\/\/www.happy-cheerme.com\/es\/wp-json\/wp\/v2\/product_cat?post=539"},{"taxonomy":"product_tag","embeddable":true,"href":"https:\/\/www.happy-cheerme.com\/es\/wp-json\/wp\/v2\/product_tag?post=539"}],"curies":[{"name":"wp","href":"https:\/\/api.w.org\/{rel}","templated":true}]}}