{"id":512,"date":"2024-12-26T18:03:52","date_gmt":"2024-12-26T10:03:52","guid":{"rendered":"https:\/\/qin.gg12.globaldeepsea.site\/?post_type=product&#038;p=512"},"modified":"2024-12-27T16:31:48","modified_gmt":"2024-12-27T08:31:48","slug":"sound-proof-booth-for-2-person-cm-p2m","status":"publish","type":"product","link":"https:\/\/www.happy-cheerme.com\/es\/product\/sound-proof-booth-for-2-person-cm-p2m\/","title":{"rendered":"Stand a prueba de sonido para 2 personas-CM-P2M"},"content":{"rendered":"<h2>Especificaci\u00f3n de tama\u00f1o<\/h2>\n<p><img fetchpriority=\"high\" decoding=\"async\" class=\"alignnone wp-image-731\" src=\"http:\/\/qin.gg12.globaldeepsea.site\/wp-content\/uploads\/2024\/12\/9.jpg\" alt=\"\" width=\"664\" height=\"368\" srcset=\"https:\/\/www.happy-cheerme.com\/wp-content\/uploads\/2024\/12\/9.jpg 1243w, https:\/\/www.happy-cheerme.com\/wp-content\/uploads\/2024\/12\/9-300x166.jpg 300w, https:\/\/www.happy-cheerme.com\/wp-content\/uploads\/2024\/12\/9-1024x568.jpg 1024w, https:\/\/www.happy-cheerme.com\/wp-content\/uploads\/2024\/12\/9-768x426.jpg 768w, https:\/\/www.happy-cheerme.com\/wp-content\/uploads\/2024\/12\/9-600x333.jpg 600w\" sizes=\"(max-width: 664px) 100vw, 664px\" \/><img decoding=\"async\" class=\"wp-image-518 alignright\" src=\"http:\/\/qin.gg12.globaldeepsea.site\/wp-content\/uploads\/2024\/12\/size-6-269x300.webp\" alt=\"\" width=\"305\" height=\"340\" srcset=\"https:\/\/www.happy-cheerme.com\/wp-content\/uploads\/2024\/12\/size-6-269x300.webp 269w, https:\/\/www.happy-cheerme.com\/wp-content\/uploads\/2024\/12\/size-6-920x1024.webp 920w, https:\/\/www.happy-cheerme.com\/wp-content\/uploads\/2024\/12\/size-6-768x855.webp 768w, https:\/\/www.happy-cheerme.com\/wp-content\/uploads\/2024\/12\/size-6-600x668.webp 600w, https:\/\/www.happy-cheerme.com\/wp-content\/uploads\/2024\/12\/size-6.webp 952w\" sizes=\"(max-width: 305px) 100vw, 305px\" \/><\/p>\n<h2>Material<\/h2>\n<table width=\"652\">\n<tbody>\n<tr>\n<td width=\"68\">Marco<\/td>\n<td colspan=\"2\" width=\"136\">6063 Aviaci\u00f3n Aleaci\u00f3n de aluminio<\/td>\n<\/tr>\n<tr>\n<td>Vaso<\/td>\n<td colspan=\"2\">Vidrio templado ultra blanco de 10 mm, 4+4 vidrio de puerta laminada<\/td>\n<\/tr>\n<tr>\n<td>Muro<\/td>\n<td colspan=\"2\">6063 Aviaci\u00f3n Aleaci\u00f3n de aluminio + Tapicer\u00eda de superficie de acero\/Gabriel de 1.0 mm + Paquete ac\u00fastico + Panel de poli\u00e9ster de 13 mm + G350 Reductor de ruido<\/td>\n<\/tr>\n<tr>\n<td>Techo<\/td>\n<td colspan=\"2\">6063 Aviaci\u00f3n aleaci\u00f3n de aluminio + superficie de acero de 1.0 mm + paquete ac\u00fastico + panel de poli\u00e9ster + tela reductora de ruido G350<\/td>\n<\/tr>\n<tr>\n<td>Placa inferior<\/td>\n<td colspan=\"2\">Nivel E0 25 + 9 mm de madera de madera de madera maciza + bandas de borde de PVC negro + marco de acero + pies de ajuste de 25 mm + alfombra de poli\u00e9ster<\/td>\n<\/tr>\n<tr>\n<td>Revestimiento<\/td>\n<td colspan=\"2\">Pulverizaci\u00f3n electrost\u00e1tica de polvo de tigre<\/td>\n<\/tr>\n<\/tbody>\n<\/table>\n<h2>Muebles<\/h2>\n<p><img decoding=\"async\" class=\"wp-image-519 size-full alignleft\" src=\"http:\/\/qin.gg12.globaldeepsea.site\/wp-content\/uploads\/2024\/12\/detail-2.webp\" alt=\"\" width=\"262\" height=\"225\" \/><\/p>\n<div><\/div>\n<div><\/div>\n<div>Mesa de barra (con 2 titulares de taza)<br \/>\nW1465*D400*H1050<br \/>\nColor: MFC blanco\/ color de madera<br \/>\nCubierto de placa m\u00faltiple\/ polvo amarillo<\/div>\n<h2><\/h2>\n<p>&nbsp;<\/p>\n<p>&nbsp;<\/p>\n<h2><\/h2>\n<p>&nbsp;<\/p>\n<div>\n<h2>Configuraci\u00f3n de energ\u00eda<\/h2>\n<table width=\"653\">\n<tbody>\n<tr>\n<td width=\"203\">Consumo<\/td>\n<td colspan=\"2\" width=\"136\">40W, los electrodom\u00e9sticos acceden a menos de 1000W<\/td>\n<\/tr>\n<tr>\n<td>Luz del techo<\/td>\n<td colspan=\"2\">0 - 20W<\/td>\n<\/tr>\n<tr>\n<td>Ventilador de pared<\/td>\n<td colspan=\"2\">0.9W, 1500 rpm *3<\/td>\n<\/tr>\n<tr>\n<td>Ventilador de techo<\/td>\n<td colspan=\"2\">2.4W, 1800 rpm*2<\/td>\n<\/tr>\n<tr>\n<td>Ventilaci\u00f3n<\/td>\n<td colspan=\"2\">2.35 m\u00b3\/min, 83cfm, tasa de cambio de aire 45\/h<\/td>\n<\/tr>\n<tr>\n<td>Reducci\u00f3n de ruido<\/td>\n<td colspan=\"2\">DS, un 28.5 dB (IS0 23351-1: 2020)<\/td>\n<\/tr>\n<\/tbody>\n<\/table>\n<h2>Nuestras fortalezas<\/h2>\n<div>\n<div>Dise\u00f1o modular: modular para ensamblaje r\u00e1pido, con seis componentes y ensamblaje r\u00e1pido. 1 hora de montaje. F\u00e1cil de poner en un conector patentado de ensamblaje r\u00e1pido. Modular para la reorganizaci\u00f3n: uno se convierte en dos, dos se vuelven m\u00e1s; Modular para la reorganizaci\u00f3n; Restablecimiento multifunci\u00f3n.<\/div>\n<div><\/div>\n<div>II. Reducci\u00f3n de negotes: Muro 45 dB; DS, un 28.5 dB cuatro elementos de aislamiento de sonido y reducci\u00f3n de ruido. Rendimiento de sellado de grado de fabricaci\u00f3n automotriz.1.0 Panel de acero de espesor + paquete ac\u00fastico + aviaci\u00f3n 6063 aleaci\u00f3n de aluminio + 4 mm 1800 g Paneles de aislamiento de sonido de fibra de poli\u00e9ster + 9 mm 1200g Panel ac\u00fastico de fibra de poli\u00e9ster + capa superior tipo lana.<\/div>\n<div><\/div>\n<div>III. Ventilaci\u00f3n \u00f3ptima: Sistema de circulaci\u00f3n de aire doble suministro de aire doble y escape doble 1.5 minutos Volumen de ventilaci\u00f3n de circulaci\u00f3n interior por minuto: 1.63\/m\u00b3; Ventilador de escape ultra-queso no combustible: 100,000 h.<\/div>\n<div><\/div>\n<div>IV. Dise\u00f1o humanizado: Luz suave: tres segundos para iluminar+ infinitamente ajustable+ Mitsubishi Gu\u00eda de luz 50,000h sin cambio de color; El flujo luminoso m\u00e1ximo es de 2700 lm; La imitaci\u00f3n de la temperatura de color de la luz natural es 3500K.<\/div>\n<div><\/div>\n<div>V.Sostinabilidad: 100% Materiales ecol\u00f3gicos para acumular concepto de dise\u00f1o ambientalmente sostenible. Ellos son: tela Gabriel; Polvo de tigre; Aleaci\u00f3n de aluminio de aviaci\u00f3n; Junta Certificada FSC; Vidrio templado certificado 3C; Fibra de poli\u00e9ster reciclada.<\/div>\n<div><\/div>\n<div>VI. Digital Intelligence: Podemos cumplir con un an\u00e1lisis inteligente de reservas, gesti\u00f3n y liberaci\u00f3n durante las horas ocupadas. Proporciona una base para la toma de decisiones para restablecer el espacio.<\/div>\n<div>a. Seleccione tipos de espacio (por ejemplo, estaciones de trabajo, salas de reuniones, etc.) para el an\u00e1lisis.<\/div>\n<div>b. Refina la parte espacial (por ejemplo, departamento, partici\u00f3n de piso) para analizar y comparar con otras partes.<\/div>\n<div>do. Comprender los h\u00e1bitos de uso y la distribuci\u00f3n de diferentes espacios, departamentos y \u00e1reas a trav\u00e9s de un mapa de calor jer\u00e1rquico.<\/div>\n<div>d. Verificar si la configuraci\u00f3n del espacio es adecuada para el modelo de negocio a trav\u00e9s de la investigaci\u00f3n de l\u00edderes y el cuestionario de empleados.<\/div>\n<\/div>\n<\/div>","protected":false},"excerpt":{"rendered":"<p>Dimensiones externas: W1635*D1360*H2280 mm<\/p>\n<p>Dimensiones internas: W1465*D1190 (1340 es vidrio a vidrio)*H2130 mm<\/p>\n<p>Peso: 450 kg<\/p>\n<p>Dimensiones de paletas: W2190*D1410*H935 (Caja de accesorios no incluida)<\/p>\n<p>Volumen: 3 m\u00b3<\/p>\n<p>Direcci\u00f3n de apertura de la puerta; Cierre de la puerta: puerta derecha<\/p>","protected":false},"featured_media":513,"comment_status":"open","ping_status":"closed","template":"","meta":[],"product_cat":[27,25],"product_tag":[42,43,48,47,44,46,41,45],"class_list":{"0":"post-512","1":"product","2":"type-product","3":"status-publish","4":"has-post-thumbnail","6":"product_cat-dual-seat-sound-proof-booth","7":"product_cat-office-booth","8":"product_tag-acoustic-isolation-booth","9":"product_tag-compact-soundproof-room","10":"product_tag-double-person-sound-insulation-pod","11":"product_tag-dual-occupancy-sound-booth","12":"product_tag-noise-reduction-booth","13":"product_tag-small-soundproof-chamber","14":"product_tag-soundproof-booth-for-two","15":"product_tag-two-person-audio-booth","17":"first","18":"instock","19":"shipping-taxable","20":"product-type-simple"},"_links":{"self":[{"href":"https:\/\/www.happy-cheerme.com\/es\/wp-json\/wp\/v2\/product\/512","targetHints":{"allow":["GET"]}}],"collection":[{"href":"https:\/\/www.happy-cheerme.com\/es\/wp-json\/wp\/v2\/product"}],"about":[{"href":"https:\/\/www.happy-cheerme.com\/es\/wp-json\/wp\/v2\/types\/product"}],"replies":[{"embeddable":true,"href":"https:\/\/www.happy-cheerme.com\/es\/wp-json\/wp\/v2\/comments?post=512"}],"version-history":[{"count":1,"href":"https:\/\/www.happy-cheerme.com\/es\/wp-json\/wp\/v2\/product\/512\/revisions"}],"predecessor-version":[{"id":659,"href":"https:\/\/www.happy-cheerme.com\/es\/wp-json\/wp\/v2\/product\/512\/revisions\/659"}],"wp:featuredmedia":[{"embeddable":true,"href":"https:\/\/www.happy-cheerme.com\/es\/wp-json\/wp\/v2\/media\/513"}],"wp:attachment":[{"href":"https:\/\/www.happy-cheerme.com\/es\/wp-json\/wp\/v2\/media?parent=512"}],"wp:term":[{"taxonomy":"product_cat","embeddable":true,"href":"https:\/\/www.happy-cheerme.com\/es\/wp-json\/wp\/v2\/product_cat?post=512"},{"taxonomy":"product_tag","embeddable":true,"href":"https:\/\/www.happy-cheerme.com\/es\/wp-json\/wp\/v2\/product_tag?post=512"}],"curies":[{"name":"wp","href":"https:\/\/api.w.org\/{rel}","templated":true}]}}