{"id":503,"date":"2024-12-26T17:50:03","date_gmt":"2024-12-26T09:50:03","guid":{"rendered":"https:\/\/qin.gg12.globaldeepsea.site\/?post_type=product&#038;p=503"},"modified":"2024-12-27T16:41:03","modified_gmt":"2024-12-27T08:41:03","slug":"sound-proof-booth-for-2-person-cm-qm","status":"publish","type":"product","link":"https:\/\/www.happy-cheerme.com\/es\/product\/sound-proof-booth-for-2-person-cm-qm\/","title":{"rendered":"Cabina a prueba de sonido para 2 personas-CM-QM"},"content":{"rendered":"<h2>Especificaci\u00f3n de tama\u00f1o<\/h2>\n<p><img fetchpriority=\"high\" decoding=\"async\" class=\"alignnone wp-image-732\" src=\"http:\/\/qin.gg12.globaldeepsea.site\/wp-content\/uploads\/2024\/12\/10.jpg\" alt=\"\" width=\"681\" height=\"370\" srcset=\"https:\/\/www.happy-cheerme.com\/wp-content\/uploads\/2024\/12\/10.jpg 992w, https:\/\/www.happy-cheerme.com\/wp-content\/uploads\/2024\/12\/10-300x163.jpg 300w, https:\/\/www.happy-cheerme.com\/wp-content\/uploads\/2024\/12\/10-768x417.jpg 768w, https:\/\/www.happy-cheerme.com\/wp-content\/uploads\/2024\/12\/10-600x326.jpg 600w\" sizes=\"(max-width: 681px) 100vw, 681px\" \/><img decoding=\"async\" class=\"alignright wp-image-511\" src=\"http:\/\/qin.gg12.globaldeepsea.site\/wp-content\/uploads\/2024\/12\/size-5-248x300.webp\" alt=\"\" width=\"306\" height=\"370\" srcset=\"https:\/\/www.happy-cheerme.com\/wp-content\/uploads\/2024\/12\/size-5-248x300.webp 248w, https:\/\/www.happy-cheerme.com\/wp-content\/uploads\/2024\/12\/size-5.webp 482w\" sizes=\"(max-width: 306px) 100vw, 306px\" \/><\/p>\n<h2>Descripci\u00f3n<\/h2>\n<div>\n<p>1. 1,5-2.5 mm de espesor aleaci\u00f3n de aluminio + vidrio templado de alta resistencia de 10 mm + material de absorci\u00f3n de sonido y a prueba de sonido con tabla de protecci\u00f3n de entorno de 9 + 12 mm.<\/p>\n<p>2. Ventilador de escape ultra delgado y ultracilencia*2 + PD Teor\u00eda de la prueba de circulaci\u00f3n de aire a prueba de sonido.<\/p>\n<p>3. Ruido: &lt;35 dB; Velocidad: 750 rpm; Volumen del ventilador de ventilaci\u00f3n: 89cfm; Ventilaci\u00f3n promedio 1 10m3\/h.<\/p>\n<p>4. Incluyendo alfombra de bucle bajo antiest\u00e1tico y anti-deslizamiento.<\/p>\n<p>5. Luz natural integrada de 2500 ~ 6000k (luz de temperatura de tres colores*1) 100-240V\/50-60Hz Fuente de alimentaci\u00f3n.<\/p>\n<p>6. Socket*1, conmutador de dos posiciones*1, interfaz de red*1 Panel de socket de puerto USB est\u00e1 disponible.<\/p>\n<p>7. Control de la luz y el interruptor de escape por separado.<\/p>\n<p>8. Copa de pie fija de acero + rueda universal.<\/p>\n<\/div>\n<div>\n<h2>Caracter\u00edsticas y fortalezas<\/h2>\n<p>i. Materials: High strength aluminum profile,sound insulation glass,polyester fiber sound-absorbing board and environmental protection plywood.<\/p>\n<p>II. Aislamiento a prueba de sonido y sonido: la pared de las c\u00e1psulas de oficina est\u00e1 compuesta de algod\u00f3n que absorbe el sonido+ madera contrachapada amigable con el medio ambiente (estructura hueca) y vidrio templado insonorizado de 10 mm de espesor. El \u00edndice de aislamiento de sonido y reducci\u00f3n de ruido cumple con las expectativas de dise\u00f1o.<\/p>\n<p>III<\/p>\n<p>IV. Iluminaci\u00f3n: la cabina est\u00e1 equipada con luces de techo LED ajustables de temperatura de 3000k-6000k a tres colores, que b\u00e1sicamente pueden satisfacer las necesidades de la iluminaci\u00f3n de la cabina.<\/p>\n<p>V.100-240V Potencia: cada c\u00e1psula de oficina est\u00e1 equipada con un sistema de suministro de alimentaci\u00f3n de 100-240V\/50-60Hz y 12V-USB, que puede cumplir f\u00e1cilmente con el uso de electrodom\u00e9sticos principales en la vida.<\/p>\n<p>VI. F\u00e1cil de mover: la naturaleza liviana de OfficePods le permite moverlos f\u00e1cilmente a cualquier lugar donde su oficina los necesite.<\/p>\n<p>VII. F\u00e1cil de ensamblar: dise\u00f1amos nuestras c\u00e1psulas de oficina para que se ensamblaran f\u00e1cilmente con un equipo de 1-3 personas con solo un ejercicio el\u00e9ctrico y una escalera.<\/p>\n<\/div>","protected":false},"excerpt":{"rendered":"<p>External demensions: 1500w x 1250d x 2348.5h (mm)<\/p>\n<p>demensiones internas: 1370w x 1206d x 2128h (mm)<\/p>\n<p>Weight -G.W.\/N.W: 470kg\/380kg<\/p>\n<p>Palletizing demensions: 2300w x 1200d x 1450h\uff08MM\uff09<\/p>\n<p>Volume: 3.52 m\u00b3<\/p>","protected":false},"featured_media":504,"comment_status":"open","ping_status":"closed","template":"","meta":[],"product_cat":[27,25],"product_tag":[122,116,119,117,121,120,118,115],"class_list":{"0":"post-503","1":"product","2":"type-product","3":"status-publish","4":"has-post-thumbnail","6":"product_cat-dual-seat-sound-proof-booth","7":"product_cat-office-booth","8":"product_tag-2-person-isolation-booth","9":"product_tag-2-person-soundproof-booth","10":"product_tag-compact-soundproof-booth","11":"product_tag-double-occupancy-soundproof-booth","12":"product_tag-enclosed-soundproof-booth","13":"product_tag-private-soundproof-booth","14":"product_tag-small-soundproof-booth","15":"product_tag-soundproof-booth-for-2","17":"first","18":"instock","19":"shipping-taxable","20":"product-type-simple"},"_links":{"self":[{"href":"https:\/\/www.happy-cheerme.com\/es\/wp-json\/wp\/v2\/product\/503","targetHints":{"allow":["GET"]}}],"collection":[{"href":"https:\/\/www.happy-cheerme.com\/es\/wp-json\/wp\/v2\/product"}],"about":[{"href":"https:\/\/www.happy-cheerme.com\/es\/wp-json\/wp\/v2\/types\/product"}],"replies":[{"embeddable":true,"href":"https:\/\/www.happy-cheerme.com\/es\/wp-json\/wp\/v2\/comments?post=503"}],"version-history":[{"count":1,"href":"https:\/\/www.happy-cheerme.com\/es\/wp-json\/wp\/v2\/product\/503\/revisions"}],"predecessor-version":[{"id":660,"href":"https:\/\/www.happy-cheerme.com\/es\/wp-json\/wp\/v2\/product\/503\/revisions\/660"}],"wp:featuredmedia":[{"embeddable":true,"href":"https:\/\/www.happy-cheerme.com\/es\/wp-json\/wp\/v2\/media\/504"}],"wp:attachment":[{"href":"https:\/\/www.happy-cheerme.com\/es\/wp-json\/wp\/v2\/media?parent=503"}],"wp:term":[{"taxonomy":"product_cat","embeddable":true,"href":"https:\/\/www.happy-cheerme.com\/es\/wp-json\/wp\/v2\/product_cat?post=503"},{"taxonomy":"product_tag","embeddable":true,"href":"https:\/\/www.happy-cheerme.com\/es\/wp-json\/wp\/v2\/product_tag?post=503"}],"curies":[{"name":"wp","href":"https:\/\/api.w.org\/{rel}","templated":true}]}}