{"id":642,"date":"2024-12-27T10:26:31","date_gmt":"2024-12-27T02:26:31","guid":{"rendered":"https:\/\/qin.gg12.globaldeepsea.site\/?post_type=product&#038;p=642"},"modified":"2024-12-27T15:03:46","modified_gmt":"2024-12-27T07:03:46","slug":"sound-proof-booth-for-4-person-cm-q3l","status":"publish","type":"product","link":"https:\/\/www.happy-cheerme.com\/de\/product\/sound-proof-booth-for-4-person-cm-q3l\/","title":{"rendered":"Schalldichtes Stand f\u00fcr 4 Personen-CM-Q3L"},"content":{"rendered":"<h2>Gr\u00f6\u00dfenspezifikation<\/h2>\n<p><img fetchpriority=\"high\" decoding=\"async\" class=\"alignnone wp-image-717\" src=\"http:\/\/qin.gg12.globaldeepsea.site\/wp-content\/uploads\/2024\/12\/2.jpg\" alt=\"\" width=\"680\" height=\"316\" srcset=\"https:\/\/www.happy-cheerme.com\/wp-content\/uploads\/2024\/12\/2.jpg 800w, https:\/\/www.happy-cheerme.com\/wp-content\/uploads\/2024\/12\/2-300x140.jpg 300w, https:\/\/www.happy-cheerme.com\/wp-content\/uploads\/2024\/12\/2-768x357.jpg 768w, https:\/\/www.happy-cheerme.com\/wp-content\/uploads\/2024\/12\/2-600x279.jpg 600w\" sizes=\"(max-width: 680px) 100vw, 680px\" \/>\u00a0 \u00a0 \u00a0 \u00a0 \u00a0<img decoding=\"async\" class=\"alignnone\" src=\"http:\/\/qin.gg12.globaldeepsea.site\/wp-content\/uploads\/2024\/12\/size-14.webp\" alt=\"\" width=\"386\" height=\"306\" \/><\/p>\n<h2>Beschreibung<\/h2>\n<p>1. 1,5-2,5 mm Dicke Aluminiumlegierung + 10 mm hochfestes Glas + schallabsorbierende und schalldichtes Material mit 9 + 12-mm-Umgebungsschutzplanke.<\/p>\n<p>2. Ultra-d\u00fcnn &amp; Ultra-Silence-Auspuff-L\u00fcfter*4 + PD-Theorie Langwaden-Beweisluftkreislaufrohr.<\/p>\n<p>3. Rauschen: &lt;35 dB; Geschwindigkeit: 750 U \/ min; L\u00fcftungsl\u00fcftervolumen: 89CFM; Durchschnittliche Bel\u00fcftung 1 10 m3\/h.<\/p>\n<p>4. Einschlie\u00dflich antistatischer und gleitender Rutschhaufen-Stapelteppich.<\/p>\n<p>5. Integriert 2500 ~ 6000K nat\u00fcrliches Licht (Drei-Farben-Temperaturlicht*1) 100-240 V\/50-60 Hz Stromversorgung.<\/p>\n<p>6. Socket*1, Zwei-Positions-Switch*1, Netzwerkschnittstelle*1 USB-Port-Socket-Panel ist verf\u00fcgbar.<\/p>\n<p>7. Leicht- und Abgasschaltersteuerung separat.<\/p>\n<p>8. Stahlfeste Fu\u00dfbecher + Universalrad.<\/p>\n<h2>Features And Strengths<\/h2>\n<p>i.Materials: High strength aluminum profile,sound insulation glass,polyester fiber sound-absorbing board and environmental protection plywood.<\/p>\n<p>ii.SOUNDPROOF &amp; SOUND INSULATION: The wall of the office pods is composed of sound-absorbing cotton+ environmentally friendly plywood (hollow structure) and 10mm thick soundproof tempered glass.The sound insulation and noise reduction index meets the design expectations.<\/p>\n<p>III.Verbiliert: Jedes B\u00fcroschoten wurde mit einem Labyrinth-Frischluftsystem vom Typ Labyrinth ausgestattet, das aus ultra-d\u00fcnn + ultra-projeer Frischluftl\u00fcfter + PD-Prinzip-Langzeit-Schall-Soot-Luftzirkulationskanal besteht, und es muss nur 3-5 Minuten lang eingeschaltet werden.<\/p>\n<p>iv.LIGHTING: The cabin is equipped with 3000K-6000k three-color temperature adjustable LED ceiling lights, which can basically meet the needs of cabin lighting.<\/p>\n<p>v.100-240V POWER: Every office pods is equipped with 100-240V\/50-60Hz and 12V-USB power supply system,which can easily meet the use of mainstream electrical appliances in life.<\/p>\n<p>vi.Easy To Move : The lightweight nature of the officepods allows you to easily move them anywhere your office needs them.<\/p>\n<p>vii.Easy To Assemble: We designed our office pods to be easily assembled with a team of 1-3people with just a power drill and a ladder.<\/p>","protected":false},"excerpt":{"rendered":"<p>Externe Erma\u00dfen: 3000W x 2100d x 2348,5H (mm)<\/p>\n<p>Interne Erma\u00dfen: 2872W x 2013d x 2128H (MM)<\/p>\n<p>Gewicht -GW\/NW: 880 kg\/700 kg<\/p>\n<p>Palletisierungsdemensionen: 2350W x 1300d x 1700H mm<\/p>\n<p>Volumen: 15,65 m\u00b3<\/p>","protected":false},"featured_media":643,"comment_status":"open","ping_status":"closed","template":"","meta":[],"product_cat":[28,25],"product_tag":[56,42,44,107,59,108,106,49],"class_list":{"0":"post-642","1":"product","2":"type-product","3":"status-publish","4":"has-post-thumbnail","6":"product_cat-four-seat-sound-proof-booth","7":"product_cat-office-booth","8":"product_tag-4-person-booth","9":"product_tag-acoustic-isolation-booth","10":"product_tag-noise-reduction-booth","11":"product_tag-office-meeting-pod","12":"product_tag-privacy-booth","13":"product_tag-small-conference-booth","14":"product_tag-sound-absorbing-booth","15":"product_tag-soundproof-booth","17":"first","18":"instock","19":"shipping-taxable","20":"product-type-simple"},"_links":{"self":[{"href":"https:\/\/www.happy-cheerme.com\/de\/wp-json\/wp\/v2\/product\/642","targetHints":{"allow":["GET"]}}],"collection":[{"href":"https:\/\/www.happy-cheerme.com\/de\/wp-json\/wp\/v2\/product"}],"about":[{"href":"https:\/\/www.happy-cheerme.com\/de\/wp-json\/wp\/v2\/types\/product"}],"replies":[{"embeddable":true,"href":"https:\/\/www.happy-cheerme.com\/de\/wp-json\/wp\/v2\/comments?post=642"}],"version-history":[{"count":1,"href":"https:\/\/www.happy-cheerme.com\/de\/wp-json\/wp\/v2\/product\/642\/revisions"}],"predecessor-version":[{"id":716,"href":"https:\/\/www.happy-cheerme.com\/de\/wp-json\/wp\/v2\/product\/642\/revisions\/716"}],"wp:featuredmedia":[{"embeddable":true,"href":"https:\/\/www.happy-cheerme.com\/de\/wp-json\/wp\/v2\/media\/643"}],"wp:attachment":[{"href":"https:\/\/www.happy-cheerme.com\/de\/wp-json\/wp\/v2\/media?parent=642"}],"wp:term":[{"taxonomy":"product_cat","embeddable":true,"href":"https:\/\/www.happy-cheerme.com\/de\/wp-json\/wp\/v2\/product_cat?post=642"},{"taxonomy":"product_tag","embeddable":true,"href":"https:\/\/www.happy-cheerme.com\/de\/wp-json\/wp\/v2\/product_tag?post=642"}],"curies":[{"name":"wp","href":"https:\/\/api.w.org\/{rel}","templated":true}]}}