{"id":626,"date":"2024-12-27T10:07:33","date_gmt":"2024-12-27T02:07:33","guid":{"rendered":"https:\/\/qin.gg12.globaldeepsea.site\/?post_type=product&#038;p=626"},"modified":"2024-12-27T10:08:26","modified_gmt":"2024-12-27T02:08:26","slug":"prefab-house-space-capsule-pod-for-2-person-with-balcony-w7","status":"publish","type":"product","link":"https:\/\/www.happy-cheerme.com\/de\/product\/prefab-house-space-capsule-pod-for-2-person-with-balcony-w7\/","title":{"rendered":"Prefab House Space Capsule Pod f\u00fcr 2 Person mit Balkon w7"},"content":{"rendered":"<h2>Produktkonfiguration<\/h2>\n<p><strong>Innenausstattung:<\/strong><br \/>\n\u2022 Standard -Farb -integrierte Decken- und Wandmodule<br \/>\n\u2022 SPC -Holzkornboden<br \/>\n\u2022 Badezimmer Privatsph\u00e4re Au\u00dfent\u00fcr<br \/>\n\u2022 Badezimmerdecke\/Wand (Dekorationsfeld+Marmor dekorative Panel)<br \/>\n\u2022 Angeordneter Waschbecken\/Becken\/Badezimmerspiegel<br \/>\n\u2022 Toilette\/Wasserhahn\/Dusche\/Bodenabfluss<br \/>\n\u2022 Beleuchtungssystem<br \/>\n\u2022 Wasserstromsystem<br \/>\n\u2022 Intelligentes Steuerungssystem f\u00fcr elektrische Vorh\u00e4nge<br \/>\n\u2022 Steckkartenleistung \/ Kartenausfall ausschalten<\/p>\n<p><strong>Individuelle Hardbound -M\u00f6bel:<\/strong><br \/>\n\u2022 Customized Bar Counter<br \/>\n\u2022 Customized Storing Cabinet<br \/>\n\u2022 Spezifische Schuhwechselst\u00fchle<\/p>\n<p><strong>Au\u00dfenstruktur der Hauptstruktur:<\/strong><br \/>\n\u2022 Standard-Stahlrahmenkonstruktion von Hei\u00dftipps,<br \/>\n\u2022 Aluminiumlegierung im Freien im Freien<br \/>\n\u2022 W\u00e4rmeisolierung und wasserdichte Schicht<br \/>\n\u2022 hohle Glasst\u00fcren und Fenster<br \/>\n\u2022 Fortgeschrittene Eingangst\u00fcr<br \/>\n\u2022 Balkonglas T\u00fcr<br \/>\n\u2022 Periphere Lichtstreifen<\/p>\n<p><strong>Produktzubeh\u00f6r:<\/strong><br \/>\n\u2022 Lastlagerst\u00fctze Fu\u00dfst\u00fctze-Liftenringe\/Transportvorrichtungen\/Verbindungen<\/p>\n<p><img fetchpriority=\"high\" decoding=\"async\" class=\"\" src=\"http:\/\/qin.gg12.globaldeepsea.site\/wp-content\/uploads\/2024\/12\/detail-6.webp\" alt=\"\" width=\"1090\" height=\"613\" \/><\/p>","protected":false},"excerpt":{"rendered":"<p>Gr\u00f6\u00dfe (m): 8,6 (l)*3,2 (w)*3,4 (h)<\/p>\n<p>Geb\u00e4udebereich: 27.5\u33a1<\/p>\n<p>Produktgewicht: 5,6-6 Tonnen<\/p>\n<p>Anzahl der Verwendungen: 2 Personen<\/p>","protected":false},"featured_media":627,"comment_status":"open","ping_status":"closed","template":"","meta":[],"product_cat":[30],"product_tag":[88,87,100,98,84,96,99,97],"class_list":{"0":"post-626","1":"product","2":"type-product","3":"status-publish","4":"has-post-thumbnail","6":"product_cat-prefab-house","7":"product_tag-2-person","8":"product_tag-balcony","9":"product_tag-compact-living-space","10":"product_tag-portable-accommodation","11":"product_tag-prefab-house","12":"product_tag-space-capsule-pod","13":"product_tag-tiny-living","14":"product_tag-w7","16":"first","17":"instock","18":"shipping-taxable","19":"product-type-simple"},"_links":{"self":[{"href":"https:\/\/www.happy-cheerme.com\/de\/wp-json\/wp\/v2\/product\/626","targetHints":{"allow":["GET"]}}],"collection":[{"href":"https:\/\/www.happy-cheerme.com\/de\/wp-json\/wp\/v2\/product"}],"about":[{"href":"https:\/\/www.happy-cheerme.com\/de\/wp-json\/wp\/v2\/types\/product"}],"replies":[{"embeddable":true,"href":"https:\/\/www.happy-cheerme.com\/de\/wp-json\/wp\/v2\/comments?post=626"}],"version-history":[{"count":0,"href":"https:\/\/www.happy-cheerme.com\/de\/wp-json\/wp\/v2\/product\/626\/revisions"}],"wp:featuredmedia":[{"embeddable":true,"href":"https:\/\/www.happy-cheerme.com\/de\/wp-json\/wp\/v2\/media\/627"}],"wp:attachment":[{"href":"https:\/\/www.happy-cheerme.com\/de\/wp-json\/wp\/v2\/media?parent=626"}],"wp:term":[{"taxonomy":"product_cat","embeddable":true,"href":"https:\/\/www.happy-cheerme.com\/de\/wp-json\/wp\/v2\/product_cat?post=626"},{"taxonomy":"product_tag","embeddable":true,"href":"https:\/\/www.happy-cheerme.com\/de\/wp-json\/wp\/v2\/product_tag?post=626"}],"curies":[{"name":"wp","href":"https:\/\/api.w.org\/{rel}","templated":true}]}}