{"id":618,"date":"2024-12-27T09:48:14","date_gmt":"2024-12-27T01:48:14","guid":{"rendered":"https:\/\/qin.gg12.globaldeepsea.site\/?post_type=product&#038;p=618"},"modified":"2024-12-27T10:02:38","modified_gmt":"2024-12-27T02:02:38","slug":"prefab-house-space-capsule-pod-for-2-person-with-balcony-w9","status":"publish","type":"product","link":"https:\/\/www.happy-cheerme.com\/de\/product\/prefab-house-space-capsule-pod-for-2-person-with-balcony-w9\/","title":{"rendered":"Prefab House Space Capsule Pod f\u00fcr 2 Person mit Balkon - W9"},"content":{"rendered":"<h2>Hauptstruktur<\/h2>\n<table width=\"722\">\n<tbody>\n<tr>\n<td width=\"178\">Stahlrahmen<\/td>\n<td colspan=\"3\" width=\"204\">HOT-DIP Gzlvanisierte Stahlrahmenkonstruktion: 100\/50*50*mm<\/td>\n<\/tr>\n<tr>\n<td>Au\u00dfentafel<\/td>\n<td colspan=\"3\">Alumium Vaneer<\/td>\n<\/tr>\n<tr>\n<td>W\u00e4rmeisolierung<\/td>\n<td colspan=\"3\">Gesamtdicke 100 -mm -Isolationsschicht<\/td>\n<\/tr>\n<tr>\n<td>Eingangst\u00fcr<\/td>\n<td colspan=\"3\">Standard -Eingangst\u00fcr+Smart Passwort Sperre<\/td>\n<\/tr>\n<tr>\n<td>Au\u00dfenglas<\/td>\n<td colspan=\"3\">6low-e+12a+6 mm hohle, getempertes Glas<\/td>\n<\/tr>\n<tr>\n<td>Fenster<\/td>\n<td colspan=\"3\">5+9a+5mm hohl, temperamentvolles Glas+Aluminiumlegierungsprofil<\/td>\n<\/tr>\n<tr>\n<td>Balkonglas<\/td>\n<td colspan=\"3\">10 mm getempertes hei\u00dfes gebogenes Glas<\/td>\n<\/tr>\n<tr>\n<td>Balkon T\u00fcr<\/td>\n<td colspan=\"3\">4+15a+4 mm hohle Glas-+Aluminiumlegierungsprofil<\/td>\n<\/tr>\n<tr>\n<td>Balkonboden<\/td>\n<td colspan=\"3\">Holzb\u00f6den<\/td>\n<\/tr>\n<tr>\n<td>Badezimmert\u00fcr<\/td>\n<td colspan=\"3\">4+15a+4 mm hohle Tief-E-Temperaturglas+Aluminiumlegierungsprofil<\/td>\n<\/tr>\n<tr>\n<td>Leiter<\/td>\n<td colspan=\"3\">Standardtreppe, Stahlrahmen+Holzplastikboden<\/td>\n<\/tr>\n<tr>\n<td>Ausr\u00fcstungsraum<\/td>\n<td colspan=\"3\">Wartungsraum f\u00fcr Wechselstrom- und Warmwasserbereiter Ger\u00e4te<\/td>\n<\/tr>\n<\/tbody>\n<\/table>\n<h2>Anwendbare Szenarien<\/h2>\n<div><strong>Wilder Luxushotelmodus<\/strong><\/div>\n<div>Erstellen Sie durch Umweltkreation ein einzigartiges und charmantes Reiseziel f\u00fcr die Unterkunft in Touristen.<\/div>\n<div><strong>L\u00e4ndliches Forschungslagermodell<\/strong><\/div>\n<div>Unterst\u00fctzung Eigent\u00fcmer von Bauernh\u00f6fen, Weiden, \u00f6kologischen G\u00e4rten und anderen Bereichen bei der Erweiterung ihrer Operationen und der Verbesserung ihrer Forschungs- und Lernbed\u00fcrfnisse.<\/div>\n<div><strong>L\u00e4ndlicher Komplexmodus<\/strong><\/div>\n<div>Integrieren Sie die Unterkunft und die l\u00e4ndlichen Aktivit\u00e4ten organisch und entwerfen Sie ein umfassendes Projekt f\u00fcr l\u00e4ndliche Unterhaltung, Lebensmittel und Wohnraum.<\/div>\n<div><strong>Gesundheits- und Wellness -Tourismusmodus<\/strong><\/div>\n<div>Nutzen Sie unterst\u00fctzende Einrichtungen wie Waldgesundheit, Hot Spring Vacations sowie den Blick auf den Strand und Meer, um eine Gesundheits- und Wellness -Tourismusbasis aufzubauen.<\/div>\n<div><\/div>\n<div><\/div>\n<div>Bergbereit, Ebene, Blumenmeer, See, Meer, Grasland, schneebedeckte Berge, Landschaft usw. f\u00fcr mehrere Szenarien l\u00fcftbar<\/div>\n<div><img fetchpriority=\"high\" decoding=\"async\" class=\"alignnone wp-image-624 size-full\" src=\"http:\/\/qin.gg12.globaldeepsea.site\/wp-content\/uploads\/2024\/12\/applicable.webp\" alt=\"\" width=\"1266\" height=\"712\" srcset=\"https:\/\/www.happy-cheerme.com\/wp-content\/uploads\/2024\/12\/applicable.webp 1266w, https:\/\/www.happy-cheerme.com\/wp-content\/uploads\/2024\/12\/applicable-300x169.webp 300w, https:\/\/www.happy-cheerme.com\/wp-content\/uploads\/2024\/12\/applicable-1024x576.webp 1024w, https:\/\/www.happy-cheerme.com\/wp-content\/uploads\/2024\/12\/applicable-768x432.webp 768w, https:\/\/www.happy-cheerme.com\/wp-content\/uploads\/2024\/12\/applicable-600x337.webp 600w\" sizes=\"(max-width: 1266px) 100vw, 1266px\" \/><\/div>","protected":false},"excerpt":{"rendered":"<p>Gr\u00f6\u00dfe (m): 8,6 (l)*3,2 (w)*3,4 (h),<\/p>\n<p>Geb\u00e4udebereich: 27.5\u33a1,<\/p>\n<p>Produktgewicht: 5,6-6 Tonnen<\/p>\n<p>Anzahl der Verwendungen: 2 Personen<\/p>","protected":false},"featured_media":619,"comment_status":"open","ping_status":"closed","template":"","meta":[],"product_cat":[30],"product_tag":[87,90,95,92,94,84,85,93],"class_list":{"0":"post-618","1":"product","2":"type-product","3":"status-publish","4":"has-post-thumbnail","6":"product_cat-prefab-house","7":"product_tag-balcony","8":"product_tag-compact-living","9":"product_tag-outdoor-living-solution","10":"product_tag-pod-for-2-person","11":"product_tag-portable-housing","12":"product_tag-prefab-house","13":"product_tag-space-capsule","14":"product_tag-w9-model","16":"first","17":"instock","18":"shipping-taxable","19":"product-type-simple"},"_links":{"self":[{"href":"https:\/\/www.happy-cheerme.com\/de\/wp-json\/wp\/v2\/product\/618","targetHints":{"allow":["GET"]}}],"collection":[{"href":"https:\/\/www.happy-cheerme.com\/de\/wp-json\/wp\/v2\/product"}],"about":[{"href":"https:\/\/www.happy-cheerme.com\/de\/wp-json\/wp\/v2\/types\/product"}],"replies":[{"embeddable":true,"href":"https:\/\/www.happy-cheerme.com\/de\/wp-json\/wp\/v2\/comments?post=618"}],"version-history":[{"count":1,"href":"https:\/\/www.happy-cheerme.com\/de\/wp-json\/wp\/v2\/product\/618\/revisions"}],"predecessor-version":[{"id":625,"href":"https:\/\/www.happy-cheerme.com\/de\/wp-json\/wp\/v2\/product\/618\/revisions\/625"}],"wp:featuredmedia":[{"embeddable":true,"href":"https:\/\/www.happy-cheerme.com\/de\/wp-json\/wp\/v2\/media\/619"}],"wp:attachment":[{"href":"https:\/\/www.happy-cheerme.com\/de\/wp-json\/wp\/v2\/media?parent=618"}],"wp:term":[{"taxonomy":"product_cat","embeddable":true,"href":"https:\/\/www.happy-cheerme.com\/de\/wp-json\/wp\/v2\/product_cat?post=618"},{"taxonomy":"product_tag","embeddable":true,"href":"https:\/\/www.happy-cheerme.com\/de\/wp-json\/wp\/v2\/product_tag?post=618"}],"curies":[{"name":"wp","href":"https:\/\/api.w.org\/{rel}","templated":true}]}}