{"id":611,"date":"2024-12-27T09:41:45","date_gmt":"2024-12-27T01:41:45","guid":{"rendered":"https:\/\/qin.gg12.globaldeepsea.site\/?post_type=product&#038;p=611"},"modified":"2024-12-27T10:30:13","modified_gmt":"2024-12-27T02:30:13","slug":"prefab-house-space-capsule-pod-for-2-person-with-balcony-w12","status":"publish","type":"product","link":"https:\/\/www.happy-cheerme.com\/de\/product\/prefab-house-space-capsule-pod-for-2-person-with-balcony-w12\/","title":{"rendered":"Prefab House Space Capsule Pod f\u00fcr 2 Person mit Balkon - W12"},"content":{"rendered":"<h2>Stahlrahmen<\/h2>\n<table width=\"769\">\n<tbody>\n<tr>\n<td width=\"205\">Stahlrahmen<\/td>\n<td colspan=\"3\" width=\"204\">HOT-DIP Gzlvanisierte Stahlrahmenkonstruktion: 100\/50*50*mm<\/td>\n<\/tr>\n<tr>\n<td>Au\u00dfentafel<\/td>\n<td colspan=\"3\">Alumium Vaneer<\/td>\n<\/tr>\n<tr>\n<td>W\u00e4rmeisolierung<\/td>\n<td colspan=\"3\">Gesamtdicke 100 -mm -Isolationsschicht<\/td>\n<\/tr>\n<tr>\n<td>Eingangst\u00fcr<\/td>\n<td colspan=\"3\">Standard -Eingangst\u00fcr+Smart Passwort Sperre<\/td>\n<\/tr>\n<tr>\n<td>Au\u00dfenglas<\/td>\n<td colspan=\"3\">6LOW-E+12A+6 mm hohle, temperamentvoller Glas<\/td>\n<\/tr>\n<tr>\n<td>Fenster<\/td>\n<td colspan=\"3\">5+9a+5 mm hohl getemperte Glas+Aluminiumlegierungsprofil<\/td>\n<\/tr>\n<tr>\n<td>Balkonglas<\/td>\n<td colspan=\"3\">10 mm getempertes hei\u00dfes gebogenes Glas<\/td>\n<\/tr>\n<tr>\n<td>Balkon T\u00fcr<\/td>\n<td colspan=\"3\">4+15a+4 mm hohle Glas-+Aluminiumlegierungsprofil<\/td>\n<\/tr>\n<tr>\n<td>Balkonboden<\/td>\n<td colspan=\"3\">Holzb\u00f6den<\/td>\n<\/tr>\n<tr>\n<td>Badezimmert\u00fcr<\/td>\n<td colspan=\"3\">4+15a+4mm hohl, geschmittertes Glas+Aluminiumlegierungsprofil<\/td>\n<\/tr>\n<tr>\n<td>Leiter<\/td>\n<td colspan=\"3\">Standardtreppe, Stahlrahmen+Holzplastikboden<\/td>\n<\/tr>\n<tr>\n<td>Ausr\u00fcstungsraum<\/td>\n<td colspan=\"3\">Wartungsraum f\u00fcr Wechselstrom- und Warmwasserbereiter Ger\u00e4te<\/td>\n<\/tr>\n<tr>\n<td>Decke<\/td>\n<td colspan=\"3\">Alumium Vaneer<\/td>\n<\/tr>\n<\/tbody>\n<\/table>\n<h2>Installationsprozess<\/h2>\n<div><strong>Spielen Sie den Transport<\/strong><\/div>\n<div>Nachdem die externe Verpackung des Produkts abgeschlossen ist, wird es mit einem gro\u00dfen flachen Anh\u00e4nger transportiert. W\u00e4hrend der Reise des Produkts von der Fabrik zum Campingplatz werden strenge Sicherheitsschutzma\u00dfnahmen ergriffen, um Sicherheit und Stabilit\u00e4t w\u00e4hrend des Transports zu gew\u00e4hrleisten.<\/div>\n<div><\/div>\n<div><strong>Produktbaugruppe<\/strong><\/div>\n<div>Nachdem das Transportfahrzeug am Projektstandort eingetreten ist, muss sich der Kunde selbst an den \u00f6rtlichen Kranservice wenden. Das Hebegewicht reicht von 6 Tonnen bis 10 Tonnen, und es wird empfohlen, einen Kran von nicht weniger als 25 Tonnen zum Laden und Entladen zu verwenden.<\/div>\n<div><\/div>\n<div><strong>Installierte Basis<\/strong><\/div>\n<div>Vor der Installation des Produkts muss der Kunde die Vor-Ort-Ingenieurwesen von Wasser- und Stromversorgung, Abwasserpipelines und tragende Fundament gem\u00e4\u00df den Produktstandards unseres Unternehmens aus grundlegenden Wasser- und Stromzeichnungen abschlie\u00dfen. H\u00e4rteter Boden kann direkt vor Ort installiert werden. Bitte bereiten Sie die Infrastruktur f\u00fcr andere geologische Umgebungen vor.<\/div>\n<div><\/div>\n<div><strong>After-Sales-Service<\/strong><\/div>\n<div>Unser Unternehmen bietet innerhalb eines Jahres ab dem Datum der Sonderanfertigung kostenlose Reparaturdienste f\u00fcr unsere Produkte an. Wenn die Garantiefrist ein Jahr \u00fcbersteigt, werden Reparaturen zum Kostenpreis in Rechnung gestellt.<\/div>\n<div><img fetchpriority=\"high\" decoding=\"async\" class=\"alignnone wp-image-617 size-full\" src=\"http:\/\/qin.gg12.globaldeepsea.site\/wp-content\/uploads\/2024\/12\/process.webp\" alt=\"\" width=\"1266\" height=\"712\" srcset=\"https:\/\/www.happy-cheerme.com\/wp-content\/uploads\/2024\/12\/process.webp 1266w, https:\/\/www.happy-cheerme.com\/wp-content\/uploads\/2024\/12\/process-300x169.webp 300w, https:\/\/www.happy-cheerme.com\/wp-content\/uploads\/2024\/12\/process-1024x576.webp 1024w, https:\/\/www.happy-cheerme.com\/wp-content\/uploads\/2024\/12\/process-768x432.webp 768w, https:\/\/www.happy-cheerme.com\/wp-content\/uploads\/2024\/12\/process-600x337.webp 600w\" sizes=\"(max-width: 1266px) 100vw, 1266px\" \/><\/div>","protected":false},"excerpt":{"rendered":"<div data-module=\"6\">\n<p>Gr\u00f6\u00dfe (m): 11,5 (l)*3,2 (w)*3,4 (h),<\/p>\n<p>Geb\u00e4udebereich: 36.8\u33a1,<\/p>\n<p>Produktgewicht: 5,5-6 Tonnen<\/p>\n<p>Anzahl der Verwendungen: 2 Personen<\/p>\n<\/div>","protected":false},"featured_media":612,"comment_status":"open","ping_status":"closed","template":"","meta":[],"product_cat":[30],"product_tag":[88,87,90,89,91,86,84,85],"class_list":{"0":"post-611","1":"product","2":"type-product","3":"status-publish","4":"has-post-thumbnail","6":"product_cat-prefab-house","7":"product_tag-2-person","8":"product_tag-balcony","9":"product_tag-compact-living","10":"product_tag-living-space","11":"product_tag-modern-design","12":"product_tag-pod","13":"product_tag-prefab-house","14":"product_tag-space-capsule","16":"first","17":"instock","18":"shipping-taxable","19":"product-type-simple"},"_links":{"self":[{"href":"https:\/\/www.happy-cheerme.com\/de\/wp-json\/wp\/v2\/product\/611","targetHints":{"allow":["GET"]}}],"collection":[{"href":"https:\/\/www.happy-cheerme.com\/de\/wp-json\/wp\/v2\/product"}],"about":[{"href":"https:\/\/www.happy-cheerme.com\/de\/wp-json\/wp\/v2\/types\/product"}],"replies":[{"embeddable":true,"href":"https:\/\/www.happy-cheerme.com\/de\/wp-json\/wp\/v2\/comments?post=611"}],"version-history":[{"count":1,"href":"https:\/\/www.happy-cheerme.com\/de\/wp-json\/wp\/v2\/product\/611\/revisions"}],"predecessor-version":[{"id":651,"href":"https:\/\/www.happy-cheerme.com\/de\/wp-json\/wp\/v2\/product\/611\/revisions\/651"}],"wp:featuredmedia":[{"embeddable":true,"href":"https:\/\/www.happy-cheerme.com\/de\/wp-json\/wp\/v2\/media\/612"}],"wp:attachment":[{"href":"https:\/\/www.happy-cheerme.com\/de\/wp-json\/wp\/v2\/media?parent=611"}],"wp:term":[{"taxonomy":"product_cat","embeddable":true,"href":"https:\/\/www.happy-cheerme.com\/de\/wp-json\/wp\/v2\/product_cat?post=611"},{"taxonomy":"product_tag","embeddable":true,"href":"https:\/\/www.happy-cheerme.com\/de\/wp-json\/wp\/v2\/product_tag?post=611"}],"curies":[{"name":"wp","href":"https:\/\/api.w.org\/{rel}","templated":true}]}}