{"id":578,"date":"2024-12-26T21:40:36","date_gmt":"2024-12-26T13:40:36","guid":{"rendered":"https:\/\/qin.gg12.globaldeepsea.site\/?post_type=product&#038;p=578"},"modified":"2024-12-27T10:43:20","modified_gmt":"2024-12-27T02:43:20","slug":"the-blue-whale-prefab-house","status":"publish","type":"product","link":"https:\/\/www.happy-cheerme.com\/de\/product\/the-blue-whale-prefab-house\/","title":{"rendered":"Das Blue Whale Prefab House"},"content":{"rendered":"<div>\n<p>Unsere Designphilosophie umfasst sowohl technologische Innovation als auch \u00f6kologische Sensibilit\u00e4t und stellt sicher, dass jedes Blue Whale Prefab House nicht nur ein erstklassiges Lebenserlebnis bietet, sondern auch positiv zur Umwelt beitr\u00e4gt. Die Verwendung nachhaltiger Materialien und energieeffizienten Designs unterstreicht unser Engagement f\u00fcr umweltfreundliche Geb\u00e4udepraktiken und hilft, die \u00f6kologischen Auswirkungen zu verringern.<\/p>\n<p>Dar\u00fcber hinaus ist das Blue Whale Prefab House in seinen Anwendungen in verschiedenen Branchen vielseitig. Es ist eine ideale Wahl, um die Touristenattraktionen zu verbessern, Hotelunterk\u00fcnfte zu bereichern, Campingpl\u00e4tze zu verbessern und Infrastrukturen des \u00f6ffentlichen Dienstes zu verbessern. Durch die Einf\u00fchrung dieser intelligenten mobilen Geb\u00e4ude in landschaftliche Orte unterst\u00fctzen wir die Hebung neuer l\u00e4ndlicher Tourismusunternehmen und unterst\u00fctzen die Ausweitung innovativer Gesch\u00e4ftsmodelle in Sektoren von Gastfamilien und Gastgewerbe.<\/p>\n<p>Unser Engagement geht \u00fcber die blo\u00dfen architektonischen Leistungen hinaus. Wir widmen uns der F\u00f6rderung der Entwicklung neuer Gesch\u00e4ftsformate, die nachhaltig, profitabel und umweltvertr\u00e4glich sind. Das Blue Whale Prefab House ist mehr als nur ein Wohnraum - es ist eine Bewegung in Richtung intelligentere, gr\u00fcnere und anpassungsf\u00e4higere Baul\u00f6sungen f\u00fcr die Zukunft. Dadurch wollen wir revolutionieren, wie lebende R\u00e4ume wahrgenommen und genutzt werden, wodurch ein ges\u00fcnderes Verh\u00e4ltnis zwischen menschlicher Behausung und der nat\u00fcrlichen Welt um uns herum gef\u00f6rdert wird.<\/p>\n<\/div>\n<div><img fetchpriority=\"high\" decoding=\"async\" class=\"alignnone wp-image-584 size-full\" src=\"http:\/\/qin.gg12.globaldeepsea.site\/wp-content\/uploads\/2024\/12\/1-2.webp\" alt=\"\" width=\"557\" height=\"314\" srcset=\"https:\/\/www.happy-cheerme.com\/wp-content\/uploads\/2024\/12\/1-2.webp 557w, https:\/\/www.happy-cheerme.com\/wp-content\/uploads\/2024\/12\/1-2-300x169.webp 300w\" sizes=\"(max-width: 557px) 100vw, 557px\" \/> <img decoding=\"async\" class=\"alignnone wp-image-585 size-full\" src=\"http:\/\/qin.gg12.globaldeepsea.site\/wp-content\/uploads\/2024\/12\/2-2.webp\" alt=\"\" width=\"556\" height=\"313\" srcset=\"https:\/\/www.happy-cheerme.com\/wp-content\/uploads\/2024\/12\/2-2.webp 556w, https:\/\/www.happy-cheerme.com\/wp-content\/uploads\/2024\/12\/2-2-300x169.webp 300w\" sizes=\"(max-width: 556px) 100vw, 556px\" \/><\/div>\n<div>\n<h2>Prefab House Space Capsule Pod f\u00fcr 2 Person ohne Balkon 5<\/h2>\n<h2><img decoding=\"async\" class=\"alignnone wp-image-586\" src=\"http:\/\/qin.gg12.globaldeepsea.site\/wp-content\/uploads\/2024\/12\/2-1-1-300x179.webp\" alt=\"\" width=\"370\" height=\"220\" srcset=\"https:\/\/www.happy-cheerme.com\/wp-content\/uploads\/2024\/12\/2-1-1-300x179.webp 300w, https:\/\/www.happy-cheerme.com\/wp-content\/uploads\/2024\/12\/2-1-1-600x358.webp 600w, https:\/\/www.happy-cheerme.com\/wp-content\/uploads\/2024\/12\/2-1-1.webp 673w\" sizes=\"(max-width: 370px) 100vw, 370px\" \/> <img loading=\"lazy\" decoding=\"async\" class=\"alignnone wp-image-587\" src=\"http:\/\/qin.gg12.globaldeepsea.site\/wp-content\/uploads\/2024\/12\/2-2-1-300x179.webp\" alt=\"\" width=\"370\" height=\"220\" srcset=\"https:\/\/www.happy-cheerme.com\/wp-content\/uploads\/2024\/12\/2-2-1-300x179.webp 300w, https:\/\/www.happy-cheerme.com\/wp-content\/uploads\/2024\/12\/2-2-1.webp 588w\" sizes=\"(max-width: 370px) 100vw, 370px\" \/> <img loading=\"lazy\" decoding=\"async\" class=\"alignnone wp-image-588\" src=\"http:\/\/qin.gg12.globaldeepsea.site\/wp-content\/uploads\/2024\/12\/2-3-300x178.webp\" alt=\"\" width=\"370\" height=\"220\" srcset=\"https:\/\/www.happy-cheerme.com\/wp-content\/uploads\/2024\/12\/2-3-300x178.webp 300w, https:\/\/www.happy-cheerme.com\/wp-content\/uploads\/2024\/12\/2-3.webp 571w\" sizes=\"(max-width: 370px) 100vw, 370px\" \/><\/h2>\n<h2><img loading=\"lazy\" decoding=\"async\" class=\"alignnone wp-image-589\" src=\"http:\/\/qin.gg12.globaldeepsea.site\/wp-content\/uploads\/2024\/12\/2-4-1024x609.webp\" alt=\"\" width=\"560\" height=\"333\" srcset=\"https:\/\/www.happy-cheerme.com\/wp-content\/uploads\/2024\/12\/2-4-1024x609.webp 1024w, https:\/\/www.happy-cheerme.com\/wp-content\/uploads\/2024\/12\/2-4-300x178.webp 300w, https:\/\/www.happy-cheerme.com\/wp-content\/uploads\/2024\/12\/2-4-768x457.webp 768w, https:\/\/www.happy-cheerme.com\/wp-content\/uploads\/2024\/12\/2-4-600x357.webp 600w, https:\/\/www.happy-cheerme.com\/wp-content\/uploads\/2024\/12\/2-4.webp 1375w\" sizes=\"(max-width: 560px) 100vw, 560px\" \/> <img loading=\"lazy\" decoding=\"async\" class=\"alignnone wp-image-590\" src=\"http:\/\/qin.gg12.globaldeepsea.site\/wp-content\/uploads\/2024\/12\/2-5.webp\" alt=\"\" width=\"560\" height=\"333\" srcset=\"https:\/\/www.happy-cheerme.com\/wp-content\/uploads\/2024\/12\/2-5.webp 722w, https:\/\/www.happy-cheerme.com\/wp-content\/uploads\/2024\/12\/2-5-300x178.webp 300w, https:\/\/www.happy-cheerme.com\/wp-content\/uploads\/2024\/12\/2-5-600x357.webp 600w\" sizes=\"(max-width: 560px) 100vw, 560px\" \/><\/h2>\n<div>Gr\u00f6\u00dfe (m): 8,6 (l)*3,2 (w)*3,4 (h),<\/div>\n<div>Geb\u00e4udebereich: 27.5\u33a1,<\/div>\n<div>Produktgewicht: 5,5-6 Tonnen<\/div>\n<div>Anzahl der Verwendungen: 2 Personen<\/div>\n<div>\n<h2>Prefab House Space Capsule Pod f\u00fcr 2 Person ohne Balkon S7<\/h2>\n<p><img loading=\"lazy\" decoding=\"async\" class=\"alignnone wp-image-591\" src=\"http:\/\/qin.gg12.globaldeepsea.site\/wp-content\/uploads\/2024\/12\/3-1-1-300x179.webp\" alt=\"\" width=\"370\" height=\"221\" srcset=\"https:\/\/www.happy-cheerme.com\/wp-content\/uploads\/2024\/12\/3-1-1-300x179.webp 300w, https:\/\/www.happy-cheerme.com\/wp-content\/uploads\/2024\/12\/3-1-1-600x358.webp 600w, https:\/\/www.happy-cheerme.com\/wp-content\/uploads\/2024\/12\/3-1-1.webp 681w\" sizes=\"(max-width: 370px) 100vw, 370px\" \/> <img loading=\"lazy\" decoding=\"async\" class=\"alignnone wp-image-592\" src=\"http:\/\/qin.gg12.globaldeepsea.site\/wp-content\/uploads\/2024\/12\/3-2-300x178.webp\" alt=\"\" width=\"370\" height=\"220\" srcset=\"https:\/\/www.happy-cheerme.com\/wp-content\/uploads\/2024\/12\/3-2-300x178.webp 300w, https:\/\/www.happy-cheerme.com\/wp-content\/uploads\/2024\/12\/3-2.webp 543w\" sizes=\"(max-width: 370px) 100vw, 370px\" \/> <img loading=\"lazy\" decoding=\"async\" class=\"alignnone wp-image-593\" src=\"http:\/\/qin.gg12.globaldeepsea.site\/wp-content\/uploads\/2024\/12\/3-3-300x179.webp\" alt=\"\" width=\"370\" height=\"220\" srcset=\"https:\/\/www.happy-cheerme.com\/wp-content\/uploads\/2024\/12\/3-3-300x179.webp 300w, https:\/\/www.happy-cheerme.com\/wp-content\/uploads\/2024\/12\/3-3.webp 502w\" sizes=\"(max-width: 370px) 100vw, 370px\" \/><\/p>\n<p><img loading=\"lazy\" decoding=\"async\" class=\"alignnone wp-image-594\" src=\"http:\/\/qin.gg12.globaldeepsea.site\/wp-content\/uploads\/2024\/12\/3-4-300x179.webp\" alt=\"\" width=\"560\" height=\"334\" srcset=\"https:\/\/www.happy-cheerme.com\/wp-content\/uploads\/2024\/12\/3-4-300x179.webp 300w, https:\/\/www.happy-cheerme.com\/wp-content\/uploads\/2024\/12\/3-4-600x358.webp 600w, https:\/\/www.happy-cheerme.com\/wp-content\/uploads\/2024\/12\/3-4.webp 746w\" sizes=\"(max-width: 560px) 100vw, 560px\" \/> <img loading=\"lazy\" decoding=\"async\" class=\"alignnone wp-image-595\" src=\"http:\/\/qin.gg12.globaldeepsea.site\/wp-content\/uploads\/2024\/12\/3-5-300x178.webp\" alt=\"\" width=\"560\" height=\"333\" srcset=\"https:\/\/www.happy-cheerme.com\/wp-content\/uploads\/2024\/12\/3-5-300x178.webp 300w, https:\/\/www.happy-cheerme.com\/wp-content\/uploads\/2024\/12\/3-5-600x357.webp 600w, https:\/\/www.happy-cheerme.com\/wp-content\/uploads\/2024\/12\/3-5.webp 708w\" sizes=\"(max-width: 560px) 100vw, 560px\" \/><\/p>\n<div>Gr\u00f6\u00dfe (m): 8,6 (l)*3,2 (w)*3,4 (h),<\/div>\n<div>Geb\u00e4udebereich: 27.5\u33a1,<\/div>\n<div>Produktgewicht: 5,5-6 Tonnen<\/div>\n<div>\n<p>Anzahl der Verwendungen: 2 Personen<\/p>\n<div>\n<h2>Prefab House Space Capsule Pod f\u00fcr 4 Personen ohne Balkon9<\/h2>\n<p><img loading=\"lazy\" decoding=\"async\" class=\"alignnone wp-image-596\" src=\"http:\/\/qin.gg12.globaldeepsea.site\/wp-content\/uploads\/2024\/12\/4-1-300x178.webp\" alt=\"\" width=\"370\" height=\"220\" srcset=\"https:\/\/www.happy-cheerme.com\/wp-content\/uploads\/2024\/12\/4-1-300x178.webp 300w, https:\/\/www.happy-cheerme.com\/wp-content\/uploads\/2024\/12\/4-1-600x357.webp 600w, https:\/\/www.happy-cheerme.com\/wp-content\/uploads\/2024\/12\/4-1.webp 710w\" sizes=\"(max-width: 370px) 100vw, 370px\" \/> <img loading=\"lazy\" decoding=\"async\" class=\"alignnone wp-image-597\" src=\"http:\/\/qin.gg12.globaldeepsea.site\/wp-content\/uploads\/2024\/12\/4-2-300x179.webp\" alt=\"\" width=\"370\" height=\"220\" srcset=\"https:\/\/www.happy-cheerme.com\/wp-content\/uploads\/2024\/12\/4-2-300x179.webp 300w, https:\/\/www.happy-cheerme.com\/wp-content\/uploads\/2024\/12\/4-2.webp 549w\" sizes=\"(max-width: 370px) 100vw, 370px\" \/> <img loading=\"lazy\" decoding=\"async\" class=\"alignnone wp-image-598\" src=\"http:\/\/qin.gg12.globaldeepsea.site\/wp-content\/uploads\/2024\/12\/4-3-300x179.webp\" alt=\"\" width=\"370\" height=\"221\" srcset=\"https:\/\/www.happy-cheerme.com\/wp-content\/uploads\/2024\/12\/4-3-300x179.webp 300w, https:\/\/www.happy-cheerme.com\/wp-content\/uploads\/2024\/12\/4-3.webp 511w\" sizes=\"(max-width: 370px) 100vw, 370px\" \/><\/p>\n<p><img loading=\"lazy\" decoding=\"async\" class=\"alignnone wp-image-599\" src=\"http:\/\/qin.gg12.globaldeepsea.site\/wp-content\/uploads\/2024\/12\/4-4-300x178.webp\" alt=\"\" width=\"560\" height=\"333\" srcset=\"https:\/\/www.happy-cheerme.com\/wp-content\/uploads\/2024\/12\/4-4-300x178.webp 300w, https:\/\/www.happy-cheerme.com\/wp-content\/uploads\/2024\/12\/4-4-768x457.webp 768w, https:\/\/www.happy-cheerme.com\/wp-content\/uploads\/2024\/12\/4-4-600x357.webp 600w, https:\/\/www.happy-cheerme.com\/wp-content\/uploads\/2024\/12\/4-4.webp 990w\" sizes=\"(max-width: 560px) 100vw, 560px\" \/> <img loading=\"lazy\" decoding=\"async\" class=\"alignnone wp-image-600\" src=\"http:\/\/qin.gg12.globaldeepsea.site\/wp-content\/uploads\/2024\/12\/4-5-300x179.webp\" alt=\"\" width=\"560\" height=\"333\" srcset=\"https:\/\/www.happy-cheerme.com\/wp-content\/uploads\/2024\/12\/4-5-300x179.webp 300w, https:\/\/www.happy-cheerme.com\/wp-content\/uploads\/2024\/12\/4-5-1024x610.webp 1024w, https:\/\/www.happy-cheerme.com\/wp-content\/uploads\/2024\/12\/4-5-768x457.webp 768w, https:\/\/www.happy-cheerme.com\/wp-content\/uploads\/2024\/12\/4-5-600x357.webp 600w, https:\/\/www.happy-cheerme.com\/wp-content\/uploads\/2024\/12\/4-5.webp 1265w\" sizes=\"(max-width: 560px) 100vw, 560px\" \/><\/p>\n<div>Gr\u00f6\u00dfe (m): 11,5 (l)*3,2 (w)*3,4 (h),<\/div>\n<div>Geb\u00e4udebereich: 36.8\u33a1,<\/div>\n<div>Produktgewicht: 10,5-11 Tonnen<\/div>\n<div>Anzahl der Verwendungen: 4 Personen<\/div>\n<div>\n<h2>Prefab House Space Capsule Pod f\u00fcr 4 Personen ohne Balkon - S12<\/h2>\n<p><img loading=\"lazy\" decoding=\"async\" class=\"alignnone wp-image-606\" src=\"http:\/\/qin.gg12.globaldeepsea.site\/wp-content\/uploads\/2024\/12\/5-1-1-300x179.webp\" alt=\"\" width=\"370\" height=\"220\" srcset=\"https:\/\/www.happy-cheerme.com\/wp-content\/uploads\/2024\/12\/5-1-1-300x179.webp 300w, https:\/\/www.happy-cheerme.com\/wp-content\/uploads\/2024\/12\/5-1-1-600x357.webp 600w, https:\/\/www.happy-cheerme.com\/wp-content\/uploads\/2024\/12\/5-1-1.webp 744w\" sizes=\"(max-width: 370px) 100vw, 370px\" \/> <img loading=\"lazy\" decoding=\"async\" class=\"alignnone wp-image-607\" src=\"http:\/\/qin.gg12.globaldeepsea.site\/wp-content\/uploads\/2024\/12\/5-2-1-300x179.webp\" alt=\"\" width=\"370\" height=\"221\" srcset=\"https:\/\/www.happy-cheerme.com\/wp-content\/uploads\/2024\/12\/5-2-1-300x179.webp 300w, https:\/\/www.happy-cheerme.com\/wp-content\/uploads\/2024\/12\/5-2-1-600x358.webp 600w, https:\/\/www.happy-cheerme.com\/wp-content\/uploads\/2024\/12\/5-2-1.webp 632w\" sizes=\"(max-width: 370px) 100vw, 370px\" \/> <img loading=\"lazy\" decoding=\"async\" class=\"alignnone wp-image-608\" src=\"http:\/\/qin.gg12.globaldeepsea.site\/wp-content\/uploads\/2024\/12\/5-3-1-300x179.webp\" alt=\"\" width=\"370\" height=\"220\" srcset=\"https:\/\/www.happy-cheerme.com\/wp-content\/uploads\/2024\/12\/5-3-1-300x179.webp 300w, https:\/\/www.happy-cheerme.com\/wp-content\/uploads\/2024\/12\/5-3-1-600x357.webp 600w, https:\/\/www.happy-cheerme.com\/wp-content\/uploads\/2024\/12\/5-3-1.webp 606w\" sizes=\"(max-width: 370px) 100vw, 370px\" \/><\/p>\n<p><img loading=\"lazy\" decoding=\"async\" class=\"alignnone wp-image-609\" src=\"http:\/\/qin.gg12.globaldeepsea.site\/wp-content\/uploads\/2024\/12\/5-4-1-300x178.webp\" alt=\"\" width=\"560\" height=\"333\" srcset=\"https:\/\/www.happy-cheerme.com\/wp-content\/uploads\/2024\/12\/5-4-1-300x178.webp 300w, https:\/\/www.happy-cheerme.com\/wp-content\/uploads\/2024\/12\/5-4-1.webp 495w\" sizes=\"(max-width: 560px) 100vw, 560px\" \/> <img loading=\"lazy\" decoding=\"async\" class=\"alignnone wp-image-610\" src=\"http:\/\/qin.gg12.globaldeepsea.site\/wp-content\/uploads\/2024\/12\/5-5-1-300x179.webp\" alt=\"\" width=\"560\" height=\"333\" srcset=\"https:\/\/www.happy-cheerme.com\/wp-content\/uploads\/2024\/12\/5-5-1-300x179.webp 300w, https:\/\/www.happy-cheerme.com\/wp-content\/uploads\/2024\/12\/5-5-1-1024x610.webp 1024w, https:\/\/www.happy-cheerme.com\/wp-content\/uploads\/2024\/12\/5-5-1-768x457.webp 768w, https:\/\/www.happy-cheerme.com\/wp-content\/uploads\/2024\/12\/5-5-1-600x357.webp 600w, https:\/\/www.happy-cheerme.com\/wp-content\/uploads\/2024\/12\/5-5-1.webp 1265w\" sizes=\"(max-width: 560px) 100vw, 560px\" \/><\/p>\n<div>Gr\u00f6\u00dfe (m): 11,5 (l)*3,2 (w)*3,4 (h),<\/div>\n<div>Geb\u00e4udebereich: 36.8\u33a1,<\/div>\n<div>Produktgewicht: 10,5-11 Tonnen<\/div>\n<div>Anzahl der Verwendungen: 4 Personen<\/div>\n<div><\/div>\n<p>&nbsp;<\/p>\n<\/div>\n<\/div>\n<\/div>\n<\/div>\n<p>&nbsp;<\/p>\n<\/div>","protected":false},"excerpt":{"rendered":"<p>Das Blue Whale Prefab House ist ein H\u00f6hepunkt der architektonischen Innovation und der Designkompetenz, die direkt von den majest\u00e4tischen Konturen und der ruhigen Sch\u00f6nheit des Blauwals inspiriert ist. Dieses einzigartig gefertigte Pr\u00e4fabhaus kombiniert Luxus und Komfort mit einem umweltfreundlichen Fu\u00dfabdruck, der speziell dazu entwickelt wurde, sich sowohl mit menschlichen als auch mit nat\u00fcrlichen Elementen harmonisch zu verbinden. Unsere hochmoderne Smart-Home-Technologie integriert nahtlos in diese Struktur und bietet den Bewohnern erstklassige Annehmlichkeiten wie automatisierte Umweltkontrollen, energieeffiziente Systeme und intelligente Sicherheitsl\u00f6sungen.<\/p>","protected":false},"featured_media":579,"comment_status":"open","ping_status":"closed","template":"","meta":[],"product_cat":[30],"product_tag":[80,83,76,79,77,81,82,78],"class_list":{"0":"post-578","1":"product","2":"type-product","3":"status-publish","4":"has-post-thumbnail","6":"product_cat-prefab-house","7":"product_tag-affordable-sustainable-home","8":"product_tag-blue-whale-modular-home-design","9":"product_tag-blue-whale-prefab-house","10":"product_tag-customizable-prefab-house","11":"product_tag-eco-friendly-prefab-home","12":"product_tag-modern-modular-architecture","13":"product_tag-prefabricated-environmentally-friendly-house","14":"product_tag-sustainable-modular-housing","16":"first","17":"instock","18":"shipping-taxable","19":"product-type-simple"},"_links":{"self":[{"href":"https:\/\/www.happy-cheerme.com\/de\/wp-json\/wp\/v2\/product\/578","targetHints":{"allow":["GET"]}}],"collection":[{"href":"https:\/\/www.happy-cheerme.com\/de\/wp-json\/wp\/v2\/product"}],"about":[{"href":"https:\/\/www.happy-cheerme.com\/de\/wp-json\/wp\/v2\/types\/product"}],"replies":[{"embeddable":true,"href":"https:\/\/www.happy-cheerme.com\/de\/wp-json\/wp\/v2\/comments?post=578"}],"version-history":[{"count":1,"href":"https:\/\/www.happy-cheerme.com\/de\/wp-json\/wp\/v2\/product\/578\/revisions"}],"predecessor-version":[{"id":652,"href":"https:\/\/www.happy-cheerme.com\/de\/wp-json\/wp\/v2\/product\/578\/revisions\/652"}],"wp:featuredmedia":[{"embeddable":true,"href":"https:\/\/www.happy-cheerme.com\/de\/wp-json\/wp\/v2\/media\/579"}],"wp:attachment":[{"href":"https:\/\/www.happy-cheerme.com\/de\/wp-json\/wp\/v2\/media?parent=578"}],"wp:term":[{"taxonomy":"product_cat","embeddable":true,"href":"https:\/\/www.happy-cheerme.com\/de\/wp-json\/wp\/v2\/product_cat?post=578"},{"taxonomy":"product_tag","embeddable":true,"href":"https:\/\/www.happy-cheerme.com\/de\/wp-json\/wp\/v2\/product_tag?post=578"}],"curies":[{"name":"wp","href":"https:\/\/api.w.org\/{rel}","templated":true}]}}