{"id":570,"date":"2024-12-26T21:19:51","date_gmt":"2024-12-26T13:19:51","guid":{"rendered":"https:\/\/qin.gg12.globaldeepsea.site\/?post_type=product&#038;p=570"},"modified":"2024-12-27T15:35:30","modified_gmt":"2024-12-27T07:35:30","slug":"sound-proof-booth-for-6-person-cm-q4l","status":"publish","type":"product","link":"https:\/\/www.happy-cheerme.com\/de\/product\/sound-proof-booth-for-6-person-cm-q4l\/","title":{"rendered":"Schalldichtes Stand f\u00fcr 6 Personen-CM-Q4L"},"content":{"rendered":"<h2>Gr\u00f6\u00dfenspezifikation<\/h2>\n<p><img fetchpriority=\"high\" decoding=\"async\" class=\"alignnone wp-image-720\" src=\"http:\/\/qin.gg12.globaldeepsea.site\/wp-content\/uploads\/2024\/12\/2-1-1024x451.jpg\" alt=\"\" width=\"700\" height=\"309\" srcset=\"https:\/\/www.happy-cheerme.com\/wp-content\/uploads\/2024\/12\/2-1-1024x451.jpg 1024w, https:\/\/www.happy-cheerme.com\/wp-content\/uploads\/2024\/12\/2-1-300x132.jpg 300w, https:\/\/www.happy-cheerme.com\/wp-content\/uploads\/2024\/12\/2-1-768x338.jpg 768w, https:\/\/www.happy-cheerme.com\/wp-content\/uploads\/2024\/12\/2-1-600x264.jpg 600w, https:\/\/www.happy-cheerme.com\/wp-content\/uploads\/2024\/12\/2-1.jpg 1223w\" sizes=\"(max-width: 700px) 100vw, 700px\" \/><img decoding=\"async\" class=\"alignright wp-image-577\" src=\"http:\/\/qin.gg12.globaldeepsea.site\/wp-content\/uploads\/2024\/12\/size-12-300x221.webp\" alt=\"\" width=\"380\" height=\"280\" srcset=\"https:\/\/www.happy-cheerme.com\/wp-content\/uploads\/2024\/12\/size-12-300x221.webp 300w, https:\/\/www.happy-cheerme.com\/wp-content\/uploads\/2024\/12\/size-12-600x442.webp 600w, https:\/\/www.happy-cheerme.com\/wp-content\/uploads\/2024\/12\/size-12.webp 693w\" sizes=\"(max-width: 380px) 100vw, 380px\" \/><\/p>\n<h2>Beschreibung<\/h2>\n<div>\n<p>1. 1,5-2,5 mm Dicke Aluminiumlegierung + 10 mm hochfestes Glas + schallabsorbierende und schalldichtes Material mit 9 + 12-mm-Umgebungsschutzplanke.<\/p>\n<p>2. Ultra-thin &amp; ultra-silence exhaust fan*6 + PD theory long-path sound proof air circulation pipe.<\/p>\n<p>3. Rauschen: &lt;35 dB; Geschwindigkeit: 750 U \/ min; L\u00fcftungsl\u00fcftervolumen: 89CFM; Durchschnittliche Bel\u00fcftung 1 10 m3\/h.<\/p>\n<p>4. Einschlie\u00dflich antistatischer und gleitender Rutschhaufen-Stapelteppich.<\/p>\n<p>5. Integriert 2500 ~ 6000K nat\u00fcrliches Licht (Drei-Farben-Temperaturlicht*1) 100-240 V\/50-60 Hz Stromversorgung.<\/p>\n<p>6. Socket*1, Zwei-Positions-Switch*1, Netzwerkschnittstelle*1 USB-Port-Socket-Panel ist verf\u00fcgbar.<\/p>\n<p>7. Leicht- und Abgasschaltersteuerung separat.<\/p>\n<p>8. Stahlfeste Fu\u00dfbecher + Universalrad.<\/p>\n<\/div>\n<div>\n<h2>Features And Strengths<\/h2>\n<div>\n<p>i.Materials: High strength aluminum profile,sound insulation glass,polyester fiber sound-absorbing board and environmental protection plywood.<\/p>\n<p>ii.SOUNDPROOF &amp; SOUND INSULATION: The wall of the office pods is composed of sound-absorbing cotton+ environmentally friendly plywood (hollow structure) and 10mm thick soundproof tempered glass.The sound insulation and noise reduction index meets the design expectations.<\/p>\n<p>III.Verbiliert: Jedes B\u00fcroschoten wurde mit einem Labyrinth-Frischluftsystem vom Typ Labyrinth ausgestattet, das aus ultra-d\u00fcnn + ultra-projeer Frischluftl\u00fcfter + PD-Prinzip-Langzeit-Schall-Soot-Luftzirkulationskanal besteht, und es muss nur 3-5 Minuten lang eingeschaltet werden.<\/p>\n<p>iv.LIGHTING: The cabin is equipped with 3000K-6000k three-color temperature adjustable LED ceiling lights, which can basically meet the needs of cabin lighting.<\/p>\n<p>v.100-240V POWER: Every office pods is equipped with 100-240V\/50-60Hz and 12V-USB power supply system,which can easily meet the use of mainstream electrical appliances in life.<\/p>\n<p>vi.Easy To Move : The lightweight nature of the officepods allows you to easily move them anywhere your office needs them.<\/p>\n<p>vii.Easy To Assemble: We designed our office pods to be easily assembled with a team of 1-3people with just a power drill and a ladder.<\/p>\n<\/div>\n<\/div>","protected":false},"excerpt":{"rendered":"<p>External demensions: 4000w x 2800d x 2348.5h (mm)<\/p>\n<p>Internal demensions: 3870w x 2756d x 2128h (mm)<\/p>\n<p>Weight -G.W.\/N.W: 760kg\/730kg<\/p>\n<p>Palletizing demensions: 2350wx1500dx1700h + 3800wx500dx340h\uff08MM\uff09<\/p>\n<p>Volume: 22.7 m\u00b3<\/p>","protected":false},"featured_media":571,"comment_status":"open","ping_status":"closed","template":"","meta":[],"product_cat":[25,29],"product_tag":[71,66,42,73,72,74,49,75],"class_list":{"0":"post-570","1":"product","2":"type-product","3":"status-publish","4":"has-post-thumbnail","6":"product_cat-office-booth","7":"product_cat-six-seat-sound-proof-booth","8":"product_tag-4l-booth","9":"product_tag-6-person-booth","10":"product_tag-acoustic-isolation-booth","11":"product_tag-conference-room-soundproofing","12":"product_tag-noise-isolating-booth","13":"product_tag-office-privacy-booth","14":"product_tag-soundproof-booth","15":"product_tag-voice-recording-booth","17":"first","18":"instock","19":"shipping-taxable","20":"product-type-simple"},"_links":{"self":[{"href":"https:\/\/www.happy-cheerme.com\/de\/wp-json\/wp\/v2\/product\/570","targetHints":{"allow":["GET"]}}],"collection":[{"href":"https:\/\/www.happy-cheerme.com\/de\/wp-json\/wp\/v2\/product"}],"about":[{"href":"https:\/\/www.happy-cheerme.com\/de\/wp-json\/wp\/v2\/types\/product"}],"replies":[{"embeddable":true,"href":"https:\/\/www.happy-cheerme.com\/de\/wp-json\/wp\/v2\/comments?post=570"}],"version-history":[{"count":1,"href":"https:\/\/www.happy-cheerme.com\/de\/wp-json\/wp\/v2\/product\/570\/revisions"}],"predecessor-version":[{"id":653,"href":"https:\/\/www.happy-cheerme.com\/de\/wp-json\/wp\/v2\/product\/570\/revisions\/653"}],"wp:featuredmedia":[{"embeddable":true,"href":"https:\/\/www.happy-cheerme.com\/de\/wp-json\/wp\/v2\/media\/571"}],"wp:attachment":[{"href":"https:\/\/www.happy-cheerme.com\/de\/wp-json\/wp\/v2\/media?parent=570"}],"wp:term":[{"taxonomy":"product_cat","embeddable":true,"href":"https:\/\/www.happy-cheerme.com\/de\/wp-json\/wp\/v2\/product_cat?post=570"},{"taxonomy":"product_tag","embeddable":true,"href":"https:\/\/www.happy-cheerme.com\/de\/wp-json\/wp\/v2\/product_tag?post=570"}],"curies":[{"name":"wp","href":"https:\/\/api.w.org\/{rel}","templated":true}]}}