{"id":558,"date":"2024-12-26T21:11:50","date_gmt":"2024-12-26T13:11:50","guid":{"rendered":"https:\/\/qin.gg12.globaldeepsea.site\/?post_type=product&#038;p=558"},"modified":"2024-12-27T15:54:08","modified_gmt":"2024-12-27T07:54:08","slug":"sound-proof-booth-for-6-person-cm-p6l","status":"publish","type":"product","link":"https:\/\/www.happy-cheerme.com\/de\/product\/sound-proof-booth-for-6-person-cm-p6l\/","title":{"rendered":"Schalldichtes Stand f\u00fcr 6 Personen-CM-P6L"},"content":{"rendered":"<h2>Gr\u00f6\u00dfenspezifikation<\/h2>\n<p><img fetchpriority=\"high\" decoding=\"async\" class=\"alignnone wp-image-723\" src=\"http:\/\/qin.gg12.globaldeepsea.site\/wp-content\/uploads\/2024\/12\/3-1-1024x414.jpg\" alt=\"\" width=\"715\" height=\"289\" srcset=\"https:\/\/www.happy-cheerme.com\/wp-content\/uploads\/2024\/12\/3-1-1024x414.jpg 1024w, https:\/\/www.happy-cheerme.com\/wp-content\/uploads\/2024\/12\/3-1-300x121.jpg 300w, https:\/\/www.happy-cheerme.com\/wp-content\/uploads\/2024\/12\/3-1-768x311.jpg 768w, https:\/\/www.happy-cheerme.com\/wp-content\/uploads\/2024\/12\/3-1-1536x621.jpg 1536w, https:\/\/www.happy-cheerme.com\/wp-content\/uploads\/2024\/12\/3-1-600x243.jpg 600w, https:\/\/www.happy-cheerme.com\/wp-content\/uploads\/2024\/12\/3-1.jpg 1609w\" sizes=\"(max-width: 715px) 100vw, 715px\" \/><img decoding=\"async\" class=\"wp-image-568 alignright\" src=\"http:\/\/qin.gg12.globaldeepsea.site\/wp-content\/uploads\/2024\/12\/size-11-300x250.webp\" alt=\"\" width=\"361\" height=\"300\" srcset=\"https:\/\/www.happy-cheerme.com\/wp-content\/uploads\/2024\/12\/size-11-300x250.webp 300w, https:\/\/www.happy-cheerme.com\/wp-content\/uploads\/2024\/12\/size-11-768x639.webp 768w, https:\/\/www.happy-cheerme.com\/wp-content\/uploads\/2024\/12\/size-11-600x499.webp 600w, https:\/\/www.happy-cheerme.com\/wp-content\/uploads\/2024\/12\/size-11.webp 808w\" sizes=\"(max-width: 361px) 100vw, 361px\" \/><\/p>\n<h2>Material<\/h2>\n<table width=\"1062\">\n<tbody>\n<tr>\n<td width=\"72\">Rahmen<\/td>\n<td colspan=\"2\" width=\"144\">6063 Luftfahrt Aluminiumlegierung<\/td>\n<\/tr>\n<tr>\n<td>Glas<\/td>\n<td colspan=\"2\">10 mm ultrawei\u00dfes, geschmittertes Glas, 4+4 laminierte T\u00fcrglas<\/td>\n<\/tr>\n<tr>\n<td>Wand<\/td>\n<td colspan=\"2\">6063 Aviation Aluminiumlegierung + 1,0 mm Stahloberfl\u00e4che\/Gabriel-Polster + Akustikpaket + 13mm Polyesterplatte + G350 Rauschreduzierender Gewebe<\/td>\n<\/tr>\n<tr>\n<td>Dach<\/td>\n<td colspan=\"2\">6063 Aviation Aluminiumlegierung + 1,0 mm Stahloberfl\u00e4che + Akustikpaket + Polyesterplatte + G350 Rauschreduzierender Gewebe<\/td>\n<\/tr>\n<tr>\n<td>Bodenplatte<\/td>\n<td colspan=\"2\">E0 Level 25 + 9mm Massivholz Sperrholz + schwarze PVC -Kantenb\u00e4nder + Stahlrahmen + 25 mm F\u00fc\u00dfe + Polyester Teppich<\/td>\n<\/tr>\n<tr>\n<td>Beschichtung<\/td>\n<td colspan=\"2\">Elektrostatisches Tigerpulverspr\u00fchen<\/td>\n<\/tr>\n<\/tbody>\n<\/table>\n<p><img decoding=\"async\" class=\"wp-image-569 alignleft\" src=\"http:\/\/qin.gg12.globaldeepsea.site\/wp-content\/uploads\/2024\/12\/detail-5.webp\" alt=\"\" width=\"291\" height=\"342\" srcset=\"https:\/\/www.happy-cheerme.com\/wp-content\/uploads\/2024\/12\/detail-5.webp 270w, https:\/\/www.happy-cheerme.com\/wp-content\/uploads\/2024\/12\/detail-5-256x300.webp 256w\" sizes=\"(max-width: 291px) 100vw, 291px\" \/><\/p>\n<div>\n<p>&nbsp;<\/p>\n<p style=\"text-align: left;\">M\u00f6bel<br \/>\nSofa: W2700*D600<\/p>\n<p style=\"text-align: left;\">Leistungskonfiguration<br \/>\n1 Integrierte Steckdose<br \/>\n(2AC \u3001 1USB \u3001 1TYPE-C)<br \/>\nAC 220V \uff0c USB 5V3.1a<\/p>\n<\/div>\n<div>\n<h2 style=\"text-align: left;\"><\/h2>\n<\/div>\n<h2><\/h2>\n<p>&nbsp;<\/p>\n<p>&nbsp;<\/p>\n<p>&nbsp;<\/p>\n<h2><\/h2>\n<p>&nbsp;<\/p>\n<div>\n<h2>Parameterkonfiguration<\/h2>\n<table width=\"753\">\n<tbody>\n<tr>\n<td width=\"189\">Verbrauch<\/td>\n<td colspan=\"2\" width=\"136\">60W, Elektroger\u00e4te Zugriff auf weniger als 2000 W.<\/td>\n<\/tr>\n<tr>\n<td>Deckenlicht<\/td>\n<td colspan=\"2\">0 - 30W<\/td>\n<\/tr>\n<tr>\n<td>Wandl\u00fcfter<\/td>\n<td colspan=\"2\">0,9 W, 1500 U \/ min *6<\/td>\n<\/tr>\n<tr>\n<td>Dachventilator<\/td>\n<td colspan=\"2\">2,4W, 1800 U \/ min*6<\/td>\n<\/tr>\n<tr>\n<td>Bel\u00fcftung<\/td>\n<td colspan=\"2\">9,4 m\u00b3\/min, 332CFM, Luftwechselrate 52\/h<\/td>\n<\/tr>\n<tr>\n<td>Ger\u00e4uschreduzierung<\/td>\n<td colspan=\"2\">DS, A 28,5 dB (IS0 23351-1: 2020)<\/td>\n<\/tr>\n<\/tbody>\n<\/table>\n<h2>Unsere St\u00e4rken<\/h2>\n<p>I.Modular Design: Modular f\u00fcr schnelle Baugruppen mit sechs Komponenten und Schnellbaugruppen.1-Stunden-Baugruppe leicht in einen patentierten Schnellstichanschluss einf\u00fcgen.<br \/>\nModular zur Reorganisation: Eins wird zwei, zwei werden mehr; Modular zur Reorganisation; Multifunktionsreset.<\/p>\n<p>II.Noise Reduktion: Wand 45 dB; DS, ein 28,5 dB vier Elemente der Schallisolierung und Rauschreduktion. Dichtungsleistung der Automobilhersteller. 1.0 Dicke Stahlplatte + Akustikpaket + Luftfahrt 6063 Aluminiumlegierung + 4mm 1800 g Polyesterfaser-Schalld\u00e4mmplatten + 9mm 1200 g Polyesterfaser Akustikplatte + Woll\u00e4hnliche obere Schicht.<\/p>\n<p>iii.optimale Bel\u00fcftung: Doppelluftversorgung mit zwei Luftrenkrecht und doppelte Abgase 1,5 Minuten Innenzirkulationsl\u00fcftungsvolumen pro Minute: 1,63\/m\u00b3; Nicht brennbarer ultra-proje-Ableiterl\u00fcfter: 100.000 Stunden.<\/p>\n<p>IV. Humanisiertes Design: Weiches Licht: Drei Sekunden zum Aufleuchten+ unendlich einstellbar+ Mitsubishi -Lichtf\u00fchrung 50.000h Keine Farb\u00e4nderung; Der maximale leuchtende Fluss betr\u00e4gt 2700 lm; Die Nachahmung der nat\u00fcrlichen Lichtfarbe betr\u00e4gt 3500.000.<\/p>\n<p>V.Sustainability: 100% umweltfreundliche Materialien, um umweltvertr\u00e4glich nachhaltiges Designkonzept zu wiegen. Sie sind: Gabriel Fabric Tiger Pulver Aviation Aluminiumlegierung FSC Certified Board 3C Certified Tempered Glass Recycling Polyester Faser.<\/p>\n<p>vi.digital Intelligenz:<br \/>\nWir k\u00f6nnen die intelligente Analyse von Reservierungen, Management und Freilassung in gesch\u00e4ftigen Stunden erf\u00fcllen. Bietet eine Grundlage f\u00fcr die Entscheidungsfindung f\u00fcr den Zur\u00fccksetzen des Raums.<br \/>\nA. W\u00e4hlen Sie zur Analyse Raumtypen (z. B. Arbeitsstationen, Besprechungsr\u00e4ume usw.).<br \/>\nB. Verfeinern Sie den Raumteil (z. B. Abteilung, Bodenpartition), um andere Teile zu analysieren und zu vergleichen.<br \/>\nC. Verst\u00e4ndnis der Nutzungsgewohnheiten und der Verteilung verschiedener R\u00e4ume, Abteilungen und Bereiche durch eine hierarchische W\u00e4rmekarte.<br \/>\nD. \u00dcberpr\u00fcfen Sie, ob die Platzeinstellungen f\u00fcr das Gesch\u00e4ftsmodell durch Leader -Forschung und Mitarbeiterfragebogen geeignet sind.<\/p>\n<div><\/div>\n<\/div>","protected":false},"excerpt":{"rendered":"<div data-module=\"6\">\n<p>Externe Abmessungen: W2200*D2870*H2280mm<\/p>\n<p>Interne Abmessungen: W2030*D2700 (2850 ist Glas bis Glas)*H2130 mm<\/p>\n<p>Gewicht: 900 kg<\/p>\n<p>Palettenabmessungen: W2240*D1200*H1040 x2 Paletten (nicht enthaltener Zubeh\u00f6rbox)<\/p>\n<p>Volumen: 6,5 m\u00b3<\/p>\n<p>T\u00fcr\u00f6ffnungsrichtung; T\u00fcr n\u00e4her: linke T\u00fcr<\/p>\n<\/div>","protected":false},"featured_media":559,"comment_status":"open","ping_status":"closed","template":"","meta":[],"product_cat":[25,29],"product_tag":[66,42,67,70,44,69,68,49],"class_list":{"0":"post-558","1":"product","2":"type-product","3":"status-publish","4":"has-post-thumbnail","6":"product_cat-office-booth","7":"product_cat-six-seat-sound-proof-booth","8":"product_tag-6-person-booth","9":"product_tag-acoustic-isolation-booth","10":"product_tag-cmp6","11":"product_tag-conference-room-soundproof-enclosure","12":"product_tag-noise-reduction-booth","13":"product_tag-recording-studio-isolation-booth","14":"product_tag-six-person-soundproof-enclosure","15":"product_tag-soundproof-booth","17":"first","18":"instock","19":"shipping-taxable","20":"product-type-simple"},"_links":{"self":[{"href":"https:\/\/www.happy-cheerme.com\/de\/wp-json\/wp\/v2\/product\/558","targetHints":{"allow":["GET"]}}],"collection":[{"href":"https:\/\/www.happy-cheerme.com\/de\/wp-json\/wp\/v2\/product"}],"about":[{"href":"https:\/\/www.happy-cheerme.com\/de\/wp-json\/wp\/v2\/types\/product"}],"replies":[{"embeddable":true,"href":"https:\/\/www.happy-cheerme.com\/de\/wp-json\/wp\/v2\/comments?post=558"}],"version-history":[{"count":1,"href":"https:\/\/www.happy-cheerme.com\/de\/wp-json\/wp\/v2\/product\/558\/revisions"}],"predecessor-version":[{"id":654,"href":"https:\/\/www.happy-cheerme.com\/de\/wp-json\/wp\/v2\/product\/558\/revisions\/654"}],"wp:featuredmedia":[{"embeddable":true,"href":"https:\/\/www.happy-cheerme.com\/de\/wp-json\/wp\/v2\/media\/559"}],"wp:attachment":[{"href":"https:\/\/www.happy-cheerme.com\/de\/wp-json\/wp\/v2\/media?parent=558"}],"wp:term":[{"taxonomy":"product_cat","embeddable":true,"href":"https:\/\/www.happy-cheerme.com\/de\/wp-json\/wp\/v2\/product_cat?post=558"},{"taxonomy":"product_tag","embeddable":true,"href":"https:\/\/www.happy-cheerme.com\/de\/wp-json\/wp\/v2\/product_tag?post=558"}],"curies":[{"name":"wp","href":"https:\/\/api.w.org\/{rel}","templated":true}]}}