{"id":539,"date":"2024-12-26T20:51:01","date_gmt":"2024-12-26T12:51:01","guid":{"rendered":"https:\/\/qin.gg12.globaldeepsea.site\/?post_type=product&#038;p=539"},"modified":"2024-12-27T16:13:20","modified_gmt":"2024-12-27T08:13:20","slug":"sound-proof-booth-for-4-person-cm-p5l","status":"publish","type":"product","link":"https:\/\/www.happy-cheerme.com\/de\/product\/sound-proof-booth-for-4-person-cm-p5l\/","title":{"rendered":"Schalldichtes Stand f\u00fcr 4 Personen-CM-P5L"},"content":{"rendered":"<h2>Gr\u00f6\u00dfenspezifikation<\/h2>\n<p><img fetchpriority=\"high\" decoding=\"async\" class=\"alignnone wp-image-727\" src=\"http:\/\/qin.gg12.globaldeepsea.site\/wp-content\/uploads\/2024\/12\/6.jpg\" alt=\"\" width=\"697\" height=\"350\" srcset=\"https:\/\/www.happy-cheerme.com\/wp-content\/uploads\/2024\/12\/6.jpg 1389w, https:\/\/www.happy-cheerme.com\/wp-content\/uploads\/2024\/12\/6-300x151.jpg 300w, https:\/\/www.happy-cheerme.com\/wp-content\/uploads\/2024\/12\/6-1024x514.jpg 1024w, https:\/\/www.happy-cheerme.com\/wp-content\/uploads\/2024\/12\/6-768x385.jpg 768w, https:\/\/www.happy-cheerme.com\/wp-content\/uploads\/2024\/12\/6-600x301.jpg 600w\" sizes=\"(max-width: 697px) 100vw, 697px\" \/><img decoding=\"async\" class=\"wp-image-547 alignright\" src=\"http:\/\/qin.gg12.globaldeepsea.site\/wp-content\/uploads\/2024\/12\/size-9-300x243.webp\" alt=\"\" width=\"383\" height=\"310\" srcset=\"https:\/\/www.happy-cheerme.com\/wp-content\/uploads\/2024\/12\/size-9-300x243.webp 300w, https:\/\/www.happy-cheerme.com\/wp-content\/uploads\/2024\/12\/size-9-600x486.webp 600w, https:\/\/www.happy-cheerme.com\/wp-content\/uploads\/2024\/12\/size-9.webp 767w\" sizes=\"(max-width: 383px) 100vw, 383px\" \/><\/p>\n<h2>Material<\/h2>\n<table width=\"734\">\n<tbody>\n<tr>\n<td width=\"72\">Rahmen<\/td>\n<td colspan=\"2\" width=\"144\">6063 Luftfahrt Aluminiumlegierung<\/td>\n<\/tr>\n<tr>\n<td>Glas<\/td>\n<td colspan=\"2\">10 mm ultrawei\u00dfes, geschmittertes Glas, 4+4 laminierte T\u00fcrglas<\/td>\n<\/tr>\n<tr>\n<td>Wand<\/td>\n<td colspan=\"2\">6063 Aviation Aluminiumlegierung + 1,0 mm Stahloberfl\u00e4che\/Gabriel-Polster + Akustikpaket + 13mm Polyesterplatte + G350 Rauschreduzierender Gewebe<\/td>\n<\/tr>\n<tr>\n<td>Dach<\/td>\n<td colspan=\"2\">6063 Aviation Aluminiumlegierung + 1,0 mm Stahloberfl\u00e4che + Akustikpaket + Polyesterplatte + G350 Rauschreduzierender Gewebe<\/td>\n<\/tr>\n<tr>\n<td>Bodenplatte<\/td>\n<td colspan=\"2\">E0 Level 25 + 9mm Massivholz Sperrholz + schwarze PVC -Kantenb\u00e4nder + Stahlrahmen + 25 mm F\u00fc\u00dfe + Polyester Teppich<\/td>\n<\/tr>\n<tr>\n<td>Beschichtung<\/td>\n<td colspan=\"2\">Elektrostatisches Tigerpulverspr\u00fchen<\/td>\n<\/tr>\n<\/tbody>\n<\/table>\n<p><img decoding=\"async\" class=\"wp-image-548 size-full alignleft\" src=\"http:\/\/qin.gg12.globaldeepsea.site\/wp-content\/uploads\/2024\/12\/detail-4.webp\" alt=\"\" width=\"283\" height=\"258\" \/><\/p>\n<div>\n<p>&nbsp;<\/p>\n<p>&nbsp;<\/p>\n<p>M\u00f6bel<\/p>\n<p>Sofa: W1800*D600.<\/p>\n<p>Leistungskonfiguration: 1 Integrierte Socket (2 AC \u3001 1USB \u3001 1TYPE-C) AC 220V \uff0c USB 5V3.1A.<\/p>\n<\/div>\n<h2><\/h2>\n<p>&nbsp;<\/p>\n<p>&nbsp;<\/p>\n<div>\n<h2>Parameterkonfiguration<\/h2>\n<table style=\"height: 205px;\" width=\"571\">\n<tbody>\n<tr>\n<td width=\"161\">Verbrauch<\/td>\n<td colspan=\"2\" width=\"136\">60W, Elektroger\u00e4te zugreifen weniger als 1000 W.<\/td>\n<\/tr>\n<tr>\n<td>Deckenlicht<\/td>\n<td colspan=\"2\">0 - 30W<\/td>\n<\/tr>\n<tr>\n<td>Wandl\u00fcfter<\/td>\n<td colspan=\"2\">0,9W, 1500 U \/ min *4<\/td>\n<\/tr>\n<tr>\n<td>Dachventilator<\/td>\n<td colspan=\"2\">2,4 W, 1800 \u00b0 C*4<\/td>\n<\/tr>\n<tr>\n<td>Bel\u00fcftung<\/td>\n<td colspan=\"2\">6,27 m\u00b3\/min, 221cfm, Luftwechselrate 52\/h<\/td>\n<\/tr>\n<tr>\n<td>Ger\u00e4uschreduzierung<\/td>\n<td colspan=\"2\">DS, A 28,5 dB (IS0 23351-1: 2020)<\/td>\n<\/tr>\n<\/tbody>\n<\/table>\n<h2>Unsere St\u00e4rken<\/h2>\n<div>\n<p>I.Modular Design: Modular f\u00fcr schnelle Baugruppen mit sechs Komponenten und Schnellbaugruppen.1-Stunden-Baugruppe leicht in einen patentierten Schnellstichanschluss einf\u00fcgen.<br \/>\nModular zur Reorganisation: Eins wird zwei, zwei werden mehr; Modular zur Reorganisation; Multifunktionsreset.<\/p>\n<p>II.Noise Reduktion: Wand 45 dB; DS, ein 28,5 dB vier Elemente der Schallisolierung und Rauschreduktion. Dichtungsleistung der Automobilhersteller. 1.0 Dicke Stahlplatte + Akustikpaket + Luftfahrt 6063 Aluminiumlegierung + 4mm 1800 g Polyesterfaser-Schalld\u00e4mmplatten + 9mm 1200 g Polyesterfaser Akustikplatte + Woll\u00e4hnliche obere Schicht.<\/p>\n<p>iii.optimale Bel\u00fcftung: Doppelluftversorgung mit zwei Luftrenkrecht und doppelte Abgase 1,5 Minuten Innenzirkulationsl\u00fcftungsvolumen pro Minute: 1,63\/m\u00b3; Nicht brennbarer ultra-proje-Ableiterl\u00fcfter: 100.000 Stunden.<\/p>\n<p>IV. Humanisiertes Design: Weiches Licht: Drei Sekunden zum Aufleuchten+ unendlich einstellbar+ Mitsubishi -Lichtf\u00fchrung 50.000h Keine Farb\u00e4nderung; Der maximale leuchtende Fluss betr\u00e4gt 2700 lm; Die Nachahmung der nat\u00fcrlichen Lichtfarbe betr\u00e4gt 3500.000.<\/p>\n<p>V.Sustainability: 100% umweltfreundliche Materialien, um umweltvertr\u00e4glich nachhaltiges Designkonzept zu wiegen. Sie sind: Gabriel Fabric Tiger Pulver Aviation Aluminiumlegierung FSC Certified Board 3C Certified Tempered Glass Recycling Polyester Faser.<\/p>\n<p>VI.Digital Intelligence: Wir k\u00f6nnen die intelligente Analyse von Reservierungen, Management und Freilassung in gesch\u00e4ftigen Stunden erf\u00fcllen. Bietet eine Grundlage f\u00fcr die Entscheidungsfindung f\u00fcr den Zur\u00fccksetzen des Raums.<br \/>\nA. W\u00e4hlen Sie zur Analyse Raumtypen (z. B. Arbeitsstationen, Besprechungsr\u00e4ume usw.).<br \/>\nB. Verfeinern Sie den Raumteil (z. B. Abteilung, Bodenpartition), um andere Teile zu analysieren und zu vergleichen.<br \/>\nC. Verst\u00e4ndnis der Nutzungsgewohnheiten und der Verteilung verschiedener R\u00e4ume, Abteilungen und Bereiche durch eine hierarchische W\u00e4rmekarte.<br \/>\nD. \u00dcberpr\u00fcfen Sie, ob die Platzeinstellungen f\u00fcr das Gesch\u00e4ftsmodell durch Leader -Forschung und Mitarbeiterfragebogen geeignet sind.<\/p>\n<\/div>\n<\/div>","protected":false},"excerpt":{"rendered":"<p>Externe Abmessungen: W2200*D1970*H2280mm<\/p>\n<p>Interne Abmessungen: W2030*D1800 (1950 ist Glas bis Glas)*H2130 mm<\/p>\n<p>Gewicht: 800 kg<\/p>\n<p>Palettenabmessungen: W2240*D1200*H810 x2 Paletten (nicht enthaltener Zubeh\u00f6rbox)<\/p>\n<p>Volumen: 4,5 m\u00b3<\/p>\n<p>T\u00fcr\u00f6ffnungsrichtung; T\u00fcr n\u00e4her: linke T\u00fcr<\/p>","protected":false},"featured_media":540,"comment_status":"open","ping_status":"closed","template":"","meta":[],"product_cat":[28,25],"product_tag":[110,113,109,44,112,111,114,49],"class_list":{"0":"post-539","1":"product","2":"type-product","3":"status-publish","4":"has-post-thumbnail","6":"product_cat-four-seat-sound-proof-booth","7":"product_cat-office-booth","8":"product_tag-acoustic-enclosure","9":"product_tag-conference-room-pod","10":"product_tag-four-person-booth","11":"product_tag-noise-reduction-booth","12":"product_tag-office-privacy-pod","13":"product_tag-personal-meeting-pod","14":"product_tag-portable-soundproof-room","15":"product_tag-soundproof-booth","17":"first","18":"instock","19":"shipping-taxable","20":"product-type-simple"},"_links":{"self":[{"href":"https:\/\/www.happy-cheerme.com\/de\/wp-json\/wp\/v2\/product\/539","targetHints":{"allow":["GET"]}}],"collection":[{"href":"https:\/\/www.happy-cheerme.com\/de\/wp-json\/wp\/v2\/product"}],"about":[{"href":"https:\/\/www.happy-cheerme.com\/de\/wp-json\/wp\/v2\/types\/product"}],"replies":[{"embeddable":true,"href":"https:\/\/www.happy-cheerme.com\/de\/wp-json\/wp\/v2\/comments?post=539"}],"version-history":[{"count":1,"href":"https:\/\/www.happy-cheerme.com\/de\/wp-json\/wp\/v2\/product\/539\/revisions"}],"predecessor-version":[{"id":728,"href":"https:\/\/www.happy-cheerme.com\/de\/wp-json\/wp\/v2\/product\/539\/revisions\/728"}],"wp:featuredmedia":[{"embeddable":true,"href":"https:\/\/www.happy-cheerme.com\/de\/wp-json\/wp\/v2\/media\/540"}],"wp:attachment":[{"href":"https:\/\/www.happy-cheerme.com\/de\/wp-json\/wp\/v2\/media?parent=539"}],"wp:term":[{"taxonomy":"product_cat","embeddable":true,"href":"https:\/\/www.happy-cheerme.com\/de\/wp-json\/wp\/v2\/product_cat?post=539"},{"taxonomy":"product_tag","embeddable":true,"href":"https:\/\/www.happy-cheerme.com\/de\/wp-json\/wp\/v2\/product_tag?post=539"}],"curies":[{"name":"wp","href":"https:\/\/api.w.org\/{rel}","templated":true}]}}