{"id":512,"date":"2024-12-26T18:03:52","date_gmt":"2024-12-26T10:03:52","guid":{"rendered":"https:\/\/qin.gg12.globaldeepsea.site\/?post_type=product&#038;p=512"},"modified":"2024-12-27T16:31:48","modified_gmt":"2024-12-27T08:31:48","slug":"sound-proof-booth-for-2-person-cm-p2m","status":"publish","type":"product","link":"https:\/\/www.happy-cheerme.com\/de\/product\/sound-proof-booth-for-2-person-cm-p2m\/","title":{"rendered":"Schalldichtes Stand f\u00fcr 2 Person-CM-P2M"},"content":{"rendered":"<h2>Gr\u00f6\u00dfenspezifikation<\/h2>\n<p><img fetchpriority=\"high\" decoding=\"async\" class=\"alignnone wp-image-731\" src=\"http:\/\/qin.gg12.globaldeepsea.site\/wp-content\/uploads\/2024\/12\/9.jpg\" alt=\"\" width=\"664\" height=\"368\" srcset=\"https:\/\/www.happy-cheerme.com\/wp-content\/uploads\/2024\/12\/9.jpg 1243w, https:\/\/www.happy-cheerme.com\/wp-content\/uploads\/2024\/12\/9-300x166.jpg 300w, https:\/\/www.happy-cheerme.com\/wp-content\/uploads\/2024\/12\/9-1024x568.jpg 1024w, https:\/\/www.happy-cheerme.com\/wp-content\/uploads\/2024\/12\/9-768x426.jpg 768w, https:\/\/www.happy-cheerme.com\/wp-content\/uploads\/2024\/12\/9-600x333.jpg 600w\" sizes=\"(max-width: 664px) 100vw, 664px\" \/><img decoding=\"async\" class=\"wp-image-518 alignright\" src=\"http:\/\/qin.gg12.globaldeepsea.site\/wp-content\/uploads\/2024\/12\/size-6-269x300.webp\" alt=\"\" width=\"305\" height=\"340\" srcset=\"https:\/\/www.happy-cheerme.com\/wp-content\/uploads\/2024\/12\/size-6-269x300.webp 269w, https:\/\/www.happy-cheerme.com\/wp-content\/uploads\/2024\/12\/size-6-920x1024.webp 920w, https:\/\/www.happy-cheerme.com\/wp-content\/uploads\/2024\/12\/size-6-768x855.webp 768w, https:\/\/www.happy-cheerme.com\/wp-content\/uploads\/2024\/12\/size-6-600x668.webp 600w, https:\/\/www.happy-cheerme.com\/wp-content\/uploads\/2024\/12\/size-6.webp 952w\" sizes=\"(max-width: 305px) 100vw, 305px\" \/><\/p>\n<h2>Material<\/h2>\n<table width=\"652\">\n<tbody>\n<tr>\n<td width=\"68\">Rahmen<\/td>\n<td colspan=\"2\" width=\"136\">6063 Luftfahrt Aluminnum Legierung<\/td>\n<\/tr>\n<tr>\n<td>Glas<\/td>\n<td colspan=\"2\">10 mm ultrawei\u00dfes, geschmittertes Glas, 4+4 laminierte T\u00fcrglas<\/td>\n<\/tr>\n<tr>\n<td>Wand<\/td>\n<td colspan=\"2\">6063 Aviation Aluminiumlegierung + 1,0 mm Stahloberfl\u00e4che\/Gabriel-Polster + Akustikpaket + 13mm Polyesterplatte + G350 Rauschreduzierender Gewebe<\/td>\n<\/tr>\n<tr>\n<td>Dach<\/td>\n<td colspan=\"2\">6063 Aviation Aluminiumlegierung + 1,0 mm Stahloberfl\u00e4che + Akustikpaket + Polyesterplatte + G350 Rauschreduzierender Gewebe<\/td>\n<\/tr>\n<tr>\n<td>Bodenplatte<\/td>\n<td colspan=\"2\">E0 Level 25 + 9mm Massivholz Sperrholz + schwarze PVC -Kantenb\u00e4nder + Stahlrahmen + 25 mm F\u00fc\u00dfe + Polyester Teppich<\/td>\n<\/tr>\n<tr>\n<td>Beschichtung<\/td>\n<td colspan=\"2\">Elektrostatisches Tigerpulverspr\u00fchen<\/td>\n<\/tr>\n<\/tbody>\n<\/table>\n<h2>M\u00f6bel<\/h2>\n<p><img decoding=\"async\" class=\"wp-image-519 size-full alignleft\" src=\"http:\/\/qin.gg12.globaldeepsea.site\/wp-content\/uploads\/2024\/12\/detail-2.webp\" alt=\"\" width=\"262\" height=\"225\" \/><\/p>\n<div><\/div>\n<div><\/div>\n<div>Balkentisch (mit 2 Tasse Inhabern)<br \/>\nW1465*D400*H1050<br \/>\nFarbe: wei\u00dfe MFC\/ Holzfarbe<br \/>\nMehrschichtplatte\/ Gelbpulverbeschichtung<\/div>\n<h2><\/h2>\n<p>&nbsp;<\/p>\n<p>&nbsp;<\/p>\n<h2><\/h2>\n<p>&nbsp;<\/p>\n<div>\n<h2>Leistungskonfiguration<\/h2>\n<table width=\"653\">\n<tbody>\n<tr>\n<td width=\"203\">Verbrauch<\/td>\n<td colspan=\"2\" width=\"136\">40W, Elektroger\u00e4te zugreifen weniger als 1000 W.<\/td>\n<\/tr>\n<tr>\n<td>Deckenlicht<\/td>\n<td colspan=\"2\">0 - 20W<\/td>\n<\/tr>\n<tr>\n<td>Wandl\u00fcfter<\/td>\n<td colspan=\"2\">0,9W, 1500 U \/ min *3<\/td>\n<\/tr>\n<tr>\n<td>Dachventilator<\/td>\n<td colspan=\"2\">2,4W, 1800 U \/ min*2<\/td>\n<\/tr>\n<tr>\n<td>Bel\u00fcftung<\/td>\n<td colspan=\"2\">2,35 m\u00b3\/min, 83cfm, Luftwechselrate 45\/h<\/td>\n<\/tr>\n<tr>\n<td>Ger\u00e4uschreduzierung<\/td>\n<td colspan=\"2\">DS, A 28,5 dB (IS0 23351-1: 2020)<\/td>\n<\/tr>\n<\/tbody>\n<\/table>\n<h2>Unsere St\u00e4rken<\/h2>\n<div>\n<div>I.Modular Design: Modular f\u00fcr die schnelle Baugruppe mit sechs Komponenten und Schnellbaugruppen.1 -Stunden -Baugruppe. Einfach in patentiertem Schnellverbindungsanschluss einf\u00fcgen. Modular zur Reorganisation: Eins wird zwei, zwei werden mehr; Modular zur Reorganisation; Multifunktionsreset.<\/div>\n<div><\/div>\n<div>II.Noise Reduktion: Wand 45 dB; DS, ein 28,5 dB vier Elemente der Schallisolierung und Rauschreduktion. Dichtungsleistung der Automobilhersteller. 1.0 Dicke Stahlplatte + Akustikpaket + Luftfahrt 6063 Aluminiumlegierung + 4mm 1800 g Polyesterfaser-Schalld\u00e4mmplatten + 9mm 1200 g Polyesterfaser Akustikplatte + Woll\u00e4hnliche obere Schicht.<\/div>\n<div><\/div>\n<div>iii.optimale Bel\u00fcftung: Doppelluftversorgung mit zwei Luftrenkrecht und doppelte Abgase 1,5 Minuten Innenzirkulationsl\u00fcftungsvolumen pro Minute: 1,63\/m\u00b3; Nicht brennbarer ultra-proje-Ableitungsl\u00fcfter: 100.000 h.<\/div>\n<div><\/div>\n<div>IV. Humanisiertes Design: Weiches Licht: Drei Sekunden zum Aufleuchten+ unendlich einstellbar+ Mitsubishi -Lichtf\u00fchrung 50.000h Keine Farb\u00e4nderung; Der maximale leuchtende Fluss betr\u00e4gt 2700 lm; Die Nachahmung der nat\u00fcrlichen Lichtfarbe betr\u00e4gt 3500.000.<\/div>\n<div><\/div>\n<div>V.Sustainability: 100% umweltfreundliche Materialien, um umweltvertr\u00e4glich nachhaltiges Designkonzept zu wiegen. Sie sind: Gabriel -Stoff; Tigerpulver; Luftfahrt Aluminiumlegierung; FSC -zertifizierter Vorstand; 3C -zertifiziertes Temperaturglas; Recycelte Polyesterfaser.<\/div>\n<div><\/div>\n<div>VI.Digital Intelligence: Wir k\u00f6nnen die intelligente Analyse von Reservierungen, Management und Freilassung in gesch\u00e4ftigen Stunden erf\u00fcllen. Bietet eine Grundlage f\u00fcr die Entscheidungsfindung f\u00fcr den Zur\u00fccksetzen des Raums.<\/div>\n<div>A. W\u00e4hlen Sie zur Analyse Raumtypen (z. B. Arbeitsstationen, Besprechungsr\u00e4ume usw.).<\/div>\n<div>B. Verfeinern Sie den Raumteil (z. B. Abteilung, Bodenpartition), um andere Teile zu analysieren und zu vergleichen.<\/div>\n<div>C. Verst\u00e4ndnis der Nutzungsgewohnheiten und der Verteilung verschiedener R\u00e4ume, Abteilungen und Bereiche durch eine hierarchische W\u00e4rmekarte.<\/div>\n<div>D. \u00dcberpr\u00fcfen Sie, ob die Platzeinstellungen f\u00fcr das Gesch\u00e4ftsmodell durch Leader -Forschung und Mitarbeiterfragebogen geeignet sind.<\/div>\n<\/div>\n<\/div>","protected":false},"excerpt":{"rendered":"<p>Externe Abmessungen: W1635*D1360*H2280mm<\/p>\n<p>Interne Abmessungen: W1465*D1190 (1340 ist Glas zu Glas)*H2130 mm<\/p>\n<p>Gewicht: 450 kg<\/p>\n<p>Palettenabmessungen: W2190*D1410*H935 (nicht enthaltener Zubeh\u00f6rbox)<\/p>\n<p>Volumen: 3 m\u00b3<\/p>\n<p>T\u00fcr\u00f6ffnungsrichtung; T\u00fcr n\u00e4her: rechte T\u00fcr<\/p>","protected":false},"featured_media":513,"comment_status":"open","ping_status":"closed","template":"","meta":[],"product_cat":[27,25],"product_tag":[42,43,48,47,44,46,41,45],"class_list":{"0":"post-512","1":"product","2":"type-product","3":"status-publish","4":"has-post-thumbnail","6":"product_cat-dual-seat-sound-proof-booth","7":"product_cat-office-booth","8":"product_tag-acoustic-isolation-booth","9":"product_tag-compact-soundproof-room","10":"product_tag-double-person-sound-insulation-pod","11":"product_tag-dual-occupancy-sound-booth","12":"product_tag-noise-reduction-booth","13":"product_tag-small-soundproof-chamber","14":"product_tag-soundproof-booth-for-two","15":"product_tag-two-person-audio-booth","17":"first","18":"instock","19":"shipping-taxable","20":"product-type-simple"},"_links":{"self":[{"href":"https:\/\/www.happy-cheerme.com\/de\/wp-json\/wp\/v2\/product\/512","targetHints":{"allow":["GET"]}}],"collection":[{"href":"https:\/\/www.happy-cheerme.com\/de\/wp-json\/wp\/v2\/product"}],"about":[{"href":"https:\/\/www.happy-cheerme.com\/de\/wp-json\/wp\/v2\/types\/product"}],"replies":[{"embeddable":true,"href":"https:\/\/www.happy-cheerme.com\/de\/wp-json\/wp\/v2\/comments?post=512"}],"version-history":[{"count":1,"href":"https:\/\/www.happy-cheerme.com\/de\/wp-json\/wp\/v2\/product\/512\/revisions"}],"predecessor-version":[{"id":659,"href":"https:\/\/www.happy-cheerme.com\/de\/wp-json\/wp\/v2\/product\/512\/revisions\/659"}],"wp:featuredmedia":[{"embeddable":true,"href":"https:\/\/www.happy-cheerme.com\/de\/wp-json\/wp\/v2\/media\/513"}],"wp:attachment":[{"href":"https:\/\/www.happy-cheerme.com\/de\/wp-json\/wp\/v2\/media?parent=512"}],"wp:term":[{"taxonomy":"product_cat","embeddable":true,"href":"https:\/\/www.happy-cheerme.com\/de\/wp-json\/wp\/v2\/product_cat?post=512"},{"taxonomy":"product_tag","embeddable":true,"href":"https:\/\/www.happy-cheerme.com\/de\/wp-json\/wp\/v2\/product_tag?post=512"}],"curies":[{"name":"wp","href":"https:\/\/api.w.org\/{rel}","templated":true}]}}