{"id":503,"date":"2024-12-26T17:50:03","date_gmt":"2024-12-26T09:50:03","guid":{"rendered":"https:\/\/qin.gg12.globaldeepsea.site\/?post_type=product&#038;p=503"},"modified":"2024-12-27T16:41:03","modified_gmt":"2024-12-27T08:41:03","slug":"sound-proof-booth-for-2-person-cm-qm","status":"publish","type":"product","link":"https:\/\/www.happy-cheerme.com\/de\/product\/sound-proof-booth-for-2-person-cm-qm\/","title":{"rendered":"Schalldichtes Stand f\u00fcr 2 Person-CM-QM"},"content":{"rendered":"<h2>Gr\u00f6\u00dfenspezifikation<\/h2>\n<p><img fetchpriority=\"high\" decoding=\"async\" class=\"alignnone wp-image-732\" src=\"http:\/\/qin.gg12.globaldeepsea.site\/wp-content\/uploads\/2024\/12\/10.jpg\" alt=\"\" width=\"681\" height=\"370\" srcset=\"https:\/\/www.happy-cheerme.com\/wp-content\/uploads\/2024\/12\/10.jpg 992w, https:\/\/www.happy-cheerme.com\/wp-content\/uploads\/2024\/12\/10-300x163.jpg 300w, https:\/\/www.happy-cheerme.com\/wp-content\/uploads\/2024\/12\/10-768x417.jpg 768w, https:\/\/www.happy-cheerme.com\/wp-content\/uploads\/2024\/12\/10-600x326.jpg 600w\" sizes=\"(max-width: 681px) 100vw, 681px\" \/><img decoding=\"async\" class=\"alignright wp-image-511\" src=\"http:\/\/qin.gg12.globaldeepsea.site\/wp-content\/uploads\/2024\/12\/size-5-248x300.webp\" alt=\"\" width=\"306\" height=\"370\" srcset=\"https:\/\/www.happy-cheerme.com\/wp-content\/uploads\/2024\/12\/size-5-248x300.webp 248w, https:\/\/www.happy-cheerme.com\/wp-content\/uploads\/2024\/12\/size-5.webp 482w\" sizes=\"(max-width: 306px) 100vw, 306px\" \/><\/p>\n<h2>Beschreibung<\/h2>\n<div>\n<p>1. 1,5-2,5 mm Dicke Aluminiumlegierung + 10 mm hochfestes Glas + schallabsorbierende und schalldichtes Material mit 9 + 12-mm-Umgebungsschutzplanke.<\/p>\n<p>2. Ultra-d\u00fcnn &amp; Ultra-Silence-Auspuff-L\u00fcfter*2 + PD-Theorie Langweit-Schall-Proof-Luftzirkulationsrohr.<\/p>\n<p>3. Rauschen: &lt;35 dB; Geschwindigkeit: 750 U \/ min; L\u00fcftungsl\u00fcftervolumen: 89CFM; Durchschnittliche Bel\u00fcftung 1 10 m3\/h.<\/p>\n<p>4. Einschlie\u00dflich antistatischer und gleitender Rutschhaufen-Stapelteppich.<\/p>\n<p>5. Integriert 2500 ~ 6000K nat\u00fcrliches Licht (Drei-Farben-Temperaturlicht*1) 100-240 V\/50-60 Hz Stromversorgung.<\/p>\n<p>6. Socket*1, Zwei-Positions-Switch*1, Netzwerkschnittstelle*1 USB-Port-Socket-Panel ist verf\u00fcgbar.<\/p>\n<p>7. Leicht- und Abgasschaltersteuerung separat.<\/p>\n<p>8. Stahlfeste Fu\u00dfbecher + Universalrad.<\/p>\n<\/div>\n<div>\n<h2>Features And Strengths<\/h2>\n<p>ich. Materialien: Hochfestes Aluminiumprofil, Schalld\u00e4mmglas, Polyesterfaser-Schallabsorbing Board und Umweltschutz-Sperrholz.<\/p>\n<p>ii.SOUNDPROOF &amp; SOUND INSULATION: The wall of the office pods is composed of sound-absorbing cotton+ environmentally friendly plywood (hollow structure) and 10mm thick soundproof tempered glass.The sound insulation and noise reduction index meets the design expectations.<\/p>\n<p>III.Verbiliert: Jedes B\u00fcroschoten wurde mit einem Labyrinth-Frischluftsystem vom Typ Labyrinth ausgestattet, das aus ultra-d\u00fcnn + ultra-projeer Frischluftl\u00fcfter + PD-Prinzip-Langzeit-Schall-Soot-Luftzirkulationskanal besteht, und es muss nur 3-5 Minuten lang eingeschaltet werden.<\/p>\n<p>iv.LIGHTING: The cabin is equipped with 3000K-6000k three-color temperature adjustable LED ceiling lights, which can basically meet the needs of cabin lighting.<\/p>\n<p>v.100-240V POWER: Every office pods is equipped with 100-240V\/50-60Hz and 12V-USB power supply system,which can easily meet the use of mainstream electrical appliances in life.<\/p>\n<p>vi.Easy To Move : The lightweight nature of the officepods allows you to easily move them anywhere your office needs them.<\/p>\n<p>vii.Easy To Assemble: We designed our office pods to be easily assembled with a team of 1-3people with just a power drill and a ladder.<\/p>\n<\/div>","protected":false},"excerpt":{"rendered":"<p>Externe Erma\u00dfen: 1500W x 1250d x 2348,5H (mm)<\/p>\n<p>Interne Ermessungen: 1370W x 1206d x 2128H (mm)<\/p>\n<p>Gewicht -GW\/NW: 470 kg\/380 kg<\/p>\n<p>Palletisierungsdemensionen: 2300W x 1200D x 1450H \uff08mm\uff09<\/p>\n<p>Volumen: 3,52 m\u00b3<\/p>","protected":false},"featured_media":504,"comment_status":"open","ping_status":"closed","template":"","meta":[],"product_cat":[27,25],"product_tag":[122,116,119,117,121,120,118,115],"class_list":{"0":"post-503","1":"product","2":"type-product","3":"status-publish","4":"has-post-thumbnail","6":"product_cat-dual-seat-sound-proof-booth","7":"product_cat-office-booth","8":"product_tag-2-person-isolation-booth","9":"product_tag-2-person-soundproof-booth","10":"product_tag-compact-soundproof-booth","11":"product_tag-double-occupancy-soundproof-booth","12":"product_tag-enclosed-soundproof-booth","13":"product_tag-private-soundproof-booth","14":"product_tag-small-soundproof-booth","15":"product_tag-soundproof-booth-for-2","17":"first","18":"instock","19":"shipping-taxable","20":"product-type-simple"},"_links":{"self":[{"href":"https:\/\/www.happy-cheerme.com\/de\/wp-json\/wp\/v2\/product\/503","targetHints":{"allow":["GET"]}}],"collection":[{"href":"https:\/\/www.happy-cheerme.com\/de\/wp-json\/wp\/v2\/product"}],"about":[{"href":"https:\/\/www.happy-cheerme.com\/de\/wp-json\/wp\/v2\/types\/product"}],"replies":[{"embeddable":true,"href":"https:\/\/www.happy-cheerme.com\/de\/wp-json\/wp\/v2\/comments?post=503"}],"version-history":[{"count":1,"href":"https:\/\/www.happy-cheerme.com\/de\/wp-json\/wp\/v2\/product\/503\/revisions"}],"predecessor-version":[{"id":660,"href":"https:\/\/www.happy-cheerme.com\/de\/wp-json\/wp\/v2\/product\/503\/revisions\/660"}],"wp:featuredmedia":[{"embeddable":true,"href":"https:\/\/www.happy-cheerme.com\/de\/wp-json\/wp\/v2\/media\/504"}],"wp:attachment":[{"href":"https:\/\/www.happy-cheerme.com\/de\/wp-json\/wp\/v2\/media?parent=503"}],"wp:term":[{"taxonomy":"product_cat","embeddable":true,"href":"https:\/\/www.happy-cheerme.com\/de\/wp-json\/wp\/v2\/product_cat?post=503"},{"taxonomy":"product_tag","embeddable":true,"href":"https:\/\/www.happy-cheerme.com\/de\/wp-json\/wp\/v2\/product_tag?post=503"}],"curies":[{"name":"wp","href":"https:\/\/api.w.org\/{rel}","templated":true}]}}