{"id":490,"date":"2024-12-26T17:36:41","date_gmt":"2024-12-26T09:36:41","guid":{"rendered":"https:\/\/qin.gg12.globaldeepsea.site\/?post_type=product&#038;p=490"},"modified":"2024-12-27T16:46:16","modified_gmt":"2024-12-27T08:46:16","slug":"sound-proof-booth-for-single-person-cm-ps","status":"publish","type":"product","link":"https:\/\/www.happy-cheerme.com\/de\/product\/sound-proof-booth-for-single-person-cm-ps\/","title":{"rendered":"Schalldichtes Stand f\u00fcr Einzelperson-CM-PS"},"content":{"rendered":"<h2>Gr\u00f6\u00dfenspezifikation<\/h2>\n<p><img fetchpriority=\"high\" decoding=\"async\" class=\"alignnone wp-image-733\" src=\"http:\/\/qin.gg12.globaldeepsea.site\/wp-content\/uploads\/2024\/12\/11.jpg\" alt=\"\" width=\"653\" height=\"360\" srcset=\"https:\/\/www.happy-cheerme.com\/wp-content\/uploads\/2024\/12\/11.jpg 1243w, https:\/\/www.happy-cheerme.com\/wp-content\/uploads\/2024\/12\/11-300x165.jpg 300w, https:\/\/www.happy-cheerme.com\/wp-content\/uploads\/2024\/12\/11-1024x564.jpg 1024w, https:\/\/www.happy-cheerme.com\/wp-content\/uploads\/2024\/12\/11-768x423.jpg 768w, https:\/\/www.happy-cheerme.com\/wp-content\/uploads\/2024\/12\/11-600x331.jpg 600w\" sizes=\"(max-width: 653px) 100vw, 653px\" \/><img decoding=\"async\" class=\"alignright wp-image-499\" src=\"http:\/\/qin.gg12.globaldeepsea.site\/wp-content\/uploads\/2024\/12\/size-4-201x300.webp\" alt=\"\" width=\"241\" height=\"360\" srcset=\"https:\/\/www.happy-cheerme.com\/wp-content\/uploads\/2024\/12\/size-4-201x300.webp 201w, https:\/\/www.happy-cheerme.com\/wp-content\/uploads\/2024\/12\/size-4.webp 359w\" sizes=\"(max-width: 241px) 100vw, 241px\" \/><\/p>\n<h2>Material<\/h2>\n<table width=\"716\">\n<tbody>\n<tr>\n<td width=\"68\">Rahmen<\/td>\n<td colspan=\"3\" width=\"204\">6063 Luftfahrt Aluminiumlegierung<\/td>\n<\/tr>\n<tr>\n<td>Glas<\/td>\n<td colspan=\"3\">10 mm ultrawei\u00dfes, geschmittertes Glas, 4+4 laminierte T\u00fcrglas<\/td>\n<\/tr>\n<tr>\n<td>Wand<\/td>\n<td colspan=\"3\">6063 Aviation Aluminiumlegierung + 1,0 mm Stahloberfl\u00e4che\/Gabriel-Polster + Akustikpaket + 13mm Polyesterplatte + G350 Rauschreduzierender Gewebe<\/td>\n<\/tr>\n<tr>\n<td>Dach<\/td>\n<td colspan=\"3\">6063 Aviation Aluminiumlegierung + 1,0 mm Stahloberfl\u00e4che + Akustikpaket + Polyesterplatte + G350 Rauschreduzierender Gewebe<\/td>\n<\/tr>\n<tr>\n<td>Bodenplatte<\/td>\n<td colspan=\"3\">E0 Level 25 + 9mm Massivholz Sperrholz + schwarze PVC -Kantenb\u00e4nder + Stahlrahmen + 25 mm F\u00fc\u00dfe + Polyester Teppich<\/td>\n<\/tr>\n<tr>\n<td>Beschichtung<\/td>\n<td colspan=\"3\">Elektrostatisches Tigerpulverspr\u00fchen<\/td>\n<\/tr>\n<\/tbody>\n<\/table>\n<p><img decoding=\"async\" class=\"wp-image-500 alignleft\" src=\"http:\/\/qin.gg12.globaldeepsea.site\/wp-content\/uploads\/2024\/12\/detail-1.webp\" alt=\"\" width=\"184\" height=\"246\" \/><\/p>\n<div>\n<p>M\u00f6bel<br \/>\nBalkentisch (mit einem Becherhalter) W900*D650*H1050.<br \/>\nFarbe: Wei\u00dfe MFC\/ Holzfarbe mehrschichtiger Brett\/ Gelbpulverbeschichtung<\/p>\n<p>Leistungskonfiguration<br \/>\n1 Power Track \uff081 ac\uff09\uff09<br \/>\n1 drahtlose Ladung<\/p>\n<p>AC- oder USB -Modul kann AC 220V hinzugef\u00fcgt werden<\/p>\n<\/div>\n<div>\n<h2><\/h2>\n<\/div>\n<h2><\/h2>\n<p>&nbsp;<\/p>\n<div>\n<h2><\/h2>\n<h2><\/h2>\n<h2>Parameterkonfiguration<\/h2>\n<table width=\"607\">\n<tbody>\n<tr>\n<td width=\"228\">Verbrauch<\/td>\n<td colspan=\"2\" width=\"136\">40W, Elektroger\u00e4te zugreifen weniger als 1000 W.<\/td>\n<\/tr>\n<tr>\n<td>Deckenlicht<\/td>\n<td colspan=\"2\">0 - 20W<\/td>\n<\/tr>\n<tr>\n<td>Wandl\u00fcfter<\/td>\n<td colspan=\"2\">0,9W, 1500 U \/ min *2<\/td>\n<\/tr>\n<tr>\n<td>Dachventilator<\/td>\n<td colspan=\"2\">1,92W, 2150 U \/ min*2<\/td>\n<\/tr>\n<tr>\n<td>Bel\u00fcftung<\/td>\n<td colspan=\"2\">1,68 m\u00b3\/min, 59,3cfm, Luftwechselrate 50\/h<\/td>\n<\/tr>\n<tr>\n<td>Ger\u00e4uschreduzierung<\/td>\n<td colspan=\"2\">DS, A 28,5 dB (IS0 23351-1: 2020)<\/td>\n<\/tr>\n<\/tbody>\n<\/table>\n<h2>Unsere St\u00e4rken<\/h2>\n<div>\n<p>I.Modular Design: Modular f\u00fcr schnelle Baugruppen mit sechs Komponenten und Schnellbaugruppen.1-Stunden-Baugruppe leicht in einen patentierten Schnellstichanschluss einf\u00fcgen.<br \/>\nModular zur Reorganisation: Eins wird zwei, zwei werden mehr; Modular zur Reorganisation; Multifunktionsreset.<\/p>\n<p>II.Noise Reduktion: Wand 45 dB; DS, ein 28,5 dB vier Elemente der Schallisolierung und Rauschreduktion. Dichtungsleistung der Automobilhersteller. 1.0 Dicke Stahlplatte + Akustikpaket + Luftfahrt 6063 Aluminiumlegierung + 4mm 1800 g Polyesterfaser-Schalld\u00e4mmplatten + 9mm 1200 g Polyesterfaser Akustikplatte + Woll\u00e4hnliche obere Schicht.<\/p>\n<p>iii.optimale Bel\u00fcftung: Doppelluftversorgung mit zwei Luftrenkrecht und doppelte Abgase 1,5 Minuten Innenzirkulationsl\u00fcftungsvolumen pro Minute: 1,63\/m\u00b3; Nicht brennbarer ultra-proje-Ableiterl\u00fcfter: 100.000 Stunden.<\/p>\n<p>IV. Humanisiertes Design: Weiches Licht: Drei Sekunden zum Aufleuchten+ unendlich einstellbar+ Mitsubishi -Lichtf\u00fchrung 50.000h Keine Farb\u00e4nderung; Der maximale leuchtende Fluss betr\u00e4gt 2700 lm; Die Nachahmung der nat\u00fcrlichen Lichtfarbe betr\u00e4gt 3500.000.<\/p>\n<p>V.Sustainability: 100% umweltfreundliche Materialien, um umweltvertr\u00e4glich nachhaltiges Designkonzept zu wiegen. Sie sind: Gabriel Fabric Tiger Pulver Aviation Aluminiumlegierung FSC Certified Board 3C Certified Tempered Glass Recycling Polyester Faser.<\/p>\n<p>VI.Digital Intelligence: Wir k\u00f6nnen die intelligente Analyse von Reservierungen, Management und Freigabe w\u00e4hrend der Arbeitszeiten erf\u00fcllen, um eine Grundlage f\u00fcr die Entscheidungsfindung f\u00fcr das Zur\u00fccksetzen von Platz zu erhalten.<br \/>\nA. W\u00e4hlen Sie zur Analyse Raumtypen (z. B. Arbeitsstationen, Besprechungsr\u00e4ume usw.).<br \/>\nB. Verfeinern Sie den Raumteil (z. B. Abteilung, Bodenpartition), um andere Teile zu analysieren und zu vergleichen.<br \/>\nC. Verst\u00e4ndnis der Nutzungsgewohnheiten und der Verteilung verschiedener R\u00e4ume, Abteilungen und Bereiche durch eine hierarchische W\u00e4rmekarte.<br \/>\nD. \u00dcberpr\u00fcfen Sie, ob die Platzeinstellungen f\u00fcr das Gesch\u00e4ftsmodell durch Leader -Forschung und Mitarbeiterfragebogen geeignet sind.<\/p>\n<\/div>\n<\/div>","protected":false},"excerpt":{"rendered":"<p>Externe Abmessungen: W1070*D1070*H2280 mm<\/p>\n<p>Interne Abmessungen: W900*D900 \uff081050 ist Glas bis Glas)*H2130 mm<\/p>\n<p>Gewicht -GW\/NW: 280 kg\/255 kg<\/p>\n<p>Palettenabmessungen: W2220*D1200*H700 mm<\/p>\n<p>Volumen: 2m\u00b3<\/p>\n<p>T\u00fcr\u00f6ffnungsrichtung; T\u00fcr n\u00e4her: linke T\u00fcr<\/p>","protected":false},"featured_media":491,"comment_status":"open","ping_status":"closed","template":"","meta":[],"product_cat":[25,26],"product_tag":[50,123,124,44,59,101,49,125],"class_list":{"0":"post-490","1":"product","2":"type-product","3":"status-publish","4":"has-post-thumbnail","6":"product_cat-office-booth","7":"product_cat-single-person-sound-proof-booth","8":"product_tag-acoustic-isolation","9":"product_tag-audiometry-booth","10":"product_tag-isolation-booth","11":"product_tag-noise-reduction-booth","12":"product_tag-privacy-booth","13":"product_tag-single-person-booth","14":"product_tag-soundproof-booth","15":"product_tag-vocal-recording-booth","17":"first","18":"instock","19":"shipping-taxable","20":"product-type-simple"},"_links":{"self":[{"href":"https:\/\/www.happy-cheerme.com\/de\/wp-json\/wp\/v2\/product\/490","targetHints":{"allow":["GET"]}}],"collection":[{"href":"https:\/\/www.happy-cheerme.com\/de\/wp-json\/wp\/v2\/product"}],"about":[{"href":"https:\/\/www.happy-cheerme.com\/de\/wp-json\/wp\/v2\/types\/product"}],"replies":[{"embeddable":true,"href":"https:\/\/www.happy-cheerme.com\/de\/wp-json\/wp\/v2\/comments?post=490"}],"version-history":[{"count":1,"href":"https:\/\/www.happy-cheerme.com\/de\/wp-json\/wp\/v2\/product\/490\/revisions"}],"predecessor-version":[{"id":501,"href":"https:\/\/www.happy-cheerme.com\/de\/wp-json\/wp\/v2\/product\/490\/revisions\/501"}],"wp:featuredmedia":[{"embeddable":true,"href":"https:\/\/www.happy-cheerme.com\/de\/wp-json\/wp\/v2\/media\/491"}],"wp:attachment":[{"href":"https:\/\/www.happy-cheerme.com\/de\/wp-json\/wp\/v2\/media?parent=490"}],"wp:term":[{"taxonomy":"product_cat","embeddable":true,"href":"https:\/\/www.happy-cheerme.com\/de\/wp-json\/wp\/v2\/product_cat?post=490"},{"taxonomy":"product_tag","embeddable":true,"href":"https:\/\/www.happy-cheerme.com\/de\/wp-json\/wp\/v2\/product_tag?post=490"}],"curies":[{"name":"wp","href":"https:\/\/api.w.org\/{rel}","templated":true}]}}