{"id":469,"date":"2024-12-26T17:26:05","date_gmt":"2024-12-26T09:26:05","guid":{"rendered":"https:\/\/qin.gg12.globaldeepsea.site\/?post_type=product&#038;p=469"},"modified":"2024-12-27T16:51:40","modified_gmt":"2024-12-27T08:51:40","slug":"sound-proof-booth-for-single-person-cm-p1-5s","status":"publish","type":"product","link":"https:\/\/www.happy-cheerme.com\/de\/product\/sound-proof-booth-for-single-person-cm-p1-5s\/","title":{"rendered":"Schalldichtes Stand f\u00fcr Einzelpersonen-CM-P1.5s"},"content":{"rendered":"<h2>Gr\u00f6\u00dfenspezifikation<\/h2>\n<p><img fetchpriority=\"high\" decoding=\"async\" class=\"alignnone wp-image-734\" src=\"http:\/\/qin.gg12.globaldeepsea.site\/wp-content\/uploads\/2024\/12\/12.jpg\" alt=\"\" width=\"695\" height=\"380\" srcset=\"https:\/\/www.happy-cheerme.com\/wp-content\/uploads\/2024\/12\/12.jpg 1263w, https:\/\/www.happy-cheerme.com\/wp-content\/uploads\/2024\/12\/12-300x164.jpg 300w, https:\/\/www.happy-cheerme.com\/wp-content\/uploads\/2024\/12\/12-1024x560.jpg 1024w, https:\/\/www.happy-cheerme.com\/wp-content\/uploads\/2024\/12\/12-768x420.jpg 768w, https:\/\/www.happy-cheerme.com\/wp-content\/uploads\/2024\/12\/12-600x328.jpg 600w\" sizes=\"(max-width: 695px) 100vw, 695px\" \/><img decoding=\"async\" class=\"alignright wp-image-480\" src=\"http:\/\/qin.gg12.globaldeepsea.site\/wp-content\/uploads\/2024\/12\/size-3-266x300.webp\" alt=\"\" width=\"337\" height=\"380\" srcset=\"https:\/\/www.happy-cheerme.com\/wp-content\/uploads\/2024\/12\/size-3-266x300.webp 266w, https:\/\/www.happy-cheerme.com\/wp-content\/uploads\/2024\/12\/size-3.webp 411w\" sizes=\"(max-width: 337px) 100vw, 337px\" \/><\/p>\n<h2>Material<\/h2>\n<table width=\"611\">\n<tbody>\n<tr>\n<td width=\"68\">Rahmen<\/td>\n<td colspan=\"2\" width=\"136\">6063 Luftfahrt Aluminiumlegierung<\/td>\n<\/tr>\n<tr>\n<td>Glas<\/td>\n<td colspan=\"2\">10 mm ultrawei\u00dfes, geschmittertes Glas, 4+4 laminierte T\u00fcrglas<\/td>\n<\/tr>\n<tr>\n<td>Wand<\/td>\n<td colspan=\"2\">6063 Aviation Aluminiumlegierung + 1,0 mm Stahloberfl\u00e4che\/Gabriel-Polster + Akustikpaket + 13mm Polyesterplatte + G350 Rauschreduzierender Gewebe<\/td>\n<\/tr>\n<tr>\n<td>Dach<\/td>\n<td colspan=\"2\">6063 Aviation Aluminiumlegierung + 1,0 mm Stahloberfl\u00e4che + Akustikpaket + Polyesterplatte + G350 Rauschreduzierender Gewebe<\/td>\n<\/tr>\n<tr>\n<td>Bodenplatte<\/td>\n<td colspan=\"2\">E0 Level 25 + 9mm Massivholz Sperrholz + schwarze PVC -Kantenb\u00e4nder + Stahlrahmen + 25 mm F\u00fc\u00dfe + Polyester Teppich<\/td>\n<\/tr>\n<tr>\n<td>Beschichtung<\/td>\n<td colspan=\"2\">Elektrostatisches Tigerpulverspr\u00fchen<\/td>\n<\/tr>\n<\/tbody>\n<\/table>\n<p><img decoding=\"async\" class=\"wp-image-479 alignleft\" src=\"http:\/\/qin.gg12.globaldeepsea.site\/wp-content\/uploads\/2024\/12\/detail.webp\" alt=\"\" width=\"302\" height=\"306\" srcset=\"https:\/\/www.happy-cheerme.com\/wp-content\/uploads\/2024\/12\/detail.webp 293w, https:\/\/www.happy-cheerme.com\/wp-content\/uploads\/2024\/12\/detail-100x100.webp 100w\" sizes=\"(max-width: 302px) 100vw, 302px\" \/><\/p>\n<div>\n<p>M\u00f6bel<br \/>\nH\u00f6henverstellbarer Schreibtisch<br \/>\nW880*D450*H740-1150<br \/>\nFarbe: Wei\u00dfe MFC\/ Holzfarbe Multilayer Board\/ Gelbpulverbeschichtung<\/p>\n<p>Leistungskonfiguration<br \/>\n1 Integrierter Socket \uff082 ac \u3001 1USB \u3001 1TYPE-C\uff09<br \/>\nAC 220 V \uff0c USB 5V 3.1a<\/p>\n<p>Funktionswandplatte<br \/>\nStandard: Stahlbeschichtung, gleiche Farbe wie die externe<br \/>\nOptional: Holzfarbe<\/p>\n<\/div>\n<div>\n<h2><\/h2>\n<h2><\/h2>\n<\/div>\n<h2><\/h2>\n<p>&nbsp;<\/p>\n<div>\n<h2><\/h2>\n<h2>Parameterkonfiguration<\/h2>\n<table width=\"622\">\n<tbody>\n<tr>\n<td width=\"228\">Verbrauch<\/td>\n<td colspan=\"2\" width=\"136\">40W, Elektroger\u00e4te zugreifen weniger als 1000 W.<\/td>\n<\/tr>\n<tr>\n<td>Deckenlicht<\/td>\n<td colspan=\"2\">0 - 20W<\/td>\n<\/tr>\n<tr>\n<td>Wandl\u00fcfter<\/td>\n<td colspan=\"2\">0,9W, 1500 U \/ min *2<\/td>\n<\/tr>\n<tr>\n<td>Dachventilator<\/td>\n<td colspan=\"2\">1,92W, 2150 U \/ min*2<\/td>\n<\/tr>\n<tr>\n<td>Bel\u00fcftung<\/td>\n<td colspan=\"2\">1,68 m\u00b3\/min, 59,3cfm, Luftwechselrate 46\/h<\/td>\n<\/tr>\n<tr>\n<td>Ger\u00e4uschreduzierung<\/td>\n<td colspan=\"2\">DS, A 28,5 dB (IS0 23351-1: 2020)<\/td>\n<\/tr>\n<\/tbody>\n<\/table>\n<h2>Unsere St\u00e4rken<\/h2>\n<div>\n<p>I.Modular Design: Modular f\u00fcr schnelle Baugruppen mit sechs Komponenten und Schnellbaugruppen.1-Stunden-Baugruppe leicht in einen patentierten Schnellstichanschluss einf\u00fcgen.<br \/>\nModular zur Reorganisation: Eins wird zwei, zwei werden mehr; Modular zur Reorganisation; Multifunktionsreset.<\/p>\n<p>II.Noise Reduktion: Wand 45 dB; DS, ein 28,5 dB vier Elemente der Schallisolierung und Rauschreduktion. Dichtungsleistung der Automobilhersteller. 1.0 Dicke Stahlplatte + Akustikpaket + Luftfahrt 6063 Aluminiumlegierung + 4mm 1800 g Polyesterfaser-Schalld\u00e4mmplatten + 9mm 1200 g Polyesterfaser Akustikplatte + Woll\u00e4hnliche obere Schicht.<\/p>\n<p>iii.optimale Bel\u00fcftung: Doppelluftversorgung mit zwei Luftrenkrecht und doppelte Abgase 1,5 Minuten Innenzirkulationsl\u00fcftungsvolumen pro Minute: 1,63\/m\u00b3; Nicht brennbarer ultra-proje-Ableiterl\u00fcfter: 100.000 Stunden.<\/p>\n<p>IV. Humanisiertes Design: Weiches Licht: Drei Sekunden zum Aufleuchten+ unendlich einstellbar+ Mitsubishi -Lichtf\u00fchrung 50.000h Keine Farb\u00e4nderung; Der maximale leuchtende Fluss betr\u00e4gt 2700 lm; Die Nachahmung der nat\u00fcrlichen Lichtfarbe betr\u00e4gt 3500.000.<\/p>\n<p>V.Sustainability: 100% umweltfreundliche Materialien, um umweltvertr\u00e4glich nachhaltiges Designkonzept zu wiegen. Sie sind: Gabriel Fabric Tiger Pulver Aviation Aluminiumlegierung FSC Certified Board 3C Certified Tempered Glass Recycling Polyester Faser.<\/p>\n<p>VI.Digital Intelligence: Wir k\u00f6nnen die intelligente Analyse von Reservierungen, Management und Freilassung in gesch\u00e4ftigen Stunden erf\u00fcllen. Bietet eine Grundlage f\u00fcr die Entscheidungsfindung f\u00fcr den Zur\u00fccksetzen des Raums.<br \/>\nA. W\u00e4hlen Sie zur Analyse Raumtypen (z. B. Arbeitsstationen, Besprechungsr\u00e4ume usw.).<br \/>\nB. Verfeinern Sie den Raumteil (z. B. Abteilung, Bodenpartition), um andere Teile zu analysieren und zu vergleichen.<br \/>\nC. Verst\u00e4ndnis der Nutzungsgewohnheiten und der Verteilung verschiedener R\u00e4ume, Abteilungen und Bereiche durch eine hierarchische W\u00e4rmekarte.<br \/>\nD. \u00dcberpr\u00fcfen Sie, ob die Platzeinstellungen f\u00fcr das Gesch\u00e4ftsmodell durch Leader -Forschung und Mitarbeiterfragebogen geeignet sind.<\/p>\n<\/div>\n<\/div>","protected":false},"excerpt":{"rendered":"<p>Externe Abmessungen: W1320*D1070*H2280mm<\/p>\n<p>Interne Abmessungen: W1150*D900*H2130 mm<\/p>\n<p>Gewicht: 350 kg<\/p>\n<p>Palettenabmessungen: W2190*D1200*H925 \uff08Nicht enthaltenes Zubeh\u00f6rbox\uff09<\/p>\n<p>Volumen: 2,5 m\u00b3<\/p>\n<p>T\u00fcr \u00d6ffnungsrichtung T\u00fcr n\u00e4her: rechte T\u00fcr<\/p>","protected":false},"featured_media":481,"comment_status":"open","ping_status":"closed","template":"","meta":[],"product_cat":[25,26],"product_tag":[128,127,131,130,126,132,49,129],"class_list":{"0":"post-469","1":"product","2":"type-product","3":"status-publish","4":"has-post-thumbnail","6":"product_cat-office-booth","7":"product_cat-single-person-sound-proof-booth","8":"product_tag-noise-reduction-pod","9":"product_tag-personal-soundproof-enclosure","10":"product_tag-private-sound-reduction-cabin","11":"product_tag-quiet-workspace-pod","12":"product_tag-single-person-sound-isolation-booth","13":"product_tag-solo-acoustic-isolation-booth","14":"product_tag-soundproof-booth","15":"product_tag-vocal-isolation-chamber","17":"first","18":"instock","19":"shipping-taxable","20":"product-type-simple"},"_links":{"self":[{"href":"https:\/\/www.happy-cheerme.com\/de\/wp-json\/wp\/v2\/product\/469","targetHints":{"allow":["GET"]}}],"collection":[{"href":"https:\/\/www.happy-cheerme.com\/de\/wp-json\/wp\/v2\/product"}],"about":[{"href":"https:\/\/www.happy-cheerme.com\/de\/wp-json\/wp\/v2\/types\/product"}],"replies":[{"embeddable":true,"href":"https:\/\/www.happy-cheerme.com\/de\/wp-json\/wp\/v2\/comments?post=469"}],"version-history":[{"count":0,"href":"https:\/\/www.happy-cheerme.com\/de\/wp-json\/wp\/v2\/product\/469\/revisions"}],"wp:featuredmedia":[{"embeddable":true,"href":"https:\/\/www.happy-cheerme.com\/de\/wp-json\/wp\/v2\/media\/481"}],"wp:attachment":[{"href":"https:\/\/www.happy-cheerme.com\/de\/wp-json\/wp\/v2\/media?parent=469"}],"wp:term":[{"taxonomy":"product_cat","embeddable":true,"href":"https:\/\/www.happy-cheerme.com\/de\/wp-json\/wp\/v2\/product_cat?post=469"},{"taxonomy":"product_tag","embeddable":true,"href":"https:\/\/www.happy-cheerme.com\/de\/wp-json\/wp\/v2\/product_tag?post=469"}],"curies":[{"name":"wp","href":"https:\/\/api.w.org\/{rel}","templated":true}]}}