{"id":456,"date":"2024-12-26T16:58:59","date_gmt":"2024-12-26T08:58:59","guid":{"rendered":"https:\/\/qin.gg12.globaldeepsea.site\/?post_type=product&#038;p=456"},"modified":"2024-12-27T16:57:12","modified_gmt":"2024-12-27T08:57:12","slug":"sound-proof-booth-for-single-person-cm-qs","status":"publish","type":"product","link":"https:\/\/www.happy-cheerme.com\/de\/product\/sound-proof-booth-for-single-person-cm-qs\/","title":{"rendered":"Schalldichter Stand f\u00fcr Einzelpersonen-CM-Qs"},"content":{"rendered":"<h2>Gr\u00f6\u00dfenspezifikation<\/h2>\n<p><img fetchpriority=\"high\" decoding=\"async\" class=\"alignnone wp-image-735\" src=\"http:\/\/qin.gg12.globaldeepsea.site\/wp-content\/uploads\/2024\/12\/13.jpg\" alt=\"\" width=\"634\" height=\"380\" srcset=\"https:\/\/www.happy-cheerme.com\/wp-content\/uploads\/2024\/12\/13.jpg 910w, https:\/\/www.happy-cheerme.com\/wp-content\/uploads\/2024\/12\/13-300x180.jpg 300w, https:\/\/www.happy-cheerme.com\/wp-content\/uploads\/2024\/12\/13-768x460.jpg 768w, https:\/\/www.happy-cheerme.com\/wp-content\/uploads\/2024\/12\/13-600x359.jpg 600w\" sizes=\"(max-width: 634px) 100vw, 634px\" \/><img decoding=\"async\" class=\"wp-image-468 alignright\" src=\"http:\/\/qin.gg12.globaldeepsea.site\/wp-content\/uploads\/2024\/12\/size-204x300.webp\" alt=\"\" width=\"258\" height=\"380\" srcset=\"https:\/\/www.happy-cheerme.com\/wp-content\/uploads\/2024\/12\/size-204x300.webp 204w, https:\/\/www.happy-cheerme.com\/wp-content\/uploads\/2024\/12\/size.webp 588w\" sizes=\"(max-width: 258px) 100vw, 258px\" \/><\/p>\n<h2>Beschreibung<\/h2>\n<div>\n<p>1. 1,5-2,5 mm Dicke Aluminiumlegierung + 10 mm hochfestes Glas + schallabsorbierende und schalldichtes Material mit 9 + 12-mm-Umgebungsschutzplanke.<\/p>\n<p>2. Ultra-d\u00fcnn &amp; Ultra-Silence-Auspuff-L\u00fcfter*2 + PD-Theorie Langweit-Schall-Proof-Luftzirkulationsrohr.<\/p>\n<p>3. Rauschen: &lt;35 dB; Geschwindigkeit: 750 U \/ min; L\u00fcftungsl\u00fcftervolumen: 89CFM; Durchschnittliche Bel\u00fcftung 1 10 m3\/h.<\/p>\n<p>4. Einschlie\u00dflich antistatischer und gleitender Rutschhaufen-Stapelteppich.<\/p>\n<p>5. Integriert 2500 ~ 6000K nat\u00fcrliches Licht (Drei-Farben-Temperaturlicht*1) 100-240 V\/50-60 Hz Stromversorgung.<\/p>\n<p>6. Socket*1, Zwei-Positions-Switch*1, Netzwerkschnittstelle*1 USB-Port-Socket-Panel ist verf\u00fcgbar.<\/p>\n<p>7. Leicht- und Abgasschaltersteuerung separat.<\/p>\n<p>8. Stahlfeste Fu\u00dfbecher + Universalrad.<\/p>\n<p>9. Preis umfasst die gefaltete Tischplatte.<\/p>\n<\/div>\n<div>\n<h2>Merkmale und St\u00e4rke<\/h2>\n<div>\n<p>I.-Main-Material: Hochfestes Aluminiumprofil, Schalld\u00e4mmglas, Polyesterfaser-Schallabsorbing Board und Umweltschutz-Sperrholz.<\/p>\n<p>II.Soundsicheres und Schalld\u00e4mmung: Die Wand der B\u00fcrokapseln besteht aus schallabsorbierenden Baumwolle + umweltfreundlichem Sperrholz (hohlen Struktur) und 10 mm dickem, schalldichtem, temperamentvollem Glas. Der Index f\u00fcr Schalld\u00e4mmung und Rauschreduktion entspricht den Entwurfserwartungen.<\/p>\n<p>III.Verbiliert: Jedes B\u00fcroschoten wurde mit einem Labyrinth-Frischluftsystem vom Typ Labyrinth ausgestattet, das aus ultra-d\u00fcnn + ultra-projeer Frischluftl\u00fcfter + PD-Prinzip-Langzeit-Schall-Soot-Luftzirkulationskanal besteht, und es muss nur 3-5 Minuten lang eingeschaltet werden.<\/p>\n<p>IV.Lighting: Die Kabine ist mit 3000K-6000K-dreifarbigem Temperatur-Deckenleuchten ausgestattet, die im Grunde den Anforderungen der Kabinenbeleuchtung erf\u00fcllen k\u00f6nnen.<\/p>\n<p>V.100-240V Strom: Jeder B\u00fcroschoten ist mit 100-240 V\/50-60Hz ausgestattet.<\/p>\n<p>und 12 V-USB-Stromversorgungssystem, mit dem die Verwendung von elektrischen Mainstream-Ger\u00e4ten im Leben problemlos erf\u00fcllen kann.<\/p>\n<p>Vi.<\/p>\n<p>VII. Easy zu Montage: Wir haben unsere B\u00fcroschalen so gestaltet, dass wir leicht mit einem Team von 1-3-Problems mit nur einer Stromversorgung und einer Leiter zusammengestellt werden sollen.<\/p>\n<\/div>\n<\/div>","protected":false},"excerpt":{"rendered":"<p>Externe Erma\u00dfen: W1000*D900*H2348,5 mm<\/p>\n<p>Interne Erinnerungen: W870*D866*H2128 mm<\/p>\n<p>Gewicht -GW\/NW: 300 kg\/255 kg<\/p>\n<p>Palletisierungsdemensionen: W2230*D850*H1200 mm<\/p>\n<p>Volumen: 1,6 m\u00b3<\/p>","protected":false},"featured_media":460,"comment_status":"open","ping_status":"closed","template":"","meta":[],"product_cat":[25,26],"product_tag":[42,44,134,135,133,101,49,136],"class_list":{"0":"post-456","1":"product","2":"type-product","3":"status-publish","4":"has-post-thumbnail","6":"product_cat-office-booth","7":"product_cat-single-person-sound-proof-booth","8":"product_tag-acoustic-isolation-booth","9":"product_tag-noise-reduction-booth","10":"product_tag-personal-recording-booth","11":"product_tag-portable-soundproof-booth","12":"product_tag-s-series-booth","13":"product_tag-single-person-booth","14":"product_tag-soundproof-booth","15":"product_tag-vocal-isolation-booth","17":"first","18":"instock","19":"shipping-taxable","20":"product-type-simple"},"_links":{"self":[{"href":"https:\/\/www.happy-cheerme.com\/de\/wp-json\/wp\/v2\/product\/456","targetHints":{"allow":["GET"]}}],"collection":[{"href":"https:\/\/www.happy-cheerme.com\/de\/wp-json\/wp\/v2\/product"}],"about":[{"href":"https:\/\/www.happy-cheerme.com\/de\/wp-json\/wp\/v2\/types\/product"}],"replies":[{"embeddable":true,"href":"https:\/\/www.happy-cheerme.com\/de\/wp-json\/wp\/v2\/comments?post=456"}],"version-history":[{"count":1,"href":"https:\/\/www.happy-cheerme.com\/de\/wp-json\/wp\/v2\/product\/456\/revisions"}],"predecessor-version":[{"id":467,"href":"https:\/\/www.happy-cheerme.com\/de\/wp-json\/wp\/v2\/product\/456\/revisions\/467"}],"wp:featuredmedia":[{"embeddable":true,"href":"https:\/\/www.happy-cheerme.com\/de\/wp-json\/wp\/v2\/media\/460"}],"wp:attachment":[{"href":"https:\/\/www.happy-cheerme.com\/de\/wp-json\/wp\/v2\/media?parent=456"}],"wp:term":[{"taxonomy":"product_cat","embeddable":true,"href":"https:\/\/www.happy-cheerme.com\/de\/wp-json\/wp\/v2\/product_cat?post=456"},{"taxonomy":"product_tag","embeddable":true,"href":"https:\/\/www.happy-cheerme.com\/de\/wp-json\/wp\/v2\/product_tag?post=456"}],"curies":[{"name":"wp","href":"https:\/\/api.w.org\/{rel}","templated":true}]}}