{"id":434,"date":"2024-12-26T15:50:28","date_gmt":"2024-12-26T07:50:28","guid":{"rendered":"https:\/\/qin.gg12.globaldeepsea.site\/?post_type=product&#038;p=434"},"modified":"2024-12-30T16:57:49","modified_gmt":"2024-12-30T08:57:49","slug":"four-person-booth-c-furniture-matching","status":"publish","type":"product","link":"https:\/\/www.happy-cheerme.com\/de\/product\/four-person-booth-c-furniture-matching\/","title":{"rendered":"Vier-Personen-Stand-C-M\u00f6belanpassung"},"content":{"rendered":"<h2>Stoffmaterialien<\/h2>\n<p>I. Gabriel Fabrics: Entworfene Versicherung f\u00fcr Gesundheit und Sicherheit<br \/>\nGabriel entwirft Produkte, die zu gesunden Innenr\u00e4umen beitragen, die sowohl f\u00fcr die Gesundheit und Sicherheit der Benutzer sowie f\u00fcr die Umwelt hergestellt werden. Die Oeko-Tex- und EU-\u00d6kolabel-Anforderungen stellen die Mindeststandards von Gabriel dar und stellen Sie sicher, dass<br \/>\nUnsere Kunden erhalten immer nachhaltige, konsumentensichere und umweltfreundliche Stoffe. Dar\u00fcber hinaus bietet Gabriel auch eine umfassende Auswahl an Cradle to Cradle Certifict \u2122 -Fabriquien an.<\/p>\n<p>II. Unsere M\u00f6belgewebe Fastness zum Reiben von ISO 105 \u00d7 12-2016 durchgef\u00fchrte Tests:<\/p>\n<p><img fetchpriority=\"high\" decoding=\"async\" class=\"alignnone wp-image-736 size-large\" src=\"http:\/\/qin.gg12.globaldeepsea.site\/wp-content\/uploads\/2024\/12\/14-986x1024.jpg\" alt=\"\" width=\"800\" height=\"831\" srcset=\"https:\/\/www.happy-cheerme.com\/wp-content\/uploads\/2024\/12\/14-986x1024.jpg 986w, https:\/\/www.happy-cheerme.com\/wp-content\/uploads\/2024\/12\/14-289x300.jpg 289w, https:\/\/www.happy-cheerme.com\/wp-content\/uploads\/2024\/12\/14-768x798.jpg 768w, https:\/\/www.happy-cheerme.com\/wp-content\/uploads\/2024\/12\/14-600x623.jpg 600w, https:\/\/www.happy-cheerme.com\/wp-content\/uploads\/2024\/12\/14.jpg 1139w\" sizes=\"(max-width: 800px) 100vw, 800px\" \/><\/p>\n<p>iii.ous M\u00f6bel Stoff erhalten internationale Textil-\u00d6ko-Label<\/p>\n<p><img decoding=\"async\" class=\"alignnone wp-image-443\" src=\"http:\/\/qin.gg12.globaldeepsea.site\/wp-content\/uploads\/2024\/12\/cert.webp\" alt=\"\" width=\"786\" height=\"599\" srcset=\"https:\/\/www.happy-cheerme.com\/wp-content\/uploads\/2024\/12\/cert.webp 1006w, https:\/\/www.happy-cheerme.com\/wp-content\/uploads\/2024\/12\/cert-300x229.webp 300w, https:\/\/www.happy-cheerme.com\/wp-content\/uploads\/2024\/12\/cert-768x586.webp 768w, https:\/\/www.happy-cheerme.com\/wp-content\/uploads\/2024\/12\/cert-600x457.webp 600w\" sizes=\"(max-width: 786px) 100vw, 786px\" \/><\/p>\n<h2>Materialmarken und Zertifikate<\/h2>\n<p><img decoding=\"async\" class=\"alignnone wp-image-400\" src=\"http:\/\/qin.gg12.globaldeepsea.site\/wp-content\/uploads\/2024\/12\/1-283x300.webp\" alt=\"\" width=\"228\" height=\"242\" srcset=\"https:\/\/www.happy-cheerme.com\/wp-content\/uploads\/2024\/12\/1-283x300.webp 283w, https:\/\/www.happy-cheerme.com\/wp-content\/uploads\/2024\/12\/1-600x637.webp 600w, https:\/\/www.happy-cheerme.com\/wp-content\/uploads\/2024\/12\/1.webp 720w\" sizes=\"(max-width: 228px) 100vw, 228px\" \/><img loading=\"lazy\" decoding=\"async\" class=\"alignnone wp-image-401\" src=\"http:\/\/qin.gg12.globaldeepsea.site\/wp-content\/uploads\/2024\/12\/2-300x211.webp\" alt=\"\" width=\"270\" height=\"190\" srcset=\"https:\/\/www.happy-cheerme.com\/wp-content\/uploads\/2024\/12\/2-300x211.webp 300w, https:\/\/www.happy-cheerme.com\/wp-content\/uploads\/2024\/12\/2.webp 500w\" sizes=\"(max-width: 270px) 100vw, 270px\" \/><img loading=\"lazy\" decoding=\"async\" class=\"alignnone wp-image-402\" src=\"http:\/\/qin.gg12.globaldeepsea.site\/wp-content\/uploads\/2024\/12\/3-300x194.webp\" alt=\"\" width=\"243\" height=\"157\" srcset=\"https:\/\/www.happy-cheerme.com\/wp-content\/uploads\/2024\/12\/3-300x194.webp 300w, https:\/\/www.happy-cheerme.com\/wp-content\/uploads\/2024\/12\/3.webp 358w\" sizes=\"(max-width: 243px) 100vw, 243px\" \/><\/p>\n<p><img loading=\"lazy\" decoding=\"async\" class=\"alignnone wp-image-403\" src=\"http:\/\/qin.gg12.globaldeepsea.site\/wp-content\/uploads\/2024\/12\/4-300x205.webp\" alt=\"\" width=\"234\" height=\"160\" srcset=\"https:\/\/www.happy-cheerme.com\/wp-content\/uploads\/2024\/12\/4-300x205.webp 300w, https:\/\/www.happy-cheerme.com\/wp-content\/uploads\/2024\/12\/4.webp 354w\" sizes=\"(max-width: 234px) 100vw, 234px\" \/><img loading=\"lazy\" decoding=\"async\" class=\"alignnone wp-image-404\" src=\"http:\/\/qin.gg12.globaldeepsea.site\/wp-content\/uploads\/2024\/12\/5-300x65.webp\" alt=\"\" width=\"279\" height=\"60\" srcset=\"https:\/\/www.happy-cheerme.com\/wp-content\/uploads\/2024\/12\/5-300x65.webp 300w, https:\/\/www.happy-cheerme.com\/wp-content\/uploads\/2024\/12\/5.webp 339w\" sizes=\"(max-width: 279px) 100vw, 279px\" \/><img loading=\"lazy\" decoding=\"async\" class=\"alignnone wp-image-405\" src=\"http:\/\/qin.gg12.globaldeepsea.site\/wp-content\/uploads\/2024\/12\/6-300x224.webp\" alt=\"\" width=\"237\" height=\"177\" srcset=\"https:\/\/www.happy-cheerme.com\/wp-content\/uploads\/2024\/12\/6-300x224.webp 300w, https:\/\/www.happy-cheerme.com\/wp-content\/uploads\/2024\/12\/6-1024x766.webp 1024w, https:\/\/www.happy-cheerme.com\/wp-content\/uploads\/2024\/12\/6-768x575.webp 768w, https:\/\/www.happy-cheerme.com\/wp-content\/uploads\/2024\/12\/6-1536x1149.webp 1536w, https:\/\/www.happy-cheerme.com\/wp-content\/uploads\/2024\/12\/6-2048x1532.webp 2048w, https:\/\/www.happy-cheerme.com\/wp-content\/uploads\/2024\/12\/6-600x449.webp 600w\" sizes=\"(max-width: 237px) 100vw, 237px\" \/><\/p>","protected":false},"excerpt":{"rendered":"<p>Runder Tisch<\/p>\n<p>Gr\u00f6\u00dfe: W750*D750*H350 mm<\/p>\n<p>Tabellenplatine: MFC -Konfiguration, 25mm E1 -Partikettsplatine Melaminfurnier<\/p>\n<p>Tischbeine: Stahlpulverbeschichtete Beine<\/p>\n<p>Farbe: Wei\u00dfer MFC<\/p>\n<p>Gr\u00f6\u00dfe: W450*D450*H430 mm<\/p>\n<p>Polsterung: Styropor integrierter Formliner + Polyurethanschaumf\u00f6rmiger Baumwolle<\/p>\n<p>Handwerkskunst:<\/p>\n<p>Importiertes Stoffverpackung, obere und untere zweifarbige Stoffn\u00e4hte Eingewinde Gehensnadel-Prozess N\u00e4hen, der obere Bogen-Doppelgewinde-Gehensnadel-Prozess, zwei Ziehen, Einzelfaden-Gehennadel-Prozess-N\u00e4hqualit\u00e4t First Layer Cow Leder Leder<\/p>\n<p>Stoff: Gabriel\/Mozart -Serie<\/p>\n<p>Leder: Das Griffmaterial besteht aus Le-L 1217 Leder<\/p>\n<p>HINWEIS: Nur auf Lager erh\u00e4ltlich, bitte wenden Sie sich an, bevor Sie eine Bestellung aufgeben.<\/p>\n<p>Gr\u00f6\u00dfe: W1800*D600*H720 (SH430) mm<\/p>\n<p>Sofa: Holzrahmen + Schwammf\u00fcllung + Stoffverpackung<\/p>\n<p>Sitz und R\u00fcckseite:<\/p>\n<p>\u2460 Weiches Paket: Importierter erstklassiger Umweltschutzgewebe, Hand gen\u00e4ht<\/p>\n<p>\u2461 Schwamm: Schwamm hoher Belastbarkeit, Mehrschichtkonfiguration verschiedener Dichten, die Oberfl\u00e4che der d\u00fcnnen Seidenbaumwolle, um den Komfort des Sitzes zu erh\u00f6hen<\/p>\n<p>Bein: Schwarze Beschichtung<\/p>\n<p><img loading=\"lazy\" decoding=\"async\" class=\"alignnone size-medium wp-image-661\" src=\"http:\/\/qin.gg12.globaldeepsea.site\/wp-content\/uploads\/2024\/12\/1-3-300x300.webp\" alt=\"\" width=\"300\" height=\"300\" srcset=\"https:\/\/www.happy-cheerme.com\/wp-content\/uploads\/2024\/12\/1-3-300x300.webp 300w, https:\/\/www.happy-cheerme.com\/wp-content\/uploads\/2024\/12\/1-3-150x150.webp 150w, https:\/\/www.happy-cheerme.com\/wp-content\/uploads\/2024\/12\/1-3-100x100.webp 100w, https:\/\/www.happy-cheerme.com\/wp-content\/uploads\/2024\/12\/1-3.webp 317w\" sizes=\"(max-width: 300px) 100vw, 300px\" \/> <img loading=\"lazy\" decoding=\"async\" class=\"alignnone size-medium wp-image-662\" src=\"http:\/\/qin.gg12.globaldeepsea.site\/wp-content\/uploads\/2024\/12\/2-6-300x300.webp\" alt=\"\" width=\"300\" height=\"300\" srcset=\"https:\/\/www.happy-cheerme.com\/wp-content\/uploads\/2024\/12\/2-6-300x300.webp 300w, https:\/\/www.happy-cheerme.com\/wp-content\/uploads\/2024\/12\/2-6-150x150.webp 150w, https:\/\/www.happy-cheerme.com\/wp-content\/uploads\/2024\/12\/2-6-100x100.webp 100w, https:\/\/www.happy-cheerme.com\/wp-content\/uploads\/2024\/12\/2-6.webp 398w\" sizes=\"(max-width: 300px) 100vw, 300px\" \/><img loading=\"lazy\" decoding=\"async\" class=\"alignnone size-medium wp-image-664\" src=\"http:\/\/qin.gg12.globaldeepsea.site\/wp-content\/uploads\/2024\/12\/3-7-300x300.webp\" alt=\"\" width=\"300\" height=\"300\" srcset=\"https:\/\/www.happy-cheerme.com\/wp-content\/uploads\/2024\/12\/3-7-300x300.webp 300w, https:\/\/www.happy-cheerme.com\/wp-content\/uploads\/2024\/12\/3-7-150x150.webp 150w, https:\/\/www.happy-cheerme.com\/wp-content\/uploads\/2024\/12\/3-7-100x100.webp 100w, https:\/\/www.happy-cheerme.com\/wp-content\/uploads\/2024\/12\/3-7.webp 310w\" sizes=\"(max-width: 300px) 100vw, 300px\" \/><\/p>\n<p>Dimension: W2200*D1970*H2280 (mm)<\/p>","protected":false},"featured_media":435,"comment_status":"open","ping_status":"closed","template":"","meta":[],"product_cat":[16],"product_tag":[36,137,138,140,139,109,32,34],"class_list":{"0":"post-434","1":"product","2":"type-product","3":"status-publish","4":"has-post-thumbnail","6":"product_cat-office-booth-furniture","7":"product_tag-booth-seating","8":"product_tag-c-furniture","9":"product_tag-commercial-furniture","10":"product_tag-custom-furniture","11":"product_tag-dining-booth","12":"product_tag-four-person-booth","13":"product_tag-furniture-matching","14":"product_tag-restaurant-booth","16":"first","17":"instock","18":"shipping-taxable","19":"product-type-simple"},"_links":{"self":[{"href":"https:\/\/www.happy-cheerme.com\/de\/wp-json\/wp\/v2\/product\/434","targetHints":{"allow":["GET"]}}],"collection":[{"href":"https:\/\/www.happy-cheerme.com\/de\/wp-json\/wp\/v2\/product"}],"about":[{"href":"https:\/\/www.happy-cheerme.com\/de\/wp-json\/wp\/v2\/types\/product"}],"replies":[{"embeddable":true,"href":"https:\/\/www.happy-cheerme.com\/de\/wp-json\/wp\/v2\/comments?post=434"}],"version-history":[{"count":7,"href":"https:\/\/www.happy-cheerme.com\/de\/wp-json\/wp\/v2\/product\/434\/revisions"}],"predecessor-version":[{"id":890,"href":"https:\/\/www.happy-cheerme.com\/de\/wp-json\/wp\/v2\/product\/434\/revisions\/890"}],"wp:featuredmedia":[{"embeddable":true,"href":"https:\/\/www.happy-cheerme.com\/de\/wp-json\/wp\/v2\/media\/435"}],"wp:attachment":[{"href":"https:\/\/www.happy-cheerme.com\/de\/wp-json\/wp\/v2\/media?parent=434"}],"wp:term":[{"taxonomy":"product_cat","embeddable":true,"href":"https:\/\/www.happy-cheerme.com\/de\/wp-json\/wp\/v2\/product_cat?post=434"},{"taxonomy":"product_tag","embeddable":true,"href":"https:\/\/www.happy-cheerme.com\/de\/wp-json\/wp\/v2\/product_tag?post=434"}],"curies":[{"name":"wp","href":"https:\/\/api.w.org\/{rel}","templated":true}]}}